{"id":7474,"date":"2024-02-20T10:56:11","date_gmt":"2024-02-20T10:56:11","guid":{"rendered":"https:\/\/nomadacademy.org\/?page_id=7474"},"modified":"2024-02-23T08:38:36","modified_gmt":"2024-02-23T08:38:36","slug":"community-guidelines","status":"publish","type":"page","link":"https:\/\/nomadacademy.org\/fr\/community-guidelines\/","title":{"rendered":"R\u00e8gles communautaires"},"content":{"rendered":"<div data-elementor-type=\"wp-page\" data-elementor-id=\"7474\" class=\"elementor elementor-7474\" data-elementor-post-type=\"page\">\n\t\t\t\t\t\t<section class=\"elementor-section elementor-top-section elementor-element elementor-element-49526f96 elementor-section-boxed elementor-section-height-default elementor-section-height-default\" data-id=\"49526f96\" data-element_type=\"section\" data-e-type=\"section\">\n\t\t\t\t\t\t<div class=\"elementor-container elementor-column-gap-default\">\n\t\t\t\t\t<div class=\"elementor-column elementor-col-100 elementor-top-column elementor-element elementor-element-368e4eb5\" data-id=\"368e4eb5\" data-element_type=\"column\" data-e-type=\"column\">\n\t\t\t<div class=\"elementor-widget-wrap elementor-element-populated\">\n\t\t\t\t\t\t<div class=\"elementor-element elementor-element-31a6400a elementor-widget elementor-widget-text-editor\" data-id=\"31a6400a\" data-element_type=\"widget\" data-e-type=\"widget\" data-widget_type=\"text-editor.default\">\n\t\t\t\t<div class=\"elementor-widget-container\">\n\t\t\t\t\t<div class=\"bb-theme-elementor-wrap bb-elementor-custom-color\">\t\t\t\t<p><\/p>\n<h2 class=\"wp-block-heading\">What are Nomad Academy\u2019s Community Guidelines?<\/h2>\n<p><\/p>\n<p><\/p>\n<p>Updated\u00a020 Feb 2024<\/p>\n<p><\/p>\n<p><\/p>\n<p>La mission de Nomad Academy est d&#039;offrir une formation aux m\u00e9dias gratuite et de calibre international aux croyants du monde entier qui souhaitent utiliser les m\u00e9dias pour partager l&#039;\u00c9vangile, et l&#039;objectif de ces directives communautaires est de fournir un environnement accueillant o\u00f9 chacun se sent \u00e0 l&#039;aise d&#039;apprendre.\u00a0\u00a0<\/p>\n<p><\/p>\n<p><\/p>\n<h2 class=\"wp-block-heading\"><strong>Comment pouvez-vous m&#039;aider ?<\/strong><\/h2>\n<p><\/p>\n<p><\/p>\n<p><strong>Donnez une excellente r\u00e9ponse<\/strong><\/p>\n<p><\/p>\n<p><\/p>\n<ul class=\"wp-block-list\"><p><\/p>\n<li>We\u2019re teaching each other \u2013 so, instead of responding with \u201cYes\u201d or \u201cNo\u201d, share your answer the way your favorite teacher would! Give complete answers that are easy to understand.<\/li>\n<p><\/p>\n<p><\/p>\n<li>N&#039;oubliez pas que vous aussi, vous avez \u00e9t\u00e9 d\u00e9butant ! Soyez patient et prenez le temps d&#039;accueillir chaleureusement les nouveaux utilisateurs et de les accompagner dans leur apprentissage. Partagez vos astuces et conseils pour utiliser Nomad Academy.<\/li>\n<p><\/p>\n<p><\/p>\n<li>Le cas \u00e9ch\u00e9ant, il peut \u00eatre utile de partager des liens vers des ressources suppl\u00e9mentaires susceptibles d&#039;int\u00e9resser les lecteurs (comme des articles de notre site).\u00a0<a href=\"https:\/\/*\">Centre d&#039;aide<\/a> \u2013 <u><b>Page bient\u00f4t disponible<\/b><\/u> -).<\/li>\n<p><\/p><\/ul>\n<p><\/p>\n<p><\/p>\n<p><strong>Soyez autosuffisant<\/strong><\/p>\n<p><\/p>\n<p><\/p>\n<ul class=\"wp-block-list\"><p><\/p>\n<li>Before asking a question, do a quick check to see if it\u2019s been asked before. If it has, add your comment in the existing thread, or vote someone else\u2019s comment up. You can also find great resources in our\u00a0Help Center\u00a0and\u00a0Support Community.<\/li>\n<p><\/p>\n<p><\/p>\n<li>If someone has already answered a question, don\u2019t repeat their answer \u2013 upvote it instead.<\/li>\n<p><\/p><\/ul>\n<p><\/p>\n<p><\/p>\n<h2 class=\"wp-block-heading\"><strong>Here\u2019s what to avoid:<\/strong><\/h2>\n<p><\/p>\n<p><\/p>\n<p><strong>Commentaires de mauvaise qualit\u00e9<\/strong><\/p>\n<p><\/p>\n<p><\/p>\n<ul class=\"wp-block-list\"><p><\/p>\n<li>Cela inclut les r\u00e9ponses en double, les absurdit\u00e9s, les spams ou les publications r\u00e9p\u00e9titives, les publicit\u00e9s, les liens de mauvaise qualit\u00e9, les demandes d&#039;abonnement ou de vote positif pour vos publications, et tout contenu contenant un langage offensant.<\/li>\n<p><\/p>\n<p><\/p>\n<li>Tout comportement grossier ou irrespectueux envers un autre membre de la Nomad Academy, y compris les b\u00e9n\u00e9voles et le personnel, est proscrit. L&#039;usurpation d&#039;identit\u00e9 est \u00e9galement interdite.<\/li>\n<p><\/p>\n<p><\/p>\n<li>In general, if you\u2019re not comfortable with a coach or mentor reading what you\u2019re writing, it\u2019s best not to post it. \u00a0Remember that Nomad Academy is used by learners of all ages, and we expect everyone\u2019s comments to reflect that.<\/li>\n<p><\/p><\/ul>\n<p><\/p>\n<p><\/p>\n<p><strong>Discussions hors sujet<\/strong><\/p>\n<p><\/p>\n<p><\/p>\n<ul class=\"wp-block-list\"><p><\/p>\n<li>Keep the conversations relevant to the subject that you\u2019re posting in. Questions and comments not related to nomadacademy.org subject content should be posted in the appropriate subforum in the\u00a0Support Community.\u00a0 <\/li>\n<p><\/p>\n<p><\/p>\n<li>Since Nomad Academy is focused on learning and ministry above all else, we ask that discussion about Christianity and media study is encouraged. \u00a0There are many places on the internet where these discussions are very welcome, but we\u2019ve found these topics to be largely distracting on Nomad Academy.\n<ul class=\"wp-block-list\"><p><\/p>\n<li><strong>Note:<\/strong>\u00a0Des exceptions peuvent \u00eatre faites pour certains contenus en sciences humaines (comme l&#039;histoire), mais veuillez prendre une minute avant de publier pour vous assurer que vos commentaires sont v\u00e9ritablement dans l&#039;int\u00e9r\u00eat de la communaut\u00e9.<\/li>\n<p><\/p><\/ul>\n<p><\/p><\/li>\n<p><\/p>\n<p><\/p>\n<li>Don\u2019t solicit personal information from others (this includes real names, email addresses, ages, locations, and anything else that someone might want\u00a0to keep private), or post personal information that isn\u2019t appropriate to share publicly.<\/li>\n<p><\/p><\/ul>\n<p><\/p>\n<p><\/p>\n<p>Le non-respect de ces directives peut entra\u00eener la suppression de la publication, la suspension du droit de commenter et d&#039;autres mesures administratives.<\/p>\n<p><\/p>\n<p><\/p>\n<h2 class=\"wp-block-heading\"><strong>Pourquoi ai-je \u00e9t\u00e9 banni ?<\/strong><\/h2>\n<p><\/p>\n<p><\/p>\n<p>In general, users who persistently violate Nomad Academy\u2019s Community Guidelines may be banned from community activities by a Guardian. If you\u2019d like specific information about why your account was banned, or if you\u2019d like to submit a ban appeal, please fill out and submit a\u00a0Ban Appeal Form.<\/p>\n<p><\/p>\n<p><\/p>\n<p>A Guardian will review your request and respond to you via a Guardian message on your profile.\u00a0Please note that we receive lots of ban appeal requests, so it may take several days to receive a response.<\/p>\n<p><\/p>\n<p><\/p>\n<ul class=\"wp-block-list\"><p><\/p>\n<li><\/li>\n<p><\/p><\/ul>\n<p><\/p>\t\t\t\t<\/div>\t\t\t\t<\/div>\n\t\t\t\t<\/div>\n\t\t\t\t\t<\/div>\n\t\t<\/div>\n\t\t\t\t\t<\/div>\n\t\t<\/section>\n\t\t\t\t<\/div>","protected":false},"excerpt":{"rendered":"<p>What are Nomad Academy\u2019s Community Guidelines? Updated\u00a020 Feb 2024 The mission of Nomad Academy is to provide a free, world-class media education for believers, anywhere,\u2026<\/p>","protected":false},"author":20,"featured_media":0,"parent":0,"menu_order":0,"comment_status":"closed","ping_status":"closed","template":"","meta":{"_uf_show_specific_survey":0,"_uf_disable_surveys":false,"footnotes":""},"class_list":["post-7474","page","type-page","status-publish","hentry"],"bb_access":{"can_access":true,"restrict_message":null},"_links":{"self":[{"href":"https:\/\/nomadacademy.org\/fr\/wp-json\/wp\/v2\/pages\/7474","targetHints":{"allow":["GET"]}}],"collection":[{"href":"https:\/\/nomadacademy.org\/fr\/wp-json\/wp\/v2\/pages"}],"about":[{"href":"https:\/\/nomadacademy.org\/fr\/wp-json\/wp\/v2\/types\/page"}],"author":[{"embeddable":true,"href":"https:\/\/nomadacademy.org\/fr\/wp-json\/wp\/v2\/users\/20"}],"replies":[{"embeddable":true,"href":"https:\/\/nomadacademy.org\/fr\/wp-json\/wp\/v2\/comments?post=7474"}],"version-history":[{"count":0,"href":"https:\/\/nomadacademy.org\/fr\/wp-json\/wp\/v2\/pages\/7474\/revisions"}],"wp:attachment":[{"href":"https:\/\/nomadacademy.org\/fr\/wp-json\/wp\/v2\/media?parent=7474"}],"curies":[{"name":"wp","href":"https:\/\/api.w.org\/{rel}","templated":true}]}}