{"id":510,"date":"2021-03-29T17:38:29","date_gmt":"2021-03-29T17:38:29","guid":{"rendered":"http:\/\/nomadacademy.org\/?page_id=510"},"modified":"2022-08-02T15:26:23","modified_gmt":"2022-08-02T15:26:23","slug":"my-dashboard","status":"publish","type":"page","link":"https:\/\/nomadacademy.org\/fr\/my-dashboard\/","title":{"rendered":"Mon tableau de bord"},"content":{"rendered":"<div data-elementor-type=\"wp-page\" data-elementor-id=\"510\" class=\"elementor elementor-510\" data-elementor-post-type=\"page\">\n\t\t\t\t\t\t<section class=\"elementor-section elementor-top-section elementor-element elementor-element-5d6f22e1 elementor-section-boxed elementor-section-height-default elementor-section-height-default\" data-id=\"5d6f22e1\" data-element_type=\"section\" data-e-type=\"section\">\n\t\t\t\t\t\t<div class=\"elementor-container elementor-column-gap-default\">\n\t\t\t\t\t<div class=\"elementor-column elementor-col-50 elementor-top-column elementor-element elementor-element-4358f881\" data-id=\"4358f881\" data-element_type=\"column\" data-e-type=\"column\">\n\t\t\t<div class=\"elementor-widget-wrap elementor-element-populated\">\n\t\t\t\t\t\t\t<\/div>\n\t\t<\/div>\n\t\t\t\t<div class=\"elementor-column elementor-col-50 elementor-top-column elementor-element elementor-element-495c9942\" data-id=\"495c9942\" data-element_type=\"column\" data-e-type=\"column\">\n\t\t\t<div class=\"elementor-widget-wrap elementor-element-populated\">\n\t\t\t\t\t\t\t<\/div>\n\t\t<\/div>\n\t\t\t\t\t<\/div>\n\t\t<\/section>\n\t\t\t\t<section class=\"elementor-section elementor-top-section elementor-element elementor-element-183c8da2 elementor-section-boxed elementor-section-height-default elementor-section-height-default\" data-id=\"183c8da2\" data-element_type=\"section\" data-e-type=\"section\">\n\t\t\t\t\t\t<div class=\"elementor-container elementor-column-gap-default\">\n\t\t\t\t\t<div class=\"elementor-column elementor-col-100 elementor-top-column elementor-element elementor-element-56b10e5a\" data-id=\"56b10e5a\" data-element_type=\"column\" data-e-type=\"column\">\n\t\t\t<div class=\"elementor-widget-wrap elementor-element-populated\">\n\t\t\t\t\t\t<div class=\"elementor-element elementor-element-421a336e elementor-cta--dash-grid-above elementor-widget elementor-widget-bbp-dashboard-grid\" data-id=\"421a336e\" data-element_type=\"widget\" data-e-type=\"widget\" data-widget_type=\"bbp-dashboard-grid.default\">\n\t\t\t\t<div class=\"elementor-widget-container\">\n\t\t\t\t\t\n\t\t<div class=\"bb-dash-grid\">\n\t\t\t<div class=\"bb-dash-grid__frame bb-dash-grid__cols-3 flex flex-wrap\">\n\n\t\t\t\n\t\t\t\n\t\t\t\t\t\t\t\n\t\t\t\t\n\t\t\t\t\t<div class=\"bb-dash-grid__block bb-dash-grid__sep\">\n\n\t\t\t\t\t\t<a class=\"bb-dash-grid__link\" href=\"\/fr\/courses\/\" target=\"\" rel=\"\">\t\t\t\t\t\t\n\t\t\t\t\t\t\t<div class=\"bb-dash-grid__inner is-sep\" >\t\n\n\t\t\t\t\t\t\t\t\t\t\t\t\t\t\t\t\t<div class=\"bb-dash-grid__image square\">\n\t\t\t\t\t\t\t\t\t\t<img decoding=\"async\" src=\"https:\/\/nomadacademy.org\/wp-content\/uploads\/2021\/03\/bb-dash-icon-01-courses-300x300.png\" alt=\"Courses\" \/>\t\t\t\t\t\t\t\t\t<\/div>\n\t\t\t\t\t\t\t\t\t\t\t\t\t\t\t\t<div class=\"bb-dash-grid__body\">\n\t\t\t\t\t\t\t\t\t<div class=\"bb-dash-grid__title\">\n\t\t\t\t\t\t\t\t\t\t\t\t\t\t\t\t\t\t\t\t\t<h2>Cours<\/h2>\n\t\t\t\t\t\t\t\t\t\t\t\t\t\t\t\t\t\t\t<\/div>\n\t\t\t\t\t\t\t\t\t\t\t\t\t\t\t\t\t\t\t\t\t\t\t\t\t\t\t\t<span class=\"bb-dash-grid__ico\"><i class=\"bb-icon-l bb-icon-angle-right\"><\/i><\/span>\n\t\t\t\t\t\t\t\t\t\t\t\t\t\t\t\t\t<\/div>\n\n\t\t\t\t\t\t\t<\/div>\n\n\t\t\t\t\t\t<\/a>\n\t\t\t\t\t<\/div>\n\n\t\t\t\t\t\t\t\t\t\t\t\n\t\t\t\t\n\t\t\t\t\t<div class=\"bb-dash-grid__block bb-dash-grid__sep\">\n\n\t\t\t\t\t\t<a class=\"bb-dash-grid__link\" href=\"\/fr\/forums\/\" target=\"\" rel=\"\">\t\t\t\t\t\t\n\t\t\t\t\t\t\t<div class=\"bb-dash-grid__inner is-sep\" >\t\n\n\t\t\t\t\t\t\t\t\t\t\t\t\t\t\t\t\t<div class=\"bb-dash-grid__image square\">\n\t\t\t\t\t\t\t\t\t\t<img decoding=\"async\" src=\"https:\/\/nomadacademy.org\/wp-content\/uploads\/2021\/03\/bb-dash-icon-02-forum-1-300x300.png\" alt=\"Discussion Forums\" \/>\t\t\t\t\t\t\t\t\t<\/div>\n\t\t\t\t\t\t\t\t\t\t\t\t\t\t\t\t<div class=\"bb-dash-grid__body\">\n\t\t\t\t\t\t\t\t\t<div class=\"bb-dash-grid__title\">\n\t\t\t\t\t\t\t\t\t\t\t\t\t\t\t\t\t\t\t\t\t<h2>Forums de discussion<\/h2>\n\t\t\t\t\t\t\t\t\t\t\t\t\t\t\t\t\t\t\t<\/div>\n\t\t\t\t\t\t\t\t\t\t\t\t\t\t\t\t\t\t\t\t\t\t\t\t\t\t\t\t<span class=\"bb-dash-grid__ico\"><i class=\"bb-icon-l bb-icon-angle-right\"><\/i><\/span>\n\t\t\t\t\t\t\t\t\t\t\t\t\t\t\t\t\t<\/div>\n\n\t\t\t\t\t\t\t<\/div>\n\n\t\t\t\t\t\t<\/a>\n\t\t\t\t\t<\/div>\n\n\t\t\t\t\t\t\t\t\t\t\t\n\t\t\t\t\n\t\t\t\t\t<div class=\"bb-dash-grid__block bb-dash-grid__sep\">\n\n\t\t\t\t\t\t<a class=\"bb-dash-grid__link\" href=\"\/fr\/groups\/\" target=\"\" rel=\"\">\t\t\t\t\t\t\n\t\t\t\t\t\t\t<div class=\"bb-dash-grid__inner is-sep\" >\t\n\n\t\t\t\t\t\t\t\t\t\t\t\t\t\t\t\t\t<div class=\"bb-dash-grid__image square\">\n\t\t\t\t\t\t\t\t\t\t<img decoding=\"async\" src=\"https:\/\/nomadacademy.org\/wp-content\/uploads\/2021\/03\/bb-dash-icon-03-members-300x300.png\" alt=\"Social Groups\" \/>\t\t\t\t\t\t\t\t\t<\/div>\n\t\t\t\t\t\t\t\t\t\t\t\t\t\t\t\t<div class=\"bb-dash-grid__body\">\n\t\t\t\t\t\t\t\t\t<div class=\"bb-dash-grid__title\">\n\t\t\t\t\t\t\t\t\t\t\t\t\t\t\t\t\t\t\t\t\t<h2>Groupes sociaux<\/h2>\n\t\t\t\t\t\t\t\t\t\t\t\t\t\t\t\t\t\t\t<\/div>\n\t\t\t\t\t\t\t\t\t\t\t\t\t\t\t\t\t\t\t\t\t\t\t\t\t\t\t\t<span class=\"bb-dash-grid__ico\"><i class=\"bb-icon-l bb-icon-angle-right\"><\/i><\/span>\n\t\t\t\t\t\t\t\t\t\t\t\t\t\t\t\t\t<\/div>\n\n\t\t\t\t\t\t\t<\/div>\n\n\t\t\t\t\t\t<\/a>\n\t\t\t\t\t<\/div>\n\n\t\t\t\t\t\t\t\t\t\t<\/div>\n\t\t<\/div>\n\n\t\t\t\t\t\t<\/div>\n\t\t\t\t<\/div>\n\t\t\t\t\t<\/div>\n\t\t<\/div>\n\t\t\t\t\t<\/div>\n\t\t<\/section>\n\t\t\t\t<section class=\"elementor-section elementor-top-section elementor-element elementor-element-6b9a1828 elementor-section-boxed elementor-section-height-default elementor-section-height-default\" data-id=\"6b9a1828\" data-element_type=\"section\" data-e-type=\"section\">\n\t\t\t\t\t\t<div class=\"elementor-container elementor-column-gap-default\">\n\t\t\t\t\t<div class=\"elementor-column elementor-col-100 elementor-top-column elementor-element elementor-element-32e912ac\" data-id=\"32e912ac\" data-element_type=\"column\" data-e-type=\"column\">\n\t\t\t<div class=\"elementor-widget-wrap elementor-element-populated\">\n\t\t\t\t\t\t<div class=\"elementor-element elementor-element-755ad0d elementor-widget elementor-widget-heading\" data-id=\"755ad0d\" data-element_type=\"widget\" data-e-type=\"widget\" data-widget_type=\"heading.default\">\n\t\t\t\t<div class=\"elementor-widget-container\">\n\t\t\t\t\t<h2 class=\"elementor-heading-title elementor-size-default\">Reprenez l\u00e0 o\u00f9 vous vous \u00eates arr\u00eat\u00e9.<\/h2>\t\t\t\t<\/div>\n\t\t\t\t<\/div>\n\t\t\t\t\t<\/div>\n\t\t<\/div>\n\t\t\t\t\t<\/div>\n\t\t<\/section>\n\t\t\t\t<section class=\"elementor-section elementor-top-section elementor-element elementor-element-6bc2acf4 elementor-section-boxed elementor-section-height-default elementor-section-height-default\" data-id=\"6bc2acf4\" data-element_type=\"section\" data-e-type=\"section\">\n\t\t\t\t\t\t<div class=\"elementor-container elementor-column-gap-default\">\n\t\t\t\t\t<div class=\"elementor-column elementor-col-66 elementor-top-column elementor-element elementor-element-3951ddb3\" data-id=\"3951ddb3\" data-element_type=\"column\" data-e-type=\"column\">\n\t\t\t<div class=\"elementor-widget-wrap elementor-element-populated\">\n\t\t\t\t\t\t<div class=\"elementor-element elementor-element-23bf6046 elementor-cta--falign-left dots--align-left elementor-cta--la-my-align-right elementor-widget elementor-widget-ld-activity\" data-id=\"23bf6046\" data-element_type=\"widget\" data-e-type=\"widget\" data-widget_type=\"ld-activity.default\">\n\t\t\t\t<div class=\"elementor-widget-container\">\n\t\t\t\t\t\n\n<div dir=\"ltr\" class=\"bb-ldactivity bb-ldactivity--ismy\">\n    \n\n                <div class=\"bb-ldactivity__blank\">\n                <div class=\"bb-no-data bb-no-data--ld-activity\">\n                    <img decoding=\"async\" class=\"bb-no-data__image\" src=\"https:\/\/nomadacademy.org\/wp-content\/themes\/buddyboss-theme\/assets\/images\/svg\/dfy-no-data-icon04.svg\" alt=\"Learndash Activity\" \/>\n                                            <div class=\"bb-no-data__msg\">Vous n&#039;\u00eates pas connect\u00e9.<\/div>\n                                                                                            <a href=\"https:\/\/nomadacademy.org\/fr\/courses\/\" class=\"bb-no-data__link\">\n                                                    Explorer les cours                        <\/a>\n                                    <\/div>\n            <\/div>\n    \n<\/div>\t\t\t\t<\/div>\n\t\t\t\t<\/div>\n\t\t\t\t\t<\/div>\n\t\t<\/div>\n\t\t\t\t<div class=\"elementor-column elementor-col-33 elementor-top-column elementor-element elementor-element-45237b9\" data-id=\"45237b9\" data-element_type=\"column\" data-e-type=\"column\">\n\t\t\t<div class=\"elementor-widget-wrap\">\n\t\t\t\t\t\t\t<\/div>\n\t\t<\/div>\n\t\t\t\t\t<\/div>\n\t\t<\/section>\n\t\t\t\t<\/div>","protected":false},"excerpt":{"rendered":"<p>Bonjour DJ, bienvenue sur votre tableau de bord\u00a0! Cours Forums de discussion Groupes sociaux Reprenez l\u00e0 o\u00f9 vous vous \u00eates arr\u00eat\u00e9 Voir mes cours IV. Partage de vos m\u00e9dias Sujet\u2026<\/p>","protected":false},"author":1,"featured_media":0,"parent":0,"menu_order":0,"comment_status":"closed","ping_status":"closed","template":"elementor_header_footer","meta":{"_uf_show_specific_survey":0,"_uf_disable_surveys":false,"footnotes":""},"class_list":["post-510","page","type-page","status-publish","hentry"],"app_access":{"can_access":true,"restrict_message":null},"_links":{"self":[{"href":"https:\/\/nomadacademy.org\/fr\/wp-json\/wp\/v2\/pages\/510","targetHints":{"allow":["GET"]}}],"collection":[{"href":"https:\/\/nomadacademy.org\/fr\/wp-json\/wp\/v2\/pages"}],"about":[{"href":"https:\/\/nomadacademy.org\/fr\/wp-json\/wp\/v2\/types\/page"}],"author":[{"embeddable":true,"href":"https:\/\/nomadacademy.org\/fr\/wp-json\/wp\/v2\/users\/1"}],"replies":[{"embeddable":true,"href":"https:\/\/nomadacademy.org\/fr\/wp-json\/wp\/v2\/comments?post=510"}],"version-history":[{"count":0,"href":"https:\/\/nomadacademy.org\/fr\/wp-json\/wp\/v2\/pages\/510\/revisions"}],"wp:attachment":[{"href":"https:\/\/nomadacademy.org\/fr\/wp-json\/wp\/v2\/media?parent=510"}],"curies":[{"name":"wp","href":"https:\/\/api.w.org\/{rel}","templated":true}]}}