{"id":3850,"date":"2022-09-27T18:05:49","date_gmt":"2022-09-27T18:05:49","guid":{"rendered":"https:\/\/nomadacademy.org\/?page_id=3850"},"modified":"2022-09-27T19:12:34","modified_gmt":"2022-09-27T19:12:34","slug":"your-application-is-being-processed","status":"publish","type":"page","link":"https:\/\/nomadacademy.org\/fr\/your-application-is-being-processed\/","title":{"rendered":"Votre demande est en cours de traitement\u2026"},"content":{"rendered":"<div data-elementor-type=\"wp-page\" data-elementor-id=\"3850\" class=\"elementor elementor-3850\" data-elementor-post-type=\"page\">\n\t\t\t\t\t\t<section class=\"elementor-section elementor-top-section elementor-element elementor-element-2145bfd elementor-section-boxed elementor-section-height-default elementor-section-height-default\" data-id=\"2145bfd\" data-element_type=\"section\" data-e-type=\"section\">\n\t\t\t\t\t\t<div class=\"elementor-container elementor-column-gap-default\">\n\t\t\t\t\t<div class=\"elementor-column elementor-col-100 elementor-top-column elementor-element elementor-element-6364a66\" data-id=\"6364a66\" data-element_type=\"column\" data-e-type=\"column\">\n\t\t\t<div class=\"elementor-widget-wrap elementor-element-populated\">\n\t\t\t\t\t\t<div class=\"elementor-element elementor-element-16d734d elementor-widget elementor-widget-text-editor\" data-id=\"16d734d\" data-element_type=\"widget\" data-e-type=\"widget\" data-widget_type=\"text-editor.default\">\n\t\t\t\t<div class=\"elementor-widget-container\">\n\t\t\t\t\t\t\t\t\t<p>Merci d&#039;avoir soumis votre demande d&#039;inscription au cours en ligne de Nomad Academy. Votre candidature sera examin\u00e9e prochainement et l&#039;un de nos formateurs vous contactera si nous avons besoin d&#039;informations compl\u00e9mentaires.\u00a0<\/p><p>La prochaine \u00e9tape consiste \u00e0 contacter le mentor que vous avez indiqu\u00e9 et \u00e0 lui expliquer comment il peut vous accompagner dans votre apprentissage. Nous esp\u00e9rons qu&#039;il pourra collaborer avec vous pour comprendre les besoins sp\u00e9cifiques de votre communaut\u00e9 et vous aider \u00e0 d\u00e9velopper des id\u00e9es pour de futurs projets.\u00a0<\/p><p>Une fois votre demande approuv\u00e9e, vous recevrez un courriel contenant votre nom d&#039;utilisateur et un mot de passe temporaire. Vous pourrez alors commencer \u00e0 suivre des cours. <strong><em>Cours I \u2013 Strat\u00e9gie.<\/em><\/strong>\u00a0<\/p><h2>Introduction \u00e0 l&#039;intention des \u00e9tudiants\u00a0:<\/h2><p>Avant de commencer, nous avons rassembl\u00e9 des informations utiles concernant ce cours. Le lien ci-dessous vous permettra d&#039;acc\u00e9der au tableau de bord \u00e9tudiant, aux forums utilisateurs, au module Notes et \u00e0 d&#039;autres ressources importantes pour vous accompagner dans votre apprentissage.\u00a0<\/p><p>Nous avons h\u00e2te de vous accompagner tout au long de ces cours et ferons de notre mieux pour que cette exp\u00e9rience soit enrichissante pour votre temps et vos efforts !<\/p>\t\t\t\t\t\t\t\t<\/div>\n\t\t\t\t<\/div>\n\t\t\t\t\t<\/div>\n\t\t<\/div>\n\t\t\t\t\t<\/div>\n\t\t<\/section>\n\t\t\t\t<section class=\"elementor-section elementor-top-section elementor-element elementor-element-dc5ad6d elementor-section-boxed elementor-section-height-default elementor-section-height-default\" data-id=\"dc5ad6d\" data-element_type=\"section\" data-e-type=\"section\">\n\t\t\t\t\t\t<div class=\"elementor-container elementor-column-gap-default\">\n\t\t\t\t\t<div class=\"elementor-column elementor-col-100 elementor-top-column elementor-element elementor-element-55b3d24\" data-id=\"55b3d24\" data-element_type=\"column\" data-e-type=\"column\">\n\t\t\t<div class=\"elementor-widget-wrap elementor-element-populated\">\n\t\t\t\t\t\t<div class=\"elementor-element elementor-element-df216cf elementor-align-center elementor-widget elementor-widget-button\" data-id=\"df216cf\" data-element_type=\"widget\" data-e-type=\"widget\" data-widget_type=\"button.default\">\n\t\t\t\t<div class=\"elementor-widget-container\">\n\t\t\t\t\t\t\t\t\t<div class=\"elementor-button-wrapper\">\n\t\t\t\t\t<a class=\"elementor-button elementor-button-link elementor-size-md\" href=\"https:\/\/nomadacademy.org\/fr\/introduction-for-students\/\">\n\t\t\t\t\t\t<span class=\"elementor-button-content-wrapper\">\n\t\t\t\t\t\t\t\t\t<span class=\"elementor-button-text\">Passez \u00e0 l&#039;introduction...<\/span>\n\t\t\t\t\t<\/span>\n\t\t\t\t\t<\/a>\n\t\t\t\t<\/div>\n\t\t\t\t\t\t\t\t<\/div>\n\t\t\t\t<\/div>\n\t\t\t\t\t<\/div>\n\t\t<\/div>\n\t\t\t\t\t<\/div>\n\t\t<\/section>\n\t\t\t\t<\/div>","protected":false},"excerpt":{"rendered":"<p>Merci d&#039;avoir soumis votre demande d&#039;inscription au cours en ligne de Nomad Academy sur les m\u00e9dias. Votre candidature sera examin\u00e9e prochainement et l&#039;un de nos\u2026<\/p>","protected":false},"author":1,"featured_media":0,"parent":0,"menu_order":0,"comment_status":"closed","ping_status":"closed","template":"","meta":{"_uf_show_specific_survey":0,"_uf_disable_surveys":false,"footnotes":""},"class_list":["post-3850","page","type-page","status-publish","hentry"],"app_access":{"can_access":true,"restrict_message":null},"_links":{"self":[{"href":"https:\/\/nomadacademy.org\/fr\/wp-json\/wp\/v2\/pages\/3850","targetHints":{"allow":["GET"]}}],"collection":[{"href":"https:\/\/nomadacademy.org\/fr\/wp-json\/wp\/v2\/pages"}],"about":[{"href":"https:\/\/nomadacademy.org\/fr\/wp-json\/wp\/v2\/types\/page"}],"author":[{"embeddable":true,"href":"https:\/\/nomadacademy.org\/fr\/wp-json\/wp\/v2\/users\/1"}],"replies":[{"embeddable":true,"href":"https:\/\/nomadacademy.org\/fr\/wp-json\/wp\/v2\/comments?post=3850"}],"version-history":[{"count":0,"href":"https:\/\/nomadacademy.org\/fr\/wp-json\/wp\/v2\/pages\/3850\/revisions"}],"wp:attachment":[{"href":"https:\/\/nomadacademy.org\/fr\/wp-json\/wp\/v2\/media?parent=3850"}],"curies":[{"name":"wp","href":"https:\/\/api.w.org\/{rel}","templated":true}]}}