{"id":3839,"date":"2022-09-26T19:20:49","date_gmt":"2022-09-26T19:20:49","guid":{"rendered":"https:\/\/nomadacademy.org\/?page_id=3839"},"modified":"2023-01-02T19:40:56","modified_gmt":"2023-01-02T19:40:56","slug":"introduction-for-students","status":"publish","type":"page","link":"https:\/\/nomadacademy.org\/fr\/introduction-for-students\/","title":{"rendered":"Introduction \u00e0 l&#039;intention des \u00e9tudiants"},"content":{"rendered":"<div data-elementor-type=\"wp-page\" data-elementor-id=\"3839\" class=\"elementor elementor-3839\" data-elementor-post-type=\"page\">\n\t\t\t\t\t\t<section class=\"elementor-section elementor-top-section elementor-element elementor-element-dc4df6b elementor-section-boxed elementor-section-height-default elementor-section-height-default\" data-id=\"dc4df6b\" data-element_type=\"section\" data-e-type=\"section\">\n\t\t\t\t\t\t<div class=\"elementor-container elementor-column-gap-default\">\n\t\t\t\t\t<div class=\"elementor-column elementor-col-100 elementor-top-column elementor-element elementor-element-4af4b8c\" data-id=\"4af4b8c\" data-element_type=\"column\" data-e-type=\"column\">\n\t\t\t<div class=\"elementor-widget-wrap elementor-element-populated\">\n\t\t\t\t\t\t<div class=\"elementor-element elementor-element-2edc1a4 elementor-widget elementor-widget-text-editor\" data-id=\"2edc1a4\" data-element_type=\"widget\" data-e-type=\"widget\" data-widget_type=\"text-editor.default\">\n\t\t\t\t<div class=\"elementor-widget-container\">\n\t\t\t\t\t\t\t\t\t<p style=\"font-weight: 400;\">Bienvenue \u00e0 Nomad Academy ! Nous sommes ravis de constater votre int\u00e9r\u00eat pour l&#039;utilisation des m\u00e9dias comme outil de formation de disciples. Nous esp\u00e9rons que ces cours vous aideront \u00e0 cr\u00e9er des contenus qui capteront l&#039;attention des personnes en recherche spirituelle et les inciteront \u00e0 prendre la d\u00e9cision de devenir disciples du Christ.<\/p><p style=\"font-weight: 400;\">Maintenant que vous \u00eates inscrit(e), prenez quelques minutes pour regarder cette vid\u00e9o. Elle contient des informations utiles sur ce site et des conseils pour optimiser votre exp\u00e9rience d&#039;apprentissage.<\/p><p style=\"font-weight: 400;\">(Cliquez ci-dessous pour t\u00e9l\u00e9charger une version PDF utile du contenu de cette vid\u00e9o d&#039;introduction.)<\/p>\t\t\t\t\t\t\t\t<\/div>\n\t\t\t\t<\/div>\n\t\t\t\t\t<\/div>\n\t\t<\/div>\n\t\t\t\t\t<\/div>\n\t\t<\/section>\n\t\t\t\t<section class=\"elementor-section elementor-top-section elementor-element elementor-element-a978616 elementor-section-boxed elementor-section-height-default elementor-section-height-default\" data-id=\"a978616\" data-element_type=\"section\" data-e-type=\"section\">\n\t\t\t\t\t\t<div class=\"elementor-container elementor-column-gap-default\">\n\t\t\t\t\t<div class=\"elementor-column elementor-col-100 elementor-top-column elementor-element elementor-element-fd3eff4\" data-id=\"fd3eff4\" data-element_type=\"column\" data-e-type=\"column\">\n\t\t\t<div class=\"elementor-widget-wrap elementor-element-populated\">\n\t\t\t\t\t\t<div class=\"elementor-element elementor-element-77cc1b8 elementor-widget elementor-widget-video\" data-id=\"77cc1b8\" data-element_type=\"widget\" data-e-type=\"widget\" data-settings=\"{\"youtube_url\":\"https:\\\\youtu.be\\4nz7x_g9_l4\",\"video_type\":\"youtube\",\"controls\":\"yes\"}\" data-widget_type=\"video.default\">\n\t\t\t\t<div class=\"elementor-widget-container\">\n\t\t\t\t\t\t\t<div class=\"elementor-wrapper elementor-open-inline\">\n\t\t\t<div class=\"elementor-video\"><\/div>\t\t<\/div>\n\t\t\t\t\t\t<\/div>\n\t\t\t\t<\/div>\n\t\t\t\t\t<\/div>\n\t\t<\/div>\n\t\t\t\t\t<\/div>\n\t\t<\/section>\n\t\t\t\t<section class=\"elementor-section elementor-top-section elementor-element elementor-element-aee67ef elementor-section-boxed elementor-section-height-default elementor-section-height-default\" data-id=\"aee67ef\" data-element_type=\"section\" data-e-type=\"section\">\n\t\t\t\t\t\t<div class=\"elementor-container elementor-column-gap-default\">\n\t\t\t\t\t<div class=\"elementor-column elementor-col-100 elementor-top-column elementor-element elementor-element-0cc6eab\" data-id=\"0cc6eab\" data-element_type=\"column\" data-e-type=\"column\">\n\t\t\t<div class=\"elementor-widget-wrap elementor-element-populated\">\n\t\t\t\t\t\t<div class=\"elementor-element elementor-element-dc686cf elementor-widget elementor-widget-text-editor\" data-id=\"dc686cf\" data-element_type=\"widget\" data-e-type=\"widget\" data-widget_type=\"text-editor.default\">\n\t\t\t\t<div class=\"elementor-widget-container\">\n\t\t\t\t\t\t\t\t\t<p style=\"font-weight: 400;\">Nous sommes ravis de votre inscription \u00e0 ce cours sur l&#039;utilisation des m\u00e9dias au service du minist\u00e8re. Vous y trouverez des conseils pratiques et pr\u00e9cieux pour \u00e9laborer et mettre en \u0153uvre une strat\u00e9gie de communication efficace qui vous permettra d&#039;atteindre et d&#039;entrer en contact avec les personnes en recherche spirituelle. Nous esp\u00e9rons que vous prierez pour celles et ceux que vos efforts vous permettront de toucher. Priez pour que Dieu b\u00e9nisse votre temps d&#039;\u00e9tude et vous aide \u00e0 tirer le meilleur parti de ces cours.\u00a0<\/p><p style=\"font-weight: 400;\">Des questions\u00a0? Contactez-nous \u00e0 <a href=\"mailto:admin@nomadacademy.org\">admin@nomadacademy.org<\/a><\/p><p style=\"font-weight: 400;\"><em>\u00a0<\/em><em>Nomad Academy est une initiative du minist\u00e8re de Good News Productions, International. \u00a9 2022, sous licence\u00a0 <\/em><a href=\"http:\/\/creativecommons.org\/licenses\/by-nc-nd\/4.0\/?ref=chooser-v1\"><em>CC BY-NC-ND 4.0<\/em><\/a><em>\u00a0<\/em><\/p><p style=\"font-weight: 400;\">\u00a0<\/p>\t\t\t\t\t\t\t\t<\/div>\n\t\t\t\t<\/div>\n\t\t\t\t\t<\/div>\n\t\t<\/div>\n\t\t\t\t\t<\/div>\n\t\t<\/section>\n\t\t\t\t<section class=\"elementor-section elementor-top-section elementor-element elementor-element-958ac9d elementor-section-boxed elementor-section-height-default elementor-section-height-default\" data-id=\"958ac9d\" data-element_type=\"section\" data-e-type=\"section\">\n\t\t\t\t\t\t<div class=\"elementor-container elementor-column-gap-default\">\n\t\t\t\t\t<div class=\"elementor-column elementor-col-100 elementor-top-column elementor-element elementor-element-d65a1aa\" data-id=\"d65a1aa\" data-element_type=\"column\" data-e-type=\"column\">\n\t\t\t<div class=\"elementor-widget-wrap elementor-element-populated\">\n\t\t\t\t\t\t<div class=\"elementor-element elementor-element-c661662 elementor-align-center elementor-widget elementor-widget-button\" data-id=\"c661662\" data-element_type=\"widget\" data-e-type=\"widget\" data-widget_type=\"button.default\">\n\t\t\t\t<div class=\"elementor-widget-container\">\n\t\t\t\t\t\t\t\t\t<div class=\"elementor-button-wrapper\">\n\t\t\t\t\t<a class=\"elementor-button elementor-button-link elementor-size-md\" href=\"http:\/\/nomadacademy.org\/wp-content\/uploads\/2022\/09\/An-Introdction-for-Students.pdf\" target=\"_blank\">\n\t\t\t\t\t\t<span class=\"elementor-button-content-wrapper\">\n\t\t\t\t\t\t\t\t\t<span class=\"elementor-button-text\">T\u00e9l\u00e9chargez la version PDF ici<\/span>\n\t\t\t\t\t<\/span>\n\t\t\t\t\t<\/a>\n\t\t\t\t<\/div>\n\t\t\t\t\t\t\t\t<\/div>\n\t\t\t\t<\/div>\n\t\t\t\t<div class=\"elementor-element elementor-element-cb4c371 elementor-align-center elementor-widget elementor-widget-button\" data-id=\"cb4c371\" data-element_type=\"widget\" data-e-type=\"widget\" data-widget_type=\"button.default\">\n\t\t\t\t<div class=\"elementor-widget-container\">\n\t\t\t\t\t\t\t\t\t<div class=\"elementor-button-wrapper\">\n\t\t\t\t\t<a class=\"elementor-button elementor-button-link elementor-size-md\" href=\"https:\/\/nomadacademy.org\/fr\/courses\/\">\n\t\t\t\t\t\t<span class=\"elementor-button-content-wrapper\">\n\t\t\t\t\t\t\t\t\t<span class=\"elementor-button-text\">Cours de la Nomad Academy<\/span>\n\t\t\t\t\t<\/span>\n\t\t\t\t\t<\/a>\n\t\t\t\t<\/div>\n\t\t\t\t\t\t\t\t<\/div>\n\t\t\t\t<\/div>\n\t\t\t\t\t<\/div>\n\t\t<\/div>\n\t\t\t\t\t<\/div>\n\t\t<\/section>\n\t\t\t\t<\/div>","protected":false},"excerpt":{"rendered":"<p>Bienvenue \u00e0 la Nomad Academy ! Nous sommes ravis de constater votre int\u00e9r\u00eat pour l&#039;apprentissage de l&#039;utilisation des m\u00e9dias comme outil de formation de disciples. Notre\u2026<\/p>","protected":false},"author":1,"featured_media":0,"parent":0,"menu_order":0,"comment_status":"closed","ping_status":"closed","template":"","meta":{"_uf_show_specific_survey":0,"_uf_disable_surveys":false,"footnotes":""},"class_list":["post-3839","page","type-page","status-publish","hentry"],"bb_access":{"can_access":true,"restrict_message":null},"_links":{"self":[{"href":"https:\/\/nomadacademy.org\/fr\/wp-json\/wp\/v2\/pages\/3839","targetHints":{"allow":["GET"]}}],"collection":[{"href":"https:\/\/nomadacademy.org\/fr\/wp-json\/wp\/v2\/pages"}],"about":[{"href":"https:\/\/nomadacademy.org\/fr\/wp-json\/wp\/v2\/types\/page"}],"author":[{"embeddable":true,"href":"https:\/\/nomadacademy.org\/fr\/wp-json\/wp\/v2\/users\/1"}],"replies":[{"embeddable":true,"href":"https:\/\/nomadacademy.org\/fr\/wp-json\/wp\/v2\/comments?post=3839"}],"version-history":[{"count":0,"href":"https:\/\/nomadacademy.org\/fr\/wp-json\/wp\/v2\/pages\/3839\/revisions"}],"wp:attachment":[{"href":"https:\/\/nomadacademy.org\/fr\/wp-json\/wp\/v2\/media?parent=3839"}],"curies":[{"name":"wp","href":"https:\/\/api.w.org\/{rel}","templated":true}]}}