{"id":3,"date":"2020-10-26T07:40:25","date_gmt":"2020-10-26T07:40:25","guid":{"rendered":"http:\/\/nomadacademy.org\/?page_id=3"},"modified":"2024-08-20T12:00:19","modified_gmt":"2024-08-20T12:00:19","slug":"privacy-policy","status":"publish","type":"page","link":"https:\/\/nomadacademy.org\/fr\/privacy-policy\/","title":{"rendered":"politique de confidentialit\u00e9"},"content":{"rendered":"<div data-elementor-type=\"wp-page\" data-elementor-id=\"3\" class=\"elementor elementor-3\" data-elementor-post-type=\"page\">\n\t\t\t\t\t\t<section class=\"elementor-section elementor-top-section elementor-element elementor-element-7fe1d0fa elementor-section-boxed elementor-section-height-default elementor-section-height-default\" data-id=\"7fe1d0fa\" data-element_type=\"section\" data-e-type=\"section\">\n\t\t\t\t\t\t<div class=\"elementor-container elementor-column-gap-default\">\n\t\t\t\t\t<div class=\"elementor-column elementor-col-100 elementor-top-column elementor-element elementor-element-5037f963\" data-id=\"5037f963\" data-element_type=\"column\" data-e-type=\"column\">\n\t\t\t<div class=\"elementor-widget-wrap elementor-element-populated\">\n\t\t\t\t\t\t<div class=\"elementor-element elementor-element-ac81947 elementor-widget elementor-widget-text-editor\" data-id=\"ac81947\" data-element_type=\"widget\" data-e-type=\"widget\" data-widget_type=\"text-editor.default\">\n\t\t\t\t<div class=\"elementor-widget-container\">\n\t\t\t\t\t\t\t\t\t<p><\/p>\n<h2 class=\"wp-block-heading\">Qui sommes-nous ?<\/h2>\n<p><\/p>\n<p><\/p>\n<p>Notre site web se trouve \u00e0 l&#039;adresse suivante : https:\/\/nomadacademy.org.<\/p>\n<p><\/p>\n<p><\/p>\n<h2 class=\"wp-block-heading\">Quelles donn\u00e9es personnelles collectons-nous et pourquoi les collectons-nous ?<\/h2>\n<p class=\"wp-block-heading\">Selon les Services que vous utilisez, nous collectons diff\u00e9rents types d&#039;informations vous concernant.<\/p>\n<h3 class=\"wp-block-heading\">Commentaires<\/h3>\n<p><\/p>\n<p><\/p>\n<p>Lorsque les visiteurs laissent des commentaires sur le site, nous collectons les donn\u00e9es affich\u00e9es dans le formulaire de commentaires, ainsi que l&#039;adresse IP du visiteur et la cha\u00eene de l&#039;agent utilisateur de son navigateur afin de faciliter la d\u00e9tection des spams.<\/p>\n<p><\/p>\n<p><\/p>\n<p>Une cha\u00eene anonymis\u00e9e (ou hachage) cr\u00e9\u00e9e \u00e0 partir de votre adresse courriel peut \u00eatre transmise au service Gravatar afin de v\u00e9rifier si vous l\u2019utilisez. La politique de confidentialit\u00e9 de Gravatar est disponible ici\u00a0: https:\/\/automattic.com\/privacy\/. Apr\u00e8s validation de votre commentaire, votre photo de profil sera visible publiquement.<\/p>\n<p><\/p>\n<p><\/p>\n<h3 class=\"wp-block-heading\">M\u00e9dias<\/h3>\n<p><\/p>\n<p><\/p>\n<p>Si vous t\u00e9l\u00e9chargez des images sur le site web, \u00e9vitez d&#039;inclure des donn\u00e9es de g\u00e9olocalisation (EXIF GPS). Les visiteurs du site peuvent t\u00e9l\u00e9charger et extraire ces donn\u00e9es.<\/p>\n<p><\/p>\n<p><\/p>\n<h3 class=\"wp-block-heading\">Formulaires de contact<\/h3>\n<p><\/p>\n<p><\/p>\n<h3 class=\"wp-block-heading\">Cookies<\/h3>\n<p><\/p>\n<p><\/p>\n<p>Si vous laissez un commentaire sur notre site, vous pouvez choisir d&#039;enregistrer votre nom, votre adresse courriel et votre site web dans des cookies. Ces cookies sont destin\u00e9s \u00e0 votre confort afin que vous n&#039;ayez pas \u00e0 saisir \u00e0 nouveau ces informations lorsque vous laissez un autre commentaire. Ces cookies seront conserv\u00e9s pendant un an.<\/p>\n<p><\/p>\n<p><\/p>\n<p>Si vous consultez notre page de connexion, un cookie temporaire sera cr\u00e9\u00e9 afin de d\u00e9terminer si votre navigateur accepte les cookies. Ce cookie ne contient aucune donn\u00e9e personnelle et est supprim\u00e9 lorsque vous fermez votre navigateur.<\/p>\n<p><\/p>\n<p><\/p>\n<p>When you log in, we will also set up several cookies to save your login information and your screen display choices. Login cookies last for two days, and screen options cookies last for a year. If you select \u201cRemember Me\u201d, your login will persist for two weeks. If you log out of your account, the login cookies will be removed.<\/p>\n<p><\/p>\n<p><\/p>\n<p>Si vous modifiez ou publiez un article, un cookie suppl\u00e9mentaire sera enregistr\u00e9 dans votre navigateur. Ce cookie ne contient aucune donn\u00e9e personnelle et indique simplement l&#039;identifiant de l&#039;article que vous venez de modifier. Il expire apr\u00e8s un jour.<\/p>\n<p><\/p>\n<p><\/p>\n<h3 class=\"wp-block-heading\">Contenu int\u00e9gr\u00e9 provenant d&#039;autres sites web<\/h3>\n<p><\/p>\n<p><\/p>\n<p>Les articles de ce site peuvent inclure du contenu int\u00e9gr\u00e9 (par exemple, des vid\u00e9os, des images, des articles, etc.). Le contenu int\u00e9gr\u00e9 provenant d&#039;autres sites web se comporte exactement de la m\u00eame mani\u00e8re que si le visiteur avait consult\u00e9 directement ces sites.<\/p>\n<p><\/p>\n<p><\/p>\n<p>Ces sites web peuvent collecter des donn\u00e9es vous concernant, utiliser des cookies, int\u00e9grer des outils de suivi tiers suppl\u00e9mentaires et surveiller votre interaction avec ce contenu int\u00e9gr\u00e9, y compris le suivi de votre interaction avec le contenu int\u00e9gr\u00e9 si vous poss\u00e9dez un compte et \u00eates connect\u00e9 \u00e0 ce site web.<\/p>\n<p><\/p>\n<p><\/p>\n<h3 class=\"wp-block-heading\">Analytique<\/h3>\n<p><\/p>\n<p><\/p>\n<h2 class=\"wp-block-heading\">Avec qui partageons-nous vos donn\u00e9es ?<\/h2>\n<p><\/p>\n<p><\/p>\n<p>Nous pouvons partager certaines donn\u00e9es avec des prestataires de services tiers de confiance qui effectuent des t\u00e2ches pour notre compte, comme l&#039;h\u00e9bergement, l&#039;analyse de donn\u00e9es, le marketing et le support client. Nous s\u00e9lectionnons rigoureusement ces prestataires et avons mis en place des accords contractuels stricts qui encadrent leur utilisation des donn\u00e9es et les obligent \u00e0 respecter les lois applicables en mati\u00e8re de protection des donn\u00e9es.<\/p>\n<p><\/p>\n<p><\/p>\n<h2 class=\"wp-block-heading\">Combien de temps conservons-nous vos donn\u00e9es ?<\/h2>\n<p><\/p>\n<p><\/p>\n<p>Si vous laissez un commentaire, celui-ci ainsi que ses m\u00e9tadonn\u00e9es sont conserv\u00e9s ind\u00e9finiment. Cela nous permet de reconna\u00eetre et d&#039;approuver automatiquement les commentaires suivants, sans avoir \u00e0 les mod\u00e9rer.<\/p>\n<p><\/p>\n<p><\/p>\n<p>Pour les utilisateurs qui s&#039;inscrivent sur notre site web (le cas \u00e9ch\u00e9ant), nous conservons \u00e9galement les informations personnelles qu&#039;ils fournissent dans leur profil. Tous les utilisateurs peuvent consulter, modifier ou supprimer leurs informations personnelles \u00e0 tout moment (\u00e0 l&#039;exception de leur nom d&#039;utilisateur). Les administrateurs du site web peuvent \u00e9galement consulter et modifier ces informations.<\/p>\n<p><\/p>\n<p><\/p>\n<h2 class=\"wp-block-heading\">Quels sont vos droits sur vos donn\u00e9es ?<\/h2>\n<p><\/p>\n<p><\/p>\n<p>Si vous poss\u00e9dez un compte sur ce site ou si vous avez laiss\u00e9 des commentaires, vous pouvez demander \u00e0 recevoir un fichier export\u00e9 contenant les donn\u00e9es personnelles que nous d\u00e9tenons vous concernant, y compris les donn\u00e9es que vous nous avez fournies. Vous pouvez \u00e9galement demander la suppression de vos donn\u00e9es personnelles. Cette suppression ne concerne pas les donn\u00e9es que nous sommes tenus de conserver \u00e0 des fins administratives, l\u00e9gales ou de s\u00e9curit\u00e9.<\/p>\n<p><\/p>\n<p><\/p>\n<h2 class=\"wp-block-heading\">O\u00f9 nous envoyons vos donn\u00e9es<\/h2>\n<p><\/p>\n<p><\/p>\n<p>Les commentaires des visiteurs peuvent \u00eatre v\u00e9rifi\u00e9s par un service automatis\u00e9 de d\u00e9tection de spam.<\/p>\n<p><\/p>\n<p><\/p>\n<p>Chez Nomad Academy, nous prenons la confidentialit\u00e9 et la s\u00e9curit\u00e9 des donn\u00e9es tr\u00e8s au s\u00e9rieux. Nous tenons \u00e0 \u00eatre totalement transparents sur la mani\u00e8re dont nous traitons et prot\u00e9geons vos informations personnelles.<\/p>\n<p><\/p>\n<p><\/p>\n<p>Dans certains pays ou r\u00e9gions, nous pouvons \u00eatre tenus de respecter des lois sur la localisation des donn\u00e9es qui exigent que celles-ci soient stock\u00e9es sur le territoire g\u00e9ographique concern\u00e9. Dans ces cas, nous utilisons des solutions d&#039;h\u00e9bergement locales afin de localiser correctement le stockage des donn\u00e9es.<\/p>\n<p><\/p>\n<p><\/p>\n<p>Nous ne partageons pas directement vos donn\u00e9es personnelles avec d&#039;autres entreprises, filiales ou soci\u00e9t\u00e9s affili\u00e9es ext\u00e9rieures \u00e0 Nomad Academy \u00e0 des fins de marketing. Cependant, nous pouvons traiter et stocker certaines donn\u00e9es de mani\u00e8re centralis\u00e9e dans notre environnement de cloud priv\u00e9.<\/p>\n<p><\/p>\n<p><\/p>\n<p>You have the right to request that your data be expunged from our servers. Just contact our privacy team on admin@nomadacademy.org, and we\u2019ll expunge your data within 48 hours of receiving the request.<\/p>\n<p><\/p>\n<p><\/p>\n<p>Soyez assur\u00e9(e) que nous appliquons les meilleures pratiques du secteur pour prot\u00e9ger vos informations lors de tout transfert ou stockage, notamment un chiffrement robuste, des contr\u00f4les d&#039;acc\u00e8s et des audits. La protection de votre vie priv\u00e9e est notre priorit\u00e9 absolue.<\/p>\n<p><\/p>\n<p><\/p>\n<h2 class=\"wp-block-heading\">Vos coordonn\u00e9es<\/h2>\n<p><\/p>\n<p><\/p>\n<p>Vos coordonn\u00e9es sont utilis\u00e9es uniquement pour le fonctionnement de l&#039;application. Elles pourront \u00e9galement servir \u00e0 vous contacter afin de nous renseigner sur votre progression au sein de l&#039;acad\u00e9mie.<\/p>\n<p><\/p>\n<p><\/p>\n<h2 class=\"wp-block-heading\">Informations Compl\u00e9mentaires<\/h2>\n<p><\/p>\n<p><\/p>\n<h3 class=\"wp-block-heading\">Comment nous prot\u00e9geons vos donn\u00e9es<\/h3>\n<p><\/p>\n<p><\/p>\n<p>Vos donn\u00e9es peuvent \u00eatre stock\u00e9es dans des centres de donn\u00e9es et des serveurs cloud s\u00e9curis\u00e9s et v\u00e9rifi\u00e9s. Nous avons mis en place des m\u00e9canismes et des mesures de protection des donn\u00e9es approuv\u00e9s pour les transferts internationaux, conform\u00e9ment aux r\u00e9glementations sur la protection des donn\u00e9es telles que le RGPD.<\/p>\n<p><\/p>\n<p><\/p>\n<h3 class=\"wp-block-heading\">Quelles sont les proc\u00e9dures en cas de violation de donn\u00e9es que nous avons mises en place ?<\/h3>\n<p><\/p>\n<p><\/p>\n<p>Chez Nomad Academy, nous esp\u00e9rons ne jamais avoir \u00e0 faire face \u00e0 une fuite de donn\u00e9es. Cependant, nous disposons de plans d&#039;intervention d\u00e9taill\u00e9s pr\u00eats \u00e0 \u00eatre mis en \u0153uvre en cas d&#039;incident. Voici les principales proc\u00e9dures\u00a0:<\/p>\n<p><\/p>\n<p><\/p>\n<p>Nous disposons d&#039;une \u00e9quipe interne de r\u00e9ponse aux incidents, form\u00e9e pour enqu\u00eater rapidement sur toute situation potentielle de violation de donn\u00e9es et la ma\u00eetriser. Cette \u00e9quipe pluridisciplinaire comprend des membres de nos services de s\u00e9curit\u00e9, d&#039;informatique, juridiques et de communication.<\/p>\n<p><\/p>\n<p><\/p>\n<p>En cas de violation confirm\u00e9e, cette \u00e9quipe met imm\u00e9diatement en \u0153uvre des protocoles visant \u00e0 limiter l&#039;exposition et \u00e0 r\u00e9cup\u00e9rer ou mettre en quarantaine les donn\u00e9es affect\u00e9es en toute s\u00e9curit\u00e9. Des analyses forensiques sont men\u00e9es afin de d\u00e9terminer la nature, la source et l&#039;\u00e9tendue de l&#039;incident.<\/p>\n<p><\/p>\n<p><\/p>\n<p>Nous disposons de couvertures d&#039;assurance cyber et de partenaires pr\u00eats \u00e0 vous aider \u00e0 g\u00e9rer un incident complet, y compris en collaborant avec les forces de l&#039;ordre si la violation implique des actes criminels tels que le piratage ou le vol.<\/p>\n<p><\/p>\n<p><\/p>\n<p>Notre priorit\u00e9 absolue est d&#039;informer au plus vite les clients et employ\u00e9s concern\u00e9s par une violation de donn\u00e9es personnelles, conform\u00e9ment \u00e0 la l\u00e9gislation en vigueur. Cette notification leur permettra de savoir pr\u00e9cis\u00e9ment quelles informations ont pu \u00eatre consult\u00e9es et quelles mesures ils peuvent prendre pour se prot\u00e9ger.<\/p>\n<p><\/p>\n<p><\/p>\n<p>En cas d&#039;incident majeur, nous mettons en \u0153uvre notre plan de communication de crise afin de garantir une diffusion pr\u00e9cise des informations, par les canaux appropri\u00e9s, aupr\u00e8s de nos clients, partenaires, autorit\u00e9s de r\u00e9glementation et du public. Nous croyons en une responsabilit\u00e9 totale.<\/p>\n<p><\/p>\n<p><\/p>\n<p>Suite \u00e0 une violation de donn\u00e9es, nous proc\u00e9dons \u00e0 des analyses approfondies afin d&#039;auditer nos dispositifs de s\u00e9curit\u00e9, d&#039;identifier les failles et de renforcer nos capacit\u00e9s de pr\u00e9vention et de d\u00e9tection pour \u00e9viter que de tels incidents ne se reproduisent. La protection et la s\u00e9curit\u00e9 des donn\u00e9es sont un processus continu.<\/p>\n<p><\/p>\n<p><\/p>\n<p>Nous esp\u00e9rons ne jamais avoir \u00e0 faire face \u00e0 une fuite de donn\u00e9es. Nomad Academy dispose de plans d&#039;intervention complets pour r\u00e9agir rapidement et de mani\u00e8re responsable en cas d&#039;incident. Prot\u00e9ger votre confiance est primordial.<\/p>\n<p><\/p>\n<p><\/p>\n<h3 class=\"wp-block-heading\">De quels tiers recevons-nous des donn\u00e9es\u00a0?<\/h3>\n<p><\/p>\n<p><\/p>\n<p>Chez Nomad Academy, nous pouvons recevoir des donn\u00e9es personnelles provenant de diff\u00e9rentes sources tierces dans le cadre de nos activit\u00e9s et services. Il s&#039;agit notamment des suivantes\u00a0:<\/p>\n<p><\/p>\n<p><\/p>\n<p>Partenaires d&#039;int\u00e9gration\u00a0: Nous avons \u00e9tabli des partenariats d&#039;int\u00e9gration avec certaines plateformes logicielles et services cloud qui partagent des donn\u00e9es clients avec nous lorsque cela est explicitement autoris\u00e9. Cela nous permet d&#039;offrir des exp\u00e9riences plus fluides et int\u00e9gr\u00e9es. Il peut s&#039;agir, par exemple, de syst\u00e8mes de gestion de l&#039;apprentissage, d&#039;outils de visioconf\u00e9rence, de processeurs de paiement en ligne, etc.<\/p>\n<p><\/p>\n<p><\/p>\n<p>Sources de prospects\u00a0: Nous pouvons recevoir des informations de contact et d\u2019autres donn\u00e9es de prospects provenant de sources de marketing en ligne fiables, d\u2019\u00e9v\u00e9nements, de commandites ou d\u2019ententes de marketing conjoint avec d\u2019autres \u00e9tablissements d\u2019enseignement. Cela nous permet de communiquer avec les \u00e9tudiants potentiels int\u00e9ress\u00e9s par nos cours.<\/p>\n<p><\/p>\n<p><\/p>\n<p>R\u00e9seaux sociaux\u00a0: Si vous interagissez avec nous ou vous connectez \u00e0 nos plateformes en utilisant vos identifiants de r\u00e9seaux sociaux, nous pouvons recevoir des donn\u00e9es de profil de base de ces r\u00e9seaux sociaux dans le cadre du processus d\u2019authentification. Ces donn\u00e9es restent prot\u00e9g\u00e9es conform\u00e9ment aux politiques de confidentialit\u00e9 de ces r\u00e9seaux.<\/p>\n<p><\/p>\n<p><\/p>\n<p>Plateformes de donn\u00e9es clients<br \/>Nous utilisons des plateformes de donn\u00e9es clients et des services de recherche d&#039;adresse IP invers\u00e9e qui compilent des donn\u00e9es issues de registres publics, d&#039;interactions sur notre site web et d&#039;autres sources. Ces donn\u00e9es enrichies nous permettent de mieux comprendre notre client\u00e8le et de lui offrir une exp\u00e9rience plus personnalis\u00e9e.<\/p>\n<p><\/p>\n<p><\/p>\n<p>Prestataires de v\u00e9rification des ant\u00e9c\u00e9dents Pour certains programmes de formation \u00e0 caract\u00e8re hautement sensible, nous pouvons faire appel \u00e0 des services de v\u00e9rification des ant\u00e9c\u00e9dents tiers pour contr\u00f4ler et v\u00e9rifier l&#039;identit\u00e9 des \u00e9tudiants inscrits \u00e0 partir de sources publiques.<\/p>\n<p><\/p>\n<p><\/p>\n<p>Dans tous les cas, nous indiquons clairement quelles donn\u00e9es nous recevons de tiers et vous permettons de contr\u00f4ler l&#039;utilisation de ces donn\u00e9es compl\u00e9mentaires pour nos services et communications. Nous exigeons contractuellement de ces sources qu&#039;elles respectent \u00e9galement toutes les r\u00e9glementations applicables en mati\u00e8re de protection des donn\u00e9es.<\/p>\n<p><\/p>\n<p><\/p>\n<h3 class=\"wp-block-heading\">Quelles d\u00e9cisions automatis\u00e9es et\/ou quel profilage effectuons-nous avec les donn\u00e9es des utilisateurs ?<\/h3>\n<p><\/p>\n<p><\/p>\n<p>Nomad Academy est une plateforme chr\u00e9tienne destin\u00e9e aux apprenants chr\u00e9tiens souhaitant utiliser les m\u00e9dias pour \u00e9vang\u00e9liser. C&#039;est pourquoi notre s\u00e9lection repose sur des valeurs chr\u00e9tiennes, fid\u00e8les aux principes bibliques. Nous accueillons des \u00e9tudiants ayant une exp\u00e9rience pastorale et qui sont accompagn\u00e9s d&#039;un mentor pour r\u00e9pondre \u00e0 leurs questions spirituelles tout au long de leur parcours \u00e0 Nomad Academy.<\/p>\n<p><\/p>\n<p><\/p>\n<h3 class=\"wp-block-heading\">Exigences de divulgation r\u00e9glementaire de l&#039;industrie<\/h3>\n<p><\/p>\n<p><\/p>\n<p>\u00c0 la Nomad Academy, nous op\u00e9rons dans un secteur r\u00e9glement\u00e9, soumis \u00e0 des lois f\u00e9d\u00e9rales, \u00e9tatiques et locales encadrant la collecte, le traitement et le partage des donn\u00e9es des \u00e9l\u00e8ves. Nous nous engageons \u00e0 une transparence totale quant \u00e0 nos pratiques en mati\u00e8re de donn\u00e9es afin de pr\u00e9server votre confiance. Voici quelques-unes des principales exigences r\u00e9glementaires que nous respectons\u00a0:<\/p>\n<p><\/p>\n<p><\/p>\n<p>Conformit\u00e9 \u00e0 la loi FERPA\u00a0: La loi f\u00e9d\u00e9rale am\u00e9ricaine FERPA (Family Educational Rights and Privacy Act) prot\u00e8ge la confidentialit\u00e9 des dossiers scolaires des \u00e9l\u00e8ves. Nous respectons scrupuleusement les directives de la loi FERPA concernant l\u2019obtention du consentement \u00e9clair\u00e9 avant toute divulgation de donn\u00e9es personnelles identifiables d\u2019un \u00e9l\u00e8ve \u00e0 des tiers, sauf dans les cas autoris\u00e9s par la loi pour les informations d\u2019annuaire.<\/p>\n<p><\/p>\n<p><\/p>\n<p>Lois \u00e9tatiques sur la protection de la vie priv\u00e9e dans l&#039;\u00e9ducation\u00a0: De nombreux \u00c9tats ont \u00e9galement des lois sur la protection de la vie priv\u00e9e qui r\u00e9gissent la mani\u00e8re dont les \u00e9tablissements d&#039;enseignement doivent traiter les donn\u00e9es des \u00e9l\u00e8ves. Nous respectons scrupuleusement toutes les r\u00e9glementations \u00e9tatiques applicables dans chaque juridiction o\u00f9 nous exer\u00e7ons nos activit\u00e9s en mati\u00e8re de partage de donn\u00e9es, de notification des violations de donn\u00e9es, de limitations marketing, etc.<\/p>\n<p><\/p>\n<p><\/p>\n<p>COPPA Compliance For any services involving children under 13, we strictly follow the Children\u2019s Online Privacy Protection Act (COPPA) rules. This includes getting verifiable parental consent before collecting any personal information from minors.<\/p>\n<p><\/p>\n<p><\/p>\n<p>RGPD et lois internationales sur la protection des donn\u00e9es\u00a0: Lorsque nous op\u00e9rons au sein de l\u2019UE ou traitons des donn\u00e9es de r\u00e9sidents europ\u00e9ens, nous respectons pleinement les exigences du R\u00e8glement g\u00e9n\u00e9ral sur la protection des donn\u00e9es (RGPD) relatives au traitement des donn\u00e9es, au consentement, aux droits des personnes et aux transferts transfrontaliers. Nous appliquons des protections similaires dans les autres pays dot\u00e9s d\u2019une l\u00e9gislation compl\u00e8te en mati\u00e8re de protection des donn\u00e9es.<\/p>\n<p><\/p>\n<p><\/p>\n<p>Meilleures pratiques du secteur Au-del\u00e0 des r\u00e9glementations l\u00e9gales strictes, nous suivons les meilleures pratiques en mati\u00e8re de confidentialit\u00e9 et de s\u00e9curit\u00e9 largement accept\u00e9es et d\u00e9finies par des associations de technologies \u00e9ducatives comme l&#039;ISTE (International Society for Technology in Education) et le CoSN (Consortium for School Networking).<\/p>\n<p><\/p>\n<p><\/p>\n<p>Nous nous engageons \u00e0 gagner et \u00e0 conserver votre confiance en assurant une gestion responsable de vos donn\u00e9es. Nos processus de conformit\u00e9 font l&#039;objet d&#039;audits r\u00e9guliers et nous nous adaptons rapidement \u00e0 toute nouvelle r\u00e9glementation susceptible de nous concerner.<\/p>\n<p><\/p>\t\t\t\t\t\t\t\t<\/div>\n\t\t\t\t<\/div>\n\t\t\t\t<div class=\"elementor-element elementor-element-f608304 elementor-widget__width-initial elementor-widget elementor-widget-text-editor\" data-id=\"f608304\" data-element_type=\"widget\" data-e-type=\"widget\" data-widget_type=\"text-editor.default\">\n\t\t\t\t<div class=\"elementor-widget-container\">\n\t\t\t\t\t\t\t\t\t<h2>Pour encourager nos \u00e9tudiants \u00e0 progresser dans les cours de Nomad Academy, nous proposons quelques r\u00e9compenses\u00a0! Pour chaque cours termin\u00e9 dans un d\u00e9lai pr\u00e9cis, nous vous offrons un cadeau qui vous aidera dans vos efforts au sein du minist\u00e8re des m\u00e9dias.<\/h2><h2><img fetchpriority=\"high\" decoding=\"async\" class=\"alignright wp-image-6738 size-medium\" src=\"https:\/\/nomadacademy.org\/wp-content\/uploads\/2023\/11\/NA_2-300x300.png\" alt=\"\" width=\"300\" height=\"300\" \/><\/h2><h2>\u00a0<\/h2><h2>\u00a0<\/h2><h2>Si vous terminez le cours 1 en 30 jours, vous pourrez choisir votre application de production pour smartphone !<\/h2><h2><img decoding=\"async\" class=\"alignleft wp-image-6739 size-medium\" src=\"https:\/\/nomadacademy.org\/wp-content\/uploads\/2023\/11\/NA_3-300x300.png\" alt=\"\" width=\"300\" height=\"300\" \/><\/h2><h2>\u00a0<\/h2><h2>\u00a0<\/h2><h2>Si vous terminez le cours 2 en 20 jours, nous nous assurerons que vous disposez de l&#039;outil de montage vid\u00e9o dont vous avez besoin, qu&#039;il s&#039;agisse d&#039;une application pour smartphone ou d&#039;un logiciel pour ordinateur.<\/h2><p><img decoding=\"async\" class=\"wp-image-6740 size-medium alignright\" src=\"https:\/\/nomadacademy.org\/wp-content\/uploads\/2023\/11\/NA_4-300x300.png\" alt=\"\" width=\"300\" height=\"300\" \/><\/p><h2>\u00a0<\/h2><h2>Si vous terminez le cours 3 en 30 jours, nous vous offrirons un abonnement num\u00e9rique d&#039;un an \u00e0 <a href=\"https:\/\/www.videomaker.com\/magazine\/\">Magazine des vid\u00e9astes<\/a>. Vous recevrez six num\u00e9ros du magazine \u00e0 votre adresse \u00e9lectronique enregistr\u00e9e.<\/h2><div>\u00a0<\/div><div><img loading=\"lazy\" decoding=\"async\" class=\"wp-image-6741 size-medium alignleft\" src=\"https:\/\/nomadacademy.org\/wp-content\/uploads\/2023\/11\/NA_5-300x300.png\" alt=\"\" width=\"300\" height=\"300\" \/><\/div><h2>\u00a0<\/h2><h2>\u00a0<\/h2><h2>Si vous terminez le cours 4 en 30 jours, nous vous offrirons une subvention de $200 USD pour un projet approuv\u00e9.<\/h2><div>\u00a0<\/div><div>\u00a0<\/div>\t\t\t\t\t\t\t\t<\/div>\n\t\t\t\t<\/div>\n\t\t\t\t\t<\/div>\n\t\t<\/div>\n\t\t\t\t\t<\/div>\n\t\t<\/section>\n\t\t\t\t<\/div>","protected":false},"excerpt":{"rendered":"<p>Who we are Our website address is: https:\/\/nomadacademy.org. What personal data we collect and why we collect it Depending on which Services you use, we\u2026<\/p>","protected":false},"author":1,"featured_media":0,"parent":0,"menu_order":0,"comment_status":"closed","ping_status":"open","template":"","meta":{"_uf_show_specific_survey":0,"_uf_disable_surveys":false,"footnotes":""},"class_list":["post-3","page","type-page","status-publish","hentry"],"bb_access":{"can_access":true,"restrict_message":null},"_links":{"self":[{"href":"https:\/\/nomadacademy.org\/fr\/wp-json\/wp\/v2\/pages\/3","targetHints":{"allow":["GET"]}}],"collection":[{"href":"https:\/\/nomadacademy.org\/fr\/wp-json\/wp\/v2\/pages"}],"about":[{"href":"https:\/\/nomadacademy.org\/fr\/wp-json\/wp\/v2\/types\/page"}],"author":[{"embeddable":true,"href":"https:\/\/nomadacademy.org\/fr\/wp-json\/wp\/v2\/users\/1"}],"replies":[{"embeddable":true,"href":"https:\/\/nomadacademy.org\/fr\/wp-json\/wp\/v2\/comments?post=3"}],"version-history":[{"count":4,"href":"https:\/\/nomadacademy.org\/fr\/wp-json\/wp\/v2\/pages\/3\/revisions"}],"predecessor-version":[{"id":11199,"href":"https:\/\/nomadacademy.org\/fr\/wp-json\/wp\/v2\/pages\/3\/revisions\/11199"}],"wp:attachment":[{"href":"https:\/\/nomadacademy.org\/fr\/wp-json\/wp\/v2\/media?parent=3"}],"curies":[{"name":"wp","href":"https:\/\/api.w.org\/{rel}","templated":true}]}}