{"id":14704,"date":"2025-01-26T19:23:11","date_gmt":"2025-01-26T19:23:11","guid":{"rendered":"https:\/\/nomadacademy.org\/?page_id=14704"},"modified":"2025-01-26T19:27:54","modified_gmt":"2025-01-26T19:27:54","slug":"suspended-notice","status":"publish","type":"page","link":"https:\/\/nomadacademy.org\/fr\/suspended-notice\/","title":{"rendered":"Avis de suspension"},"content":{"rendered":"<div class=\"wp-block-image\">\n<figure class=\"aligncenter size-full\"><img fetchpriority=\"high\" decoding=\"async\" width=\"702\" height=\"111\" src=\"https:\/\/nomadacademy.org\/wp-content\/uploads\/2024\/12\/Email-header-3-Email-Header-702_110.png\" alt=\"\" class=\"wp-image-14154\" srcset=\"https:\/\/nomadacademy.org\/wp-content\/uploads\/2024\/12\/Email-header-3-Email-Header-702_110.png 702w, https:\/\/nomadacademy.org\/wp-content\/uploads\/2024\/12\/Email-header-3-Email-Header-702_110-300x47.png 300w, https:\/\/nomadacademy.org\/wp-content\/uploads\/2024\/12\/Email-header-3-Email-Header-702_110-18x3.png 18w, https:\/\/nomadacademy.org\/wp-content\/uploads\/2024\/12\/Email-header-3-Email-Header-702_110-624x99.png 624w\" sizes=\"(max-width: 702px) 100vw, 702px\" \/><\/figure>\n<\/div>\n\n\n<p class=\"has-text-align-center\"><\/p>\n\n\n\n<p class=\"has-text-align-center\">Nous vous informons que votre compte a \u00e9t\u00e9 suspendu suite \u00e0 votre inactivit\u00e9 pendant plus de six mois. Nous sommes d\u00e9sol\u00e9s de vous voir partir. Si Nomad Academy vous int\u00e9resse \u00e0 nouveau, nous l&#039;esp\u00e9rons prochainement, n&#039;h\u00e9sitez pas \u00e0 nous contacter \u00e0 l&#039;adresse admin@nomadacademy.org. Nous esp\u00e9rons vous revoir bient\u00f4t\u00a0!<\/p>\n\n\n\n<p class=\"has-text-align-center\">L&#039;\u00e9quipe de la Nomad Academy<\/p>\n\n\n\n<p><\/p>","protected":false},"excerpt":{"rendered":"<p>Nous vous informons que votre compte a \u00e9t\u00e9 suspendu car vous ne vous \u00eates pas connect\u00e9(e) depuis plus de six mois. Nous sommes d\u00e9sol\u00e9s de constater cela\u2026<\/p>","protected":false},"author":20,"featured_media":0,"parent":0,"menu_order":0,"comment_status":"closed","ping_status":"closed","template":"","meta":{"_uf_show_specific_survey":0,"_uf_disable_surveys":false,"footnotes":""},"class_list":["post-14704","page","type-page","status-publish","hentry"],"bb_access":{"can_access":true,"restrict_message":null},"_links":{"self":[{"href":"https:\/\/nomadacademy.org\/fr\/wp-json\/wp\/v2\/pages\/14704","targetHints":{"allow":["GET"]}}],"collection":[{"href":"https:\/\/nomadacademy.org\/fr\/wp-json\/wp\/v2\/pages"}],"about":[{"href":"https:\/\/nomadacademy.org\/fr\/wp-json\/wp\/v2\/types\/page"}],"author":[{"embeddable":true,"href":"https:\/\/nomadacademy.org\/fr\/wp-json\/wp\/v2\/users\/20"}],"replies":[{"embeddable":true,"href":"https:\/\/nomadacademy.org\/fr\/wp-json\/wp\/v2\/comments?post=14704"}],"version-history":[{"count":4,"href":"https:\/\/nomadacademy.org\/fr\/wp-json\/wp\/v2\/pages\/14704\/revisions"}],"predecessor-version":[{"id":14709,"href":"https:\/\/nomadacademy.org\/fr\/wp-json\/wp\/v2\/pages\/14704\/revisions\/14709"}],"wp:attachment":[{"href":"https:\/\/nomadacademy.org\/fr\/wp-json\/wp\/v2\/media?parent=14704"}],"curies":[{"name":"wp","href":"https:\/\/api.w.org\/{rel}","templated":true}]}}