{"id":14355,"date":"2025-01-08T21:30:55","date_gmt":"2025-01-08T21:30:55","guid":{"rendered":"https:\/\/nomadacademy.org\/?page_id=14355"},"modified":"2025-01-08T22:19:35","modified_gmt":"2025-01-08T22:19:35","slug":"is-this-course-for-you","status":"publish","type":"page","link":"https:\/\/nomadacademy.org\/fr\/is-this-course-for-you\/","title":{"rendered":"Ce cours est-il fait pour vous ?"},"content":{"rendered":"<div data-elementor-type=\"wp-page\" data-elementor-id=\"14355\" class=\"elementor elementor-14355\" data-elementor-post-type=\"page\">\n\t\t\t\t\t\t<section class=\"elementor-section elementor-top-section elementor-element elementor-element-4dac6190 elementor-section-boxed elementor-section-height-default elementor-section-height-default\" data-id=\"4dac6190\" data-element_type=\"section\" data-e-type=\"section\">\n\t\t\t\t\t\t<div class=\"elementor-container elementor-column-gap-default\">\n\t\t\t\t\t<div class=\"elementor-column elementor-col-100 elementor-top-column elementor-element elementor-element-14107cda\" data-id=\"14107cda\" data-element_type=\"column\" data-e-type=\"column\">\n\t\t\t<div class=\"elementor-widget-wrap elementor-element-populated\">\n\t\t\t\t\t\t<div class=\"elementor-element elementor-element-52438895 elementor-widget elementor-widget-text-editor\" data-id=\"52438895\" data-element_type=\"widget\" data-e-type=\"widget\" data-widget_type=\"text-editor.default\">\n\t\t\t\t<div class=\"elementor-widget-container\">\n\t\t\t\t\t\t\t\t\t<p>If you love making videos and watching them go viral on social media, we want your attention.\u00a0 If you also have a heart for the lost, and want to do something important to make a difference, we hope you\u2019ll read on.<\/p>\n<p>Good News Productions, International utilise les m\u00e9dias pour l&#039;\u00e9vang\u00e9lisation depuis pr\u00e8s de cinq d\u00e9cennies, aidant les \u00e9glises et les minist\u00e8res \u00e0 cr\u00e9er des strat\u00e9gies de sensibilisation efficaces.\u00a0<\/p>\n<p>L&#039;utilisation des m\u00e9dias est tellement demand\u00e9e de nos jours que nous avons d\u00e9cid\u00e9 d&#039;aider les autres \u00e0 apprendre et \u00e0 ma\u00eetriser un processus efficace pour la formation de disciples num\u00e9riques.\u00a0<\/p>\n<p>Nomad Academy is our way to share that process.\u00a0 Our hope is to equip hundreds of digital missionaries who can learn, create and share the story of Christ around the world.<\/p>\n<h2><strong>Le concept nomade\u00a0:<\/strong><\/h2>\n<p>The Nomad curriculum has been used for more than a decade as a way to teach about the use of media as a tool for making disciples. \u00a0The acronym for Nomad spells out our mission:<\/p>\n<p style=\"padding-left: 40px;\"><strong>N<\/strong>national<br><strong>O<\/strong>utreach en utilisant<br><strong>M<\/strong>edia<br><strong>A<\/strong>et<br><strong>D<\/strong>le discipulat<\/p>\n<h2><strong>Qu&#039;est-ce que Nomad Academy ?<\/strong><\/h2>\n<p>Nomad Academy is an online training program focused on \u2018new media\u2019 outreach strategies.\u00a0 The courses are built around four main goals which are ministry-driven and results oriented.<\/p>\n<p style=\"padding-left: 40px;\"><strong>I.\u00a0 Develop Strategies:<\/strong> Expliquez les composantes cl\u00e9s d&#039;un programme de sensibilisation efficace qui guidera la cr\u00e9ation de contenu m\u00e9diatique utilis\u00e9 pour attirer et fid\u00e9liser les disciples potentiels.<\/p>\n<p style=\"padding-left: 40px;\"><strong>II.\u00a0 Create Content:<\/strong> Pr\u00e9senter et expliquer l&#039;importance du storytelling comme outil principal pour un contenu efficace.<\/p>\n<p style=\"padding-left: 40px;\"><strong>III.\u00a0 Explore Technology:<\/strong>\u00a0 Pr\u00e9senter et d\u00e9montrer les comp\u00e9tences techniques de base n\u00e9cessaires \u00e0 la production de projets multim\u00e9dias simples.<\/p>\n<p style=\"padding-left: 40px;\"><strong>IV.\u00a0 Distribute Online:<\/strong> Discutez de l&#039;utilisation des m\u00e9dias sociaux comme march\u00e9 num\u00e9rique pour le minist\u00e8re et de la mani\u00e8re de pr\u00e9senter votre message \u00e0 votre public cible.<\/p>\n<h2><strong>\u00c0 propos des cours<\/strong><\/h2>\n<p style=\"padding-left: 40px;\"><strong>S\u00e9quence de quatre cours\u00a0:<\/strong>\u00a0 Chaque cours est con\u00e7u pour \u00eatre suivi ind\u00e9pendamment, mais suivis dans l&#039;ordre, les \u00e9tudiants apprendront et mettront en \u0153uvre les meilleures pratiques strat\u00e9giques pour un processus de nouveaux m\u00e9dias au service du minist\u00e8re.<\/p>\n<p style=\"padding-left: 40px;\"><strong>Travaux pratiques :<\/strong>\u00a0 Les travaux pratiques permettront \u00e0 l&#039;\u00e9tudiant d&#039;acqu\u00e9rir une exp\u00e9rience concr\u00e8te gr\u00e2ce \u00e0 des exercices sp\u00e9cifiques li\u00e9s au contexte et \u00e0 la r\u00e9gion de son minist\u00e8re.<\/p>\n<p style=\"padding-left: 40px;\"><strong>Accessible aux \u00e9tudiants internationaux<\/strong>:\u00a0 All courses have ESL-friendly content, \u00a0with the goal of having multiple languages in the future.<\/p>\n<p style=\"padding-left: 40px;\"><strong>Mentors et coachs\u00a0:<\/strong>\u00a0 La progression des \u00e9tudiants sera suivie par des mentors et des tuteurs de confiance qui pourront fournir des retours constructifs sous deux jours ouvr\u00e9s ainsi que des conseils pour leurs projets de cours. L&#039;utilisation de toute forme d&#039;intelligence artificielle pour r\u00e9pondre directement aux questions est interdite, sauf \u00e0 des fins de recherche ou pour d&#039;autres applications constructives similaires. Les d\u00e9tecteurs d&#039;intelligence artificielle seront utilis\u00e9s \u00e0 la discr\u00e9tion des tuteurs, qui pourront invalider les r\u00e9ponses et contraindre l&#039;\u00e9tudiant \u00e0 refaire le devoir.\u00a0<\/p>\n<h2><strong>Objectifs du minist\u00e8re<\/strong><\/h2>\n<p>Nomad Academy is a practical set of courses that will help create effective results for your ministry outreach efforts.\u00a0 The hands-on, practical assignments involved in the lessons and topics will help you develop an actual project where the concepts are put to work.\u00a0 Mentors and coaches will help you along the way, giving advice and encouragement based on their experience in your area. Nomad Academy creates an environment for growing together spiritually and skilfully, and no form of harassment or bullying will be allowed.\u00a0<\/p>\n<h2><strong>Prochaines \u00e9tapes<\/strong><\/h2>\n<p>Si ce programme de formation vous int\u00e9resse et que vous souhaitez vous inscrire aux cours en ligne, la prochaine \u00e9tape consiste \u00e0 remplir le formulaire. <strong>Candidature en ligne<\/strong> which follows this Introduction.\u00a0 Once you have been approved, you can begin work on\u00a0<a href=\"https:\/\/nomadacademy.org\/fr\/courses\/i-media-strategy\/\" target=\"_blank\">Course I \u2013 Strategy<\/a>.<\/p>\t\t\t\t\t\t\t\t<\/div>\n\t\t\t\t<\/div>\n\t\t\t\t<div class=\"elementor-element elementor-element-31236e0c elementor-align-center elementor-widget elementor-widget-button\" data-id=\"31236e0c\" data-element_type=\"widget\" data-e-type=\"widget\" data-widget_type=\"button.default\">\n\t\t\t\t<div class=\"elementor-widget-container\">\n\t\t\t\t\t\t\t\t\t<div class=\"elementor-button-wrapper\">\n\t\t\t\t\t<a class=\"elementor-button elementor-button-link elementor-size-sm\" href=\"https:\/\/nomadacademy.org\/fr\/online-application\/\">\n\t\t\t\t\t\t<span class=\"elementor-button-content-wrapper\">\n\t\t\t\t\t\t<span class=\"elementor-button-icon\">\n\t\t\t\t<i aria-hidden=\"true\" class=\"fas fa-arrow-right\"><\/i>\t\t\t<\/span>\n\t\t\t\t\t\t\t\t\t<span class=\"elementor-button-text\">Continuer<\/span>\n\t\t\t\t\t<\/span>\n\t\t\t\t\t<\/a>\n\t\t\t\t<\/div>\n\t\t\t\t\t\t\t\t<\/div>\n\t\t\t\t<\/div>\n\t\t\t\t<div class=\"elementor-element elementor-element-1cc4143e elementor-widget elementor-widget-spacer\" data-id=\"1cc4143e\" data-element_type=\"widget\" data-e-type=\"widget\" data-widget_type=\"spacer.default\">\n\t\t\t\t<div class=\"elementor-widget-container\">\n\t\t\t\t\t\t\t<div class=\"elementor-spacer\">\n\t\t\t<div class=\"elementor-spacer-inner\"><\/div>\n\t\t<\/div>\n\t\t\t\t\t\t<\/div>\n\t\t\t\t<\/div>\n\t\t\t\t\t<\/div>\n\t\t<\/div>\n\t\t\t\t\t<\/div>\n\t\t<\/section>\n\t\t\t\t<section class=\"elementor-section elementor-top-section elementor-element elementor-element-9799c1c elementor-section-boxed elementor-section-height-default elementor-section-height-default\" data-id=\"9799c1c\" data-element_type=\"section\" data-e-type=\"section\" data-settings=\"{\"background_background\":\"classic\"}\">\n\t\t\t\t\t\t<div class=\"elementor-container elementor-column-gap-default\">\n\t\t\t\t\t<div class=\"elementor-column elementor-col-100 elementor-top-column elementor-element elementor-element-1399f0f4\" data-id=\"1399f0f4\" data-element_type=\"column\" data-e-type=\"column\">\n\t\t\t<div class=\"elementor-widget-wrap elementor-element-populated\">\n\t\t\t\t\t\t<div class=\"elementor-element elementor-element-73f6de68 elementor-position-top elementor-widget elementor-widget-image-box\" data-id=\"73f6de68\" data-element_type=\"widget\" data-e-type=\"widget\" data-widget_type=\"image-box.default\">\n\t\t\t\t<div class=\"elementor-widget-container\">\n\t\t\t\t\t<div class=\"elementor-image-box-wrapper\"><figure class=\"elementor-image-box-img\"><img decoding=\"async\" src=\"https:\/\/nomadacademy.org\/wp-content\/uploads\/2020\/12\/2021-10-04-150x150.png\" title=\"2021-10-04\" alt=\"2021-10-04\" loading=\"lazy\" \/><\/figure><div class=\"elementor-image-box-content\"><h3 class=\"elementor-image-box-title\">Qui est GNPI ?<\/h3><p class=\"elementor-image-box-description\">Good News Productions, International a \u00e9t\u00e9 fond\u00e9e en 1975 afin d&#039;aider les \u00e9glises et les organisations missionnaires du monde entier \u00e0 produire des supports m\u00e9diatiques adapt\u00e9s aux diff\u00e9rentes cultures pour leur minist\u00e8re. Aujourd&#039;hui, GNPI compte 25 \u00e9quipes. Nous avons produit des contenus audiovisuels dans plus de 100 langues et partag\u00e9 l&#039;\u00c9vangile avec des millions de personnes \u00e0 travers le monde. Avec l&#039;essor d&#039;Internet et des r\u00e9seaux sociaux, nous d\u00e9veloppons \u00e9galement des plateformes et des strat\u00e9gies pour dialoguer en ligne avec des publics vari\u00e9s, quelles que soient leurs cultures et leurs visions du monde. Pour en savoir plus, consultez notre site web\u00a0: gnpi.org<\/p><\/div><\/div>\t\t\t\t<\/div>\n\t\t\t\t<\/div>\n\t\t\t\t\t<\/div>\n\t\t<\/div>\n\t\t\t\t\t<\/div>\n\t\t<\/section>\n\t\t\t\t<\/div>","protected":false},"excerpt":{"rendered":"<p>If you love making videos and watching them go viral on social media, we want your attention.\u00a0 If you also have a heart for the\u2026<\/p>","protected":false},"author":20,"featured_media":0,"parent":0,"menu_order":0,"comment_status":"closed","ping_status":"closed","template":"","meta":{"_uf_show_specific_survey":0,"_uf_disable_surveys":false,"footnotes":""},"class_list":["post-14355","page","type-page","status-publish","hentry"],"bb_access":{"can_access":true,"restrict_message":null},"_links":{"self":[{"href":"https:\/\/nomadacademy.org\/fr\/wp-json\/wp\/v2\/pages\/14355","targetHints":{"allow":["GET"]}}],"collection":[{"href":"https:\/\/nomadacademy.org\/fr\/wp-json\/wp\/v2\/pages"}],"about":[{"href":"https:\/\/nomadacademy.org\/fr\/wp-json\/wp\/v2\/types\/page"}],"author":[{"embeddable":true,"href":"https:\/\/nomadacademy.org\/fr\/wp-json\/wp\/v2\/users\/20"}],"replies":[{"embeddable":true,"href":"https:\/\/nomadacademy.org\/fr\/wp-json\/wp\/v2\/comments?post=14355"}],"version-history":[{"count":10,"href":"https:\/\/nomadacademy.org\/fr\/wp-json\/wp\/v2\/pages\/14355\/revisions"}],"predecessor-version":[{"id":14373,"href":"https:\/\/nomadacademy.org\/fr\/wp-json\/wp\/v2\/pages\/14355\/revisions\/14373"}],"wp:attachment":[{"href":"https:\/\/nomadacademy.org\/fr\/wp-json\/wp\/v2\/media?parent=14355"}],"curies":[{"name":"wp","href":"https:\/\/api.w.org\/{rel}","templated":true}]}}