{"id":7754,"date":"2024-03-20T01:13:08","date_gmt":"2024-03-20T01:13:08","guid":{"rendered":"https:\/\/nomadacademy.org\/?page_id=7754"},"modified":"2024-08-20T11:56:20","modified_gmt":"2024-08-20T11:56:20","slug":"dl","status":"publish","type":"page","link":"https:\/\/nomadacademy.org\/es\/dl\/","title":{"rendered":"dl"},"content":{"rendered":"<h2>Ya disponible en play store y app store<\/h2>\n<p>Good News Productions, International ha estado ayudando a capacitar y equipar equipos de medios en todo el mundo durante d\u00e9cadas, utilizando tecnolog\u00edas de vanguardia para compartir el Evangelio.\u00a0<\/p>\n<p>La experiencia y los conocimientos de los equipos de GNPI se est\u00e1n volcando en este sitio web de aprendizaje electr\u00f3nico, con el \u00fanico prop\u00f3sito de ayudar a equipar para el servicio a la pr\u00f3xima generaci\u00f3n de \"ministros de los medios de comunicaci\u00f3n\".<\/p>\n<p>Ahora los usuarios pueden aprender a trav\u00e9s de la aplicaci\u00f3n Nomad Academy en Google Play Store y App Store de Apple. Haz clic en los siguientes enlaces para descargar la aplicaci\u00f3n.<\/p>\n<p>\t\t\t\t\t\t\t\t\t\t\t\t\t\t<a href=\"https:\/\/apps.apple.com\/app\/nomad-academy\/id6477720028\"><br \/>\n\t\t\t\t\t\t\t<img fetchpriority=\"high\" decoding=\"async\" width=\"640\" height=\"188\" src=\"https:\/\/nomadacademy.org\/wp-content\/uploads\/2024\/03\/App-Store-1024x301.webp\" alt=\"\" srcset=\"https:\/\/nomadacademy.org\/wp-content\/uploads\/2024\/03\/App-Store-1024x301.webp 1024w, https:\/\/nomadacademy.org\/wp-content\/uploads\/2024\/03\/App-Store-300x88.webp 300w, https:\/\/nomadacademy.org\/wp-content\/uploads\/2024\/03\/App-Store-768x225.webp 768w, https:\/\/nomadacademy.org\/wp-content\/uploads\/2024\/03\/App-Store-18x5.webp 18w, https:\/\/nomadacademy.org\/wp-content\/uploads\/2024\/03\/App-Store-624x183.webp 624w, https:\/\/nomadacademy.org\/wp-content\/uploads\/2024\/03\/App-Store.webp 1080w\" sizes=\"(max-width: 640px) 100vw, 640px\" \/>\t\t\t\t\t\t\t\t<\/a><br \/>\n\t\t\t\t\t\t\t\t\t\t\t\t\t\t<a href=\"https:\/\/play.google.com\/store\/apps\/details?id=org.nomadacademy.nomadacademy\"><br \/>\n\t\t\t\t\t\t\t<img decoding=\"async\" width=\"640\" height=\"189\" src=\"https:\/\/nomadacademy.org\/wp-content\/uploads\/2024\/03\/Google-Play-1024x303.webp\" alt=\"\" srcset=\"https:\/\/nomadacademy.org\/wp-content\/uploads\/2024\/03\/Google-Play-1024x303.webp 1024w, https:\/\/nomadacademy.org\/wp-content\/uploads\/2024\/03\/Google-Play-300x89.webp 300w, https:\/\/nomadacademy.org\/wp-content\/uploads\/2024\/03\/Google-Play-768x227.webp 768w, https:\/\/nomadacademy.org\/wp-content\/uploads\/2024\/03\/Google-Play-18x5.webp 18w, https:\/\/nomadacademy.org\/wp-content\/uploads\/2024\/03\/Google-Play-624x184.webp 624w, https:\/\/nomadacademy.org\/wp-content\/uploads\/2024\/03\/Google-Play.webp 1079w\" sizes=\"(max-width: 640px) 100vw, 640px\" \/>\t\t\t\t\t\t\t\t<\/a><\/p>","protected":false},"excerpt":{"rendered":"<p>Ahora disponible en play store y app store Good News Productions, International lleva ayudando a formar y equipar a equipos de medios de comunicaci\u00f3n de todo el mundo desde...<\/p>","protected":false},"author":20,"featured_media":0,"parent":0,"menu_order":0,"comment_status":"closed","ping_status":"closed","template":"","meta":{"_uf_show_specific_survey":0,"_uf_disable_surveys":false,"footnotes":""},"class_list":["post-7754","page","type-page","status-publish","hentry"],"bb_access":{"can_access":true,"restrict_message":null},"_links":{"self":[{"href":"https:\/\/nomadacademy.org\/es\/wp-json\/wp\/v2\/pages\/7754","targetHints":{"allow":["GET"]}}],"collection":[{"href":"https:\/\/nomadacademy.org\/es\/wp-json\/wp\/v2\/pages"}],"about":[{"href":"https:\/\/nomadacademy.org\/es\/wp-json\/wp\/v2\/types\/page"}],"author":[{"embeddable":true,"href":"https:\/\/nomadacademy.org\/es\/wp-json\/wp\/v2\/users\/20"}],"replies":[{"embeddable":true,"href":"https:\/\/nomadacademy.org\/es\/wp-json\/wp\/v2\/comments?post=7754"}],"version-history":[{"count":12,"href":"https:\/\/nomadacademy.org\/es\/wp-json\/wp\/v2\/pages\/7754\/revisions"}],"predecessor-version":[{"id":11192,"href":"https:\/\/nomadacademy.org\/es\/wp-json\/wp\/v2\/pages\/7754\/revisions\/11192"}],"wp:attachment":[{"href":"https:\/\/nomadacademy.org\/es\/wp-json\/wp\/v2\/media?parent=7754"}],"curies":[{"name":"wp","href":"https:\/\/api.w.org\/{rel}","templated":true}]}}