{"id":7474,"date":"2024-02-20T10:56:11","date_gmt":"2024-02-20T10:56:11","guid":{"rendered":"https:\/\/nomadacademy.org\/?page_id=7474"},"modified":"2024-02-23T08:38:36","modified_gmt":"2024-02-23T08:38:36","slug":"community-guidelines","status":"publish","type":"page","link":"https:\/\/nomadacademy.org\/es\/community-guidelines\/","title":{"rendered":"Principios de la Comunidad"},"content":{"rendered":"<div data-elementor-type=\"wp-page\" data-elementor-id=\"7474\" class=\"elementor elementor-7474\" data-elementor-post-type=\"page\">\n\t\t\t\t\t\t<section class=\"elementor-section elementor-top-section elementor-element elementor-element-49526f96 elementor-section-boxed elementor-section-height-default elementor-section-height-default\" data-id=\"49526f96\" data-element_type=\"section\" data-e-type=\"section\">\n\t\t\t\t\t\t<div class=\"elementor-container elementor-column-gap-default\">\n\t\t\t\t\t<div class=\"elementor-column elementor-col-100 elementor-top-column elementor-element elementor-element-368e4eb5\" data-id=\"368e4eb5\" data-element_type=\"column\" data-e-type=\"column\">\n\t\t\t<div class=\"elementor-widget-wrap elementor-element-populated\">\n\t\t\t\t\t\t<div class=\"elementor-element elementor-element-31a6400a elementor-widget elementor-widget-text-editor\" data-id=\"31a6400a\" data-element_type=\"widget\" data-e-type=\"widget\" data-widget_type=\"text-editor.default\">\n\t\t\t\t<div class=\"elementor-widget-container\">\n\t\t\t\t\t<div class=\"bb-theme-elementor-wrap bb-elementor-custom-color\">\t\t\t\t<p><\/p>\n<h2 class=\"wp-block-heading\">\u00bfCu\u00e1les son las pautas comunitarias de Nomad Academy?<\/h2>\n<p><\/p>\n<p><\/p>\n<p>Actualizado el 20 de febrero de 2024<\/p>\n<p><\/p>\n<p><\/p>\n<p>La misi\u00f3n de Nomad Academy es brindar educaci\u00f3n medi\u00e1tica gratuita y de primer nivel para creyentes, en cualquier lugar, que deseen utilizar los medios para compartir el evangelio, y el objetivo de estas Pautas comunitarias es brindar un ambiente acogedor donde todos se sientan c\u00f3modos aprendiendo.\u00a0\u00a0<\/p>\n<p><\/p>\n<p><\/p>\n<h2 class=\"wp-block-heading\"><strong>\u00bfComo puedes ayudar?<\/strong><\/h2>\n<p><\/p>\n<p><\/p>\n<p><strong>da una gran respuesta<\/strong><\/p>\n<p><\/p>\n<p><\/p>\n<ul class=\"wp-block-list\"><p><\/p>\n<li>Nos ense\u00f1amos unos a otros, as\u00ed que, en lugar de responder \u201cS\u00ed\u201d o \u201cNo\u201d, \u00a1comparte tu respuesta como lo har\u00eda tu maestro favorito! D\u00e9 respuestas completas que sean f\u00e1ciles de entender.<\/li>\n<p><\/p>\n<p><\/p>\n<li>\u00a1Recuerda que t\u00fa tambi\u00e9n fuiste nuevo aqu\u00ed! Sea paciente y t\u00f3mese el tiempo para hacer que las personas se sientan bienvenidas y ay\u00fadelas a comenzar su viaje de aprendizaje. Comparta sus propios consejos y trucos para utilizar Nomad Academy.<\/li>\n<p><\/p>\n<p><\/p>\n<li>Cuando sea relevante, puede ser \u00fatil compartir enlaces a recursos adicionales que las personas puedan encontrar \u00fatiles (como art\u00edculos en nuestra\u00a0<a href=\"https:\/\/*\">Centro de ayuda<\/a> \u2013 <u><b>p\u00e1gina pr\u00f3ximamente<\/b><\/u> -).<\/li>\n<p><\/p><\/ul>\n<p><\/p>\n<p><\/p>\n<p><strong>ser autosuficiente<\/strong><\/p>\n<p><\/p>\n<p><\/p>\n<ul class=\"wp-block-list\"><p><\/p>\n<li>Antes de hacer una pregunta, haga una verificaci\u00f3n r\u00e1pida para ver si ya se hizo antes. Si es as\u00ed, agregue su comentario en el hilo existente o vote el comentario de otra persona. Tambi\u00e9n puede encontrar excelentes recursos en nuestro Centro de ayuda y Comunidad de soporte.<\/li>\n<p><\/p>\n<p><\/p>\n<li>Si alguien ya respondi\u00f3 una pregunta, no repita su respuesta; en su lugar, vote a favor.<\/li>\n<p><\/p><\/ul>\n<p><\/p>\n<p><\/p>\n<h2 class=\"wp-block-heading\"><strong>Esto es lo que se debe evitar:<\/strong><\/h2>\n<p><\/p>\n<p><\/p>\n<p><strong>Comentarios de baja calidad<\/strong><\/p>\n<p><\/p>\n<p><\/p>\n<ul class=\"wp-block-list\"><p><\/p>\n<li>Estos incluyen respuestas duplicadas, tonter\u00edas, spam o publicaciones repetitivas, anuncios, enlaces de baja calidad, pedir a otros que te sigan o voten a favor de tus publicaciones y cualquier cosa que contenga lenguaje ofensivo.<\/li>\n<p><\/p>\n<p><\/p>\n<li>Cualquier cosa grosera o irrespetuosa hacia otro miembro de Nomad Academy, incluidos los voluntarios y el personal. Esto incluye hacerse pasar por otra persona.<\/li>\n<p><\/p>\n<p><\/p>\n<li>En general, si no te sientes c\u00f3modo con que un entrenador o mentor lea lo que est\u00e1s escribiendo, es mejor no publicarlo.  Recuerde que estudiantes de todas las edades utilizan Nomad Academy y esperamos que los comentarios de todos reflejen eso.<\/li>\n<p><\/p><\/ul>\n<p><\/p>\n<p><\/p>\n<p><strong>Discusiones fuera de tema<\/strong><\/p>\n<p><\/p>\n<p><\/p>\n<ul class=\"wp-block-list\"><p><\/p>\n<li>Mantenga las conversaciones relevantes para el tema en el que est\u00e1 publicando. Las preguntas y comentarios que no est\u00e9n relacionados con el contenido del tema de nomadacademy.org deben publicarse en el subforo correspondiente en la comunidad de soporte.\u00a0 <\/li>\n<p><\/p>\n<p><\/p>\n<li>Dado que Nomad Academy se centra en el aprendizaje y el ministerio por encima de todo, pedimos que se fomente la discusi\u00f3n sobre el cristianismo y el estudio de los medios.  Hay muchos lugares en Internet donde estas discusiones son muy bienvenidas, pero hemos descubierto que estos temas distraen en gran medida en Nomad Academy.\n<ul class=\"wp-block-list\"><p><\/p>\n<li><strong>Nota:<\/strong>\u00a0Se pueden hacer excepciones para ciertos contenidos de humanidades (como historia), pero t\u00f3mate un minuto antes de publicar para asegurarte de que cualquier comentario que hagas sea realmente para el mejor inter\u00e9s de la comunidad.<\/li>\n<p><\/p><\/ul>\n<p><\/p><\/li>\n<p><\/p>\n<p><\/p>\n<li>No solicite informaci\u00f3n personal de otras personas (esto incluye nombres reales, direcciones de correo electr\u00f3nico, edades, ubicaciones y cualquier otra cosa que alguien quiera mantener privada) ni publique informaci\u00f3n personal que no sea apropiado compartir p\u00fablicamente.<\/li>\n<p><\/p><\/ul>\n<p><\/p>\n<p><\/p>\n<p>Las violaciones de estas Pautas pueden resultar en la eliminaci\u00f3n de publicaciones, la suspensi\u00f3n de privilegios para comentar y otras acciones administrativas.<\/p>\n<p><\/p>\n<p><\/p>\n<h2 class=\"wp-block-heading\"><strong>\u00bfPor qu\u00e9 me prohibieron?<\/strong><\/h2>\n<p><\/p>\n<p><\/p>\n<p>En general, un tutor puede prohibir a los usuarios que violen persistentemente las pautas comunitarias de Nomad Academy las actividades comunitarias. Si desea informaci\u00f3n espec\u00edfica sobre por qu\u00e9 se prohibi\u00f3 su cuenta o si desea presentar una apelaci\u00f3n de prohibici\u00f3n, complete y env\u00ede un formulario de apelaci\u00f3n de prohibici\u00f3n.<\/p>\n<p><\/p>\n<p><\/p>\n<p>Un tutor revisar\u00e1 su solicitud y le responder\u00e1 a trav\u00e9s de un mensaje de tutor en su perfil. Tenga en cuenta que recibimos muchas solicitudes de apelaci\u00f3n de prohibici\u00f3n, por lo que puede llevar varios d\u00edas recibir una respuesta.<\/p>\n<p><\/p>\n<p><\/p>\n<ul class=\"wp-block-list\"><p><\/p>\n<li><\/li>\n<p><\/p><\/ul>\n<p><\/p>\t\t\t\t<\/div>\t\t\t\t<\/div>\n\t\t\t\t<\/div>\n\t\t\t\t\t<\/div>\n\t\t<\/div>\n\t\t\t\t\t<\/div>\n\t\t<\/section>\n\t\t\t\t<\/div>","protected":false},"excerpt":{"rendered":"<p>\u00bfCu\u00e1les son las pautas comunitarias de Nomad Academy? Actualizado el 20 de febrero de 2024 La misi\u00f3n de Nomad Academy es brindar educaci\u00f3n medi\u00e1tica gratuita y de primer nivel para los creyentes, en cualquier lugar,...<\/p>","protected":false},"author":20,"featured_media":0,"parent":0,"menu_order":0,"comment_status":"closed","ping_status":"closed","template":"","meta":{"_uf_show_specific_survey":0,"_uf_disable_surveys":false,"footnotes":""},"class_list":["post-7474","page","type-page","status-publish","hentry"],"bb_access":{"can_access":true,"restrict_message":null},"_links":{"self":[{"href":"https:\/\/nomadacademy.org\/es\/wp-json\/wp\/v2\/pages\/7474","targetHints":{"allow":["GET"]}}],"collection":[{"href":"https:\/\/nomadacademy.org\/es\/wp-json\/wp\/v2\/pages"}],"about":[{"href":"https:\/\/nomadacademy.org\/es\/wp-json\/wp\/v2\/types\/page"}],"author":[{"embeddable":true,"href":"https:\/\/nomadacademy.org\/es\/wp-json\/wp\/v2\/users\/20"}],"replies":[{"embeddable":true,"href":"https:\/\/nomadacademy.org\/es\/wp-json\/wp\/v2\/comments?post=7474"}],"version-history":[{"count":0,"href":"https:\/\/nomadacademy.org\/es\/wp-json\/wp\/v2\/pages\/7474\/revisions"}],"wp:attachment":[{"href":"https:\/\/nomadacademy.org\/es\/wp-json\/wp\/v2\/media?parent=7474"}],"curies":[{"name":"wp","href":"https:\/\/api.w.org\/{rel}","templated":true}]}}