{"id":7448,"date":"2024-02-20T05:58:00","date_gmt":"2024-02-20T05:58:00","guid":{"rendered":"https:\/\/nomadacademy.org\/?page_id=7448"},"modified":"2024-02-20T06:20:58","modified_gmt":"2024-02-20T06:20:58","slug":"digital-millennium-copyright-act-notification-guidelines","status":"publish","type":"page","link":"https:\/\/nomadacademy.org\/es\/digital-millennium-copyright-act-notification-guidelines\/","title":{"rendered":"Directrices de notificaci\u00f3n de la Ley de derechos de autor del milenio digital"},"content":{"rendered":"<div data-elementor-type=\"wp-page\" data-elementor-id=\"7448\" class=\"elementor elementor-7448\" data-elementor-post-type=\"page\">\n\t\t\t\t\t\t<section class=\"elementor-section elementor-top-section elementor-element elementor-element-044863c elementor-section-boxed elementor-section-height-default elementor-section-height-default\" data-id=\"044863c\" data-element_type=\"section\" data-e-type=\"section\">\n\t\t\t\t\t\t<div class=\"elementor-container elementor-column-gap-default\">\n\t\t\t\t\t<div class=\"elementor-column elementor-col-100 elementor-top-column elementor-element elementor-element-d9e590e\" data-id=\"d9e590e\" data-element_type=\"column\" data-e-type=\"column\">\n\t\t\t<div class=\"elementor-widget-wrap elementor-element-populated\">\n\t\t\t\t\t\t<div class=\"elementor-element elementor-element-2c391b9 elementor-widget elementor-widget-text-editor\" data-id=\"2c391b9\" data-element_type=\"widget\" data-e-type=\"widget\" data-widget_type=\"text-editor.default\">\n\t\t\t\t<div class=\"elementor-widget-container\">\n\t\t\t\t\t\t\t\t\t<h3 style=\"margin-bottom: 22px; border: 0px; font-variant-numeric: inherit; font-variant-east-asian: inherit; font-variant-alternates: inherit; font-variant-position: inherit; font-stretch: inherit; font-size: 18px; line-height: inherit; font-family: Lato, 'Noto Sans', Helvetica, Corbel, sans-serif, Helvetica, Corbel, sans-serif; font-optical-sizing: inherit; font-kerning: inherit; font-feature-settings: inherit; font-variation-settings: inherit; vertical-align: baseline; box-sizing: inherit; color: #21242c; text-transform: none; background-color: #ffffff;\"><strong>Notificaci\u00f3n de infracci\u00f3n<\/strong><\/h3><p style=\"margin-top: 22px; margin-bottom: 22px; border: 0px; font-variant-numeric: inherit; font-variant-east-asian: inherit; font-variant-alternates: inherit; font-variant-position: inherit; font-stretch: inherit; font-size: 14px; line-height: inherit; font-family: Lato, 'Noto Sans', Helvetica, Corbel, sans-serif, Helvetica, Corbel, sans-serif; font-optical-sizing: inherit; font-kerning: inherit; font-feature-settings: inherit; font-variation-settings: inherit; vertical-align: baseline; box-sizing: inherit; color: #21242c; background-color: #ffffff;\">Nuestra pol\u00edtica es responder a avisos claros de supuestas infracciones de derechos de autor. Esta p\u00e1gina explica la informaci\u00f3n que debe incluirse en estos avisos, seg\u00fan lo exige la Ley de Derechos de Autor del Milenio Digital (\u201cDMCA\u201d). Al recibir un aviso que cumple con la DMCA, Nomad Academy, Inc., una organizaci\u00f3n 501(c)(3) (\u201cNomad Academy\u201d), eliminar\u00e1 o deshabilitar\u00e1 r\u00e1pidamente el acceso al contenido objeto del aviso.<\/p><p style=\"margin-top: 22px; margin-bottom: 22px; border: 0px; font-variant-numeric: inherit; font-variant-east-asian: inherit; font-variant-alternates: inherit; font-variant-position: inherit; font-stretch: inherit; font-size: 14px; line-height: inherit; font-family: Lato, 'Noto Sans', Helvetica, Corbel, sans-serif, Helvetica, Corbel, sans-serif; font-optical-sizing: inherit; font-kerning: inherit; font-feature-settings: inherit; font-variation-settings: inherit; vertical-align: baseline; box-sizing: inherit; color: #21242c; background-color: #ffffff;\">Si usted es propietario de derechos de autor o un agente autorizado del mismo y desea presentarnos un aviso de infracci\u00f3n, puede enviar un aviso proporcionando al Agente de derechos de autor designado de Nomad Academy la siguiente informaci\u00f3n por escrito (consulte a su asesor legal o Consulte 17 USC Secci\u00f3n 512(c)(3) para confirmar estos requisitos):<\/p><ol style=\"margin-bottom: 0px; border: 0px; font-variant-numeric: inherit; font-variant-east-asian: inherit; font-variant-alternates: inherit; font-variant-position: inherit; font-stretch: inherit; font-size: 15px; line-height: inherit; font-family: Lato, 'Noto Sans', Helvetica, Corbel, sans-serif, Helvetica, Corbel, sans-serif; font-optical-sizing: inherit; font-kerning: inherit; font-feature-settings: inherit; font-variation-settings: inherit; vertical-align: baseline; box-sizing: inherit; color: #21242c; background-color: #ffffff; margin-left: 3em !important; list-style-position: initial !important; list-style-image: initial !important;\"><li style=\"padding: 0px; border: 0px; font: inherit; vertical-align: baseline; box-sizing: inherit; margin: 0px 0px 1.5em !important 0px;\">Firma f\u00edsica o electr\u00f3nica de una persona autorizada para actuar en nombre del titular de un derecho exclusivo supuestamente infringido.<\/li><li style=\"padding: 0px; border: 0px; font: inherit; vertical-align: baseline; box-sizing: inherit; margin: 0px 0px 1.5em !important 0px;\">Identificaci\u00f3n de la obra protegida por derechos de autor que se alega ha sido infringida o, si varias obras protegidas por derechos de autor en el sitio web de Nomad Academy est\u00e1n cubiertas por una sola notificaci\u00f3n, una lista representativa de dichas obras en ese sitio.<\/li><li style=\"padding: 0px; border: 0px; font: inherit; vertical-align: baseline; box-sizing: inherit; margin: 0px 0px 1.5em !important 0px;\">Identificaci\u00f3n del material que se afirma que infringe o que es objeto de actividad infractora y que debe eliminarse o cuyo acceso debe deshabilitarse, e informaci\u00f3n razonablemente suficiente para permitir a Nomad Academy localizar el material.<\/li><li style=\"padding: 0px; border: 0px; font: inherit; vertical-align: baseline; box-sizing: inherit; margin: 0px 0px 1.5em !important 0px;\">Informaci\u00f3n razonablemente suficiente para permitir que Nomad Academy se comunique con usted, como una direcci\u00f3n, un n\u00famero de tel\u00e9fono y, si est\u00e1 disponible, una direcci\u00f3n de correo electr\u00f3nico en la que podamos comunicarnos con usted.<\/li><li style=\"padding: 0px; border: 0px; font: inherit; vertical-align: baseline; box-sizing: inherit; margin: 0px 0px 1.5em !important 0px;\">Una declaraci\u00f3n de que usted cree de buena fe que el uso del material en la forma denunciada no est\u00e1 autorizado por el propietario de los derechos de autor, su agente o la ley.<\/li><li style=\"padding: 0px; border: 0px; font: inherit; vertical-align: baseline; box-sizing: inherit; margin: 0px 0px 1.5em !important 0px;\">Una declaraci\u00f3n de que la informaci\u00f3n contenida en la notificaci\u00f3n es exacta y, bajo pena de perjurio, de que est\u00e1 autorizado a actuar en nombre del propietario de un derecho exclusivo que supuestamente se ha infringido.<\/li><\/ol><p style=\"margin-top: 22px; margin-bottom: 22px; border: 0px; font-variant-numeric: inherit; font-variant-east-asian: inherit; font-variant-alternates: inherit; font-variant-position: inherit; font-stretch: inherit; font-size: 14px; line-height: inherit; font-family: Lato, 'Noto Sans', Helvetica, Corbel, sans-serif, Helvetica, Corbel, sans-serif; font-optical-sizing: inherit; font-kerning: inherit; font-feature-settings: inherit; font-variation-settings: inherit; vertical-align: baseline; box-sizing: inherit; color: #21242c; background-color: #ffffff;\">Tenga en cuenta que, seg\u00fan la Secci\u00f3n 512(f) de la DMCA, cualquier persona que, a sabiendas, tergiverse materialmente que el material o la actividad est\u00e1 infringiendo puede estar sujeta a responsabilidad. Si no est\u00e1 seguro de si el material disponible en l\u00ednea infringe sus derechos de autor, le sugerimos que se comunique con un abogado antes de enviarnos un aviso.<\/p><h3 style=\"margin-bottom: 22px; border: 0px; font-variant-numeric: inherit; font-variant-east-asian: inherit; font-variant-alternates: inherit; font-variant-position: inherit; font-stretch: inherit; font-size: 18px; line-height: inherit; font-family: Lato, 'Noto Sans', Helvetica, Corbel, sans-serif, Helvetica, Corbel, sans-serif; font-optical-sizing: inherit; font-kerning: inherit; font-feature-settings: inherit; font-variation-settings: inherit; vertical-align: baseline; box-sizing: inherit; color: #21242c; text-transform: none; background-color: #ffffff;\">Contranotificaci\u00f3n<\/h3><p style=\"margin-top: 22px; margin-bottom: 22px; border: 0px; font-variant-numeric: inherit; font-variant-east-asian: inherit; font-variant-alternates: inherit; font-variant-position: inherit; font-stretch: inherit; font-size: 14px; line-height: inherit; font-family: Lato, 'Noto Sans', Helvetica, Corbel, sans-serif, Helvetica, Corbel, sans-serif; font-optical-sizing: inherit; font-kerning: inherit; font-feature-settings: inherit; font-variation-settings: inherit; vertical-align: baseline; box-sizing: inherit; color: #21242c; background-color: #ffffff;\">El administrador de un sitio afectado o el proveedor del contenido afectado puede realizar una contranotificaci\u00f3n seg\u00fan las secciones 512(g)(2) y (3) de la DMCA. Si elige enviarnos una contranotificaci\u00f3n, para que sea efectiva debe ser una comunicaci\u00f3n escrita que incluya lo siguiente (consulte a su asesor legal o consulte 17 USC Secci\u00f3n 512(g)(3) para confirmar estos requisitos):<\/p><ol style=\"margin-bottom: 0px; margin-left: 0px; border: 0px; font-variant-numeric: inherit; font-variant-east-asian: inherit; font-variant-alternates: inherit; font-variant-position: inherit; font-stretch: inherit; font-size: 15px; line-height: inherit; font-family: Lato, 'Noto Sans', Helvetica, Corbel, sans-serif, Helvetica, Corbel, sans-serif; font-optical-sizing: inherit; font-kerning: inherit; font-feature-settings: inherit; font-variation-settings: inherit; vertical-align: baseline; list-style: none; box-sizing: inherit; color: #21242c; background-color: #ffffff;\"><li style=\"padding: 0px; border: 0px; font: inherit; vertical-align: baseline; box-sizing: inherit; margin: 0px 0px 1.5em !important 0px;\">Una firma f\u00edsica o electr\u00f3nica del suscriptor.<\/li><li style=\"padding: 0px; border: 0px; font: inherit; vertical-align: baseline; box-sizing: inherit; margin: 0px 0px 1.5em !important 0px;\">Identificaci\u00f3n del material que ha sido eliminado o cuyo acceso ha sido deshabilitado y la ubicaci\u00f3n en la que apareci\u00f3 el material antes de que fuera eliminado o se deshabilitara el acceso al mismo.<\/li><li style=\"padding: 0px; border: 0px; font: inherit; vertical-align: baseline; box-sizing: inherit; margin: 0px 0px 1.5em !important 0px;\">Una declaraci\u00f3n bajo pena de perjurio de que el suscriptor cree de buena fe que el material fue eliminado o deshabilitado como resultado de un error o identificaci\u00f3n err\u00f3nea del material que se eliminar\u00e1 o deshabilitar\u00e1.<\/li><li style=\"padding: 0px; border: 0px; font: inherit; vertical-align: baseline; box-sizing: inherit; margin: 0px 0px 1.5em !important 0px;\">El nombre, direcci\u00f3n y n\u00famero de tel\u00e9fono del suscriptor, y una declaraci\u00f3n de que el suscriptor acepta la jurisdicci\u00f3n del Tribunal de Distrito Federal para el distrito judicial en el que se encuentra la direcci\u00f3n, o si la direcci\u00f3n del suscriptor est\u00e1 fuera de los Estados Unidos, para cualquier decisi\u00f3n judicial. distrito en el que se puede encontrar Nomad Academy, y que el suscriptor aceptar\u00e1 la notificaci\u00f3n del proceso de la persona que proporcion\u00f3 la notificaci\u00f3n bajo la subsecci\u00f3n (c)(1)(C) o un agente de dicha persona.<\/li><\/ol><p style=\"margin-top: 22px; margin-bottom: 22px; border: 0px; font-variant-numeric: inherit; font-variant-east-asian: inherit; font-variant-alternates: inherit; font-variant-position: inherit; font-stretch: inherit; font-size: 14px; line-height: inherit; font-family: Lato, 'Noto Sans', Helvetica, Corbel, sans-serif, Helvetica, Corbel, sans-serif; font-optical-sizing: inherit; font-kerning: inherit; font-feature-settings: inherit; font-variation-settings: inherit; vertical-align: baseline; box-sizing: inherit; color: #21242c; background-color: #ffffff;\">Tenga en cuenta que, seg\u00fan la Secci\u00f3n 512(f) de la Ley de derechos de autor, cualquier persona que, a sabiendas, tergiverse materialmente que el material o la actividad fue eliminado o deshabilitado por error o identificaci\u00f3n err\u00f3nea puede estar sujeto a responsabilidad.<\/p><h3 style=\"margin-bottom: 22px; border: 0px; font-variant-numeric: inherit; font-variant-east-asian: inherit; font-variant-alternates: inherit; font-variant-position: inherit; font-stretch: inherit; font-size: 18px; line-height: inherit; font-family: Lato, 'Noto Sans', Helvetica, Corbel, sans-serif, Helvetica, Corbel, sans-serif; font-optical-sizing: inherit; font-kerning: inherit; font-feature-settings: inherit; font-variation-settings: inherit; vertical-align: baseline; box-sizing: inherit; color: #21242c; text-transform: none; background-color: #ffffff;\">Agente de derechos de autor designado<\/h3><p style=\"margin-top: 22px; margin-bottom: 22px; border: 0px; font-variant-numeric: inherit; font-variant-east-asian: inherit; font-variant-alternates: inherit; font-variant-position: inherit; font-stretch: inherit; font-size: 14px; line-height: inherit; font-family: Lato, 'Noto Sans', Helvetica, Corbel, sans-serif, Helvetica, Corbel, sans-serif; font-optical-sizing: inherit; font-kerning: inherit; font-feature-settings: inherit; font-variation-settings: inherit; vertical-align: baseline; box-sizing: inherit; color: #21242c; background-color: #ffffff;\">Puede comunicarse con el agente de derechos de autor designado de Nomad Academy para recibir notificaciones y contranotificaciones de presuntas infracciones de la siguiente manera:<\/p><ul style=\"margin-bottom: 0px; margin-left: 0px; border: 0px; font-variant-numeric: inherit; font-variant-east-asian: inherit; font-variant-alternates: inherit; font-variant-position: inherit; font-stretch: inherit; font-size: 15px; line-height: inherit; font-family: Lato, 'Noto Sans', Helvetica, Corbel, sans-serif, Helvetica, Corbel, sans-serif; font-optical-sizing: inherit; font-kerning: inherit; font-feature-settings: inherit; font-variation-settings: inherit; vertical-align: baseline; list-style: none; box-sizing: inherit; color: #21242c; background-color: #ffffff;\"><li style=\"padding: 0px; border: 0px; font: inherit; vertical-align: baseline; box-sizing: inherit; margin: 0px 0px 1.5em !important 0px;\"><b style=\"font-family: inherit; font-size: inherit; font-style: inherit; font-variant: inherit; margin: 0px; padding: 0px; border: 0px; font-stretch: inherit; line-height: inherit; font-optical-sizing: inherit; font-kerning: inherit; font-feature-settings: inherit; font-variation-settings: inherit; vertical-align: baseline; box-sizing: inherit;\">PO BOX 222, Joplin, MO 64802-0222<br style=\"color: #ffffff; font-family: neusa-next-std-compact; font-size: 20px; background-color: #203053; font-weight: 400;\" \/><br \/><\/b><\/li><li style=\"padding: 0px; border: 0px; font: inherit; vertical-align: baseline; box-sizing: inherit; margin: 0px 0px 1.5em !important 0px;\"><b style=\"font-family: inherit; font-size: inherit; font-style: inherit; font-variant: inherit; margin: 0px; padding: 0px; border: 0px; font-stretch: inherit; line-height: inherit; font-optical-sizing: inherit; font-kerning: inherit; font-feature-settings: inherit; font-variation-settings: inherit; vertical-align: baseline; box-sizing: inherit;\">Correo electr\u00f3nico:<\/b><span style=\"font-family: inherit; font-size: inherit; font-style: inherit; font-variant-ligatures: inherit; font-variant-caps: inherit; font-weight: inherit;\">\u00a0<\/span><span style=\"font-family: inherit; font-size: inherit; font-style: inherit; font-variant-ligatures: inherit; font-variant-caps: inherit; font-weight: inherit; color: #005987;\"><span style=\"border-style: initial; border-color: initial; border-image: initial; font-style: inherit; font-variant: inherit; font-weight: inherit; font-stretch: inherit; line-height: inherit; font-optical-sizing: inherit; font-kerning: inherit; font-feature-settings: inherit; font-variation-settings: inherit; box-sizing: inherit;\"><a href=\"mailto:admin@nomadacademy.org\">admin@NOMADacademy.org<\/a><\/span><\/span><\/li><\/ul><p style=\"margin-top: 22px; margin-bottom: 22px; border: 0px; font-variant-numeric: inherit; font-variant-east-asian: inherit; font-variant-alternates: inherit; font-variant-position: inherit; font-stretch: inherit; font-size: 14px; line-height: inherit; font-family: Lato, 'Noto Sans', Helvetica, Corbel, sans-serif, Helvetica, Corbel, sans-serif; font-optical-sizing: inherit; font-kerning: inherit; font-feature-settings: inherit; font-variation-settings: inherit; vertical-align: baseline; box-sizing: inherit; color: #21242c; background-color: #ffffff;\">Para mayor claridad, solo los avisos de DMCA deben enviarse al Agente de derechos de autor designado de Nomad Academy. Cualquier otro comentario, solicitud de soporte t\u00e9cnico u otras comunicaciones deben dirigirse a Nomad Academy a trav\u00e9s de admin@nomadacademy.org. Usted reconoce que si no cumple con todos los requisitos de esta secci\u00f3n, su aviso DMCA puede no ser v\u00e1lido.<\/p><h3 style=\"margin-bottom: 22px; border: 0px; font-variant-numeric: inherit; font-variant-east-asian: inherit; font-variant-alternates: inherit; font-variant-position: inherit; font-stretch: inherit; font-size: 18px; line-height: inherit; font-family: Lato, 'Noto Sans', Helvetica, Corbel, sans-serif, Helvetica, Corbel, sans-serif; font-optical-sizing: inherit; font-kerning: inherit; font-feature-settings: inherit; font-variation-settings: inherit; vertical-align: baseline; box-sizing: inherit; color: #21242c; text-transform: none; background-color: #ffffff;\">Terminaci\u00f3n de cuenta<\/h3><p style=\"margin-top: 22px; margin-bottom: 22px; border: 0px; font-variant-numeric: inherit; font-variant-east-asian: inherit; font-variant-alternates: inherit; font-variant-position: inherit; font-stretch: inherit; font-size: 14px; line-height: inherit; font-family: Lato, 'Noto Sans', Helvetica, Corbel, sans-serif, Helvetica, Corbel, sans-serif; font-optical-sizing: inherit; font-kerning: inherit; font-feature-settings: inherit; font-variation-settings: inherit; vertical-align: baseline; box-sizing: inherit; color: #21242c; background-color: #ffffff;\">En circunstancias apropiadas, Nomad Academy cancelar\u00e1 de inmediato, sin previo aviso, las cuentas de aquellos que, a nuestro exclusivo criterio, se determine que son &quot;infractores reincidentes&quot;.<\/p>\t\t\t\t\t\t\t\t<\/div>\n\t\t\t\t<\/div>\n\t\t\t\t\t<\/div>\n\t\t<\/div>\n\t\t\t\t\t<\/div>\n\t\t<\/section>\n\t\t\t\t<\/div>","protected":false},"excerpt":{"rendered":"<p>Notificaci\u00f3n de infracci\u00f3n Es nuestra pol\u00edtica responder a avisos claros de supuesta infracci\u00f3n de derechos de autor. Esta p\u00e1gina explica la informaci\u00f3n que debe incluirse...<\/p>","protected":false},"author":20,"featured_media":0,"parent":0,"menu_order":0,"comment_status":"closed","ping_status":"closed","template":"","meta":{"_uf_show_specific_survey":0,"_uf_disable_surveys":false,"footnotes":""},"class_list":["post-7448","page","type-page","status-publish","hentry"],"bb_access":{"can_access":true,"restrict_message":null},"_links":{"self":[{"href":"https:\/\/nomadacademy.org\/es\/wp-json\/wp\/v2\/pages\/7448","targetHints":{"allow":["GET"]}}],"collection":[{"href":"https:\/\/nomadacademy.org\/es\/wp-json\/wp\/v2\/pages"}],"about":[{"href":"https:\/\/nomadacademy.org\/es\/wp-json\/wp\/v2\/types\/page"}],"author":[{"embeddable":true,"href":"https:\/\/nomadacademy.org\/es\/wp-json\/wp\/v2\/users\/20"}],"replies":[{"embeddable":true,"href":"https:\/\/nomadacademy.org\/es\/wp-json\/wp\/v2\/comments?post=7448"}],"version-history":[{"count":0,"href":"https:\/\/nomadacademy.org\/es\/wp-json\/wp\/v2\/pages\/7448\/revisions"}],"wp:attachment":[{"href":"https:\/\/nomadacademy.org\/es\/wp-json\/wp\/v2\/media?parent=7448"}],"curies":[{"name":"wp","href":"https:\/\/api.w.org\/{rel}","templated":true}]}}