{"id":3850,"date":"2022-09-27T18:05:49","date_gmt":"2022-09-27T18:05:49","guid":{"rendered":"https:\/\/nomadacademy.org\/?page_id=3850"},"modified":"2022-09-27T19:12:34","modified_gmt":"2022-09-27T19:12:34","slug":"your-application-is-being-processed","status":"publish","type":"page","link":"https:\/\/nomadacademy.org\/es\/your-application-is-being-processed\/","title":{"rendered":"Su solicitud est\u00e1 siendo procesada..."},"content":{"rendered":"<div data-elementor-type=\"wp-page\" data-elementor-id=\"3850\" class=\"elementor elementor-3850\" data-elementor-post-type=\"page\">\n\t\t\t\t\t\t<section class=\"elementor-section elementor-top-section elementor-element elementor-element-2145bfd elementor-section-boxed elementor-section-height-default elementor-section-height-default\" data-id=\"2145bfd\" data-element_type=\"section\" data-e-type=\"section\">\n\t\t\t\t\t\t<div class=\"elementor-container elementor-column-gap-default\">\n\t\t\t\t\t<div class=\"elementor-column elementor-col-100 elementor-top-column elementor-element elementor-element-6364a66\" data-id=\"6364a66\" data-element_type=\"column\" data-e-type=\"column\">\n\t\t\t<div class=\"elementor-widget-wrap elementor-element-populated\">\n\t\t\t\t\t\t<div class=\"elementor-element elementor-element-16d734d elementor-widget elementor-widget-text-editor\" data-id=\"16d734d\" data-element_type=\"widget\" data-e-type=\"widget\" data-widget_type=\"text-editor.default\">\n\t\t\t\t<div class=\"elementor-widget-container\">\n\t\t\t\t\t\t\t\t\t<p>Gracias por enviar su solicitud para inscribirse en el curso de medios en l\u00ednea de Nomad Academy. Su solicitud ser\u00e1 revisada pronto y uno de nuestros entrenadores se comunicar\u00e1 con usted si necesitamos informaci\u00f3n adicional.\u00a0<\/p><p>El siguiente paso para nosotros es comunicarnos con el mentor que usted mencion\u00f3 y explicarle c\u00f3mo puede ayudarlo a medida que avanza en el material. Nuestra esperanza es que puedan trabajar con usted para comprender las necesidades \u00fanicas de su comunidad y ayudarlo a generar ideas para proyectos futuros.\u00a0<\/p><p>Una vez que su solicitud haya sido aprobada, recibir\u00e1 un correo electr\u00f3nico con su nombre de usuario y contrase\u00f1a temporal. En ese momento, puedes comenzar a tomar lecciones de <strong><em>Curso I \u2013 Estrategia.<\/em><\/strong>\u00a0<\/p><h2>Introducci\u00f3n para estudiantes:<\/h2><p>Antes de comenzar, hemos recopilado informaci\u00f3n \u00fatil que querr\u00e1 saber sobre este curso. El siguiente enlace le presentar\u00e1 el panel de estudiantes, los foros de usuarios, el m\u00f3dulo de Notas y otros elementos importantes que le ayudar\u00e1n a medida que aprende.\u00a0<\/p><p>\u00a1Esperamos poder ayudarlo a trav\u00e9s de estos cursos y haremos todo lo posible para que esta experiencia valga la pena su tiempo y esfuerzo!<\/p>\t\t\t\t\t\t\t\t<\/div>\n\t\t\t\t<\/div>\n\t\t\t\t\t<\/div>\n\t\t<\/div>\n\t\t\t\t\t<\/div>\n\t\t<\/section>\n\t\t\t\t<section class=\"elementor-section elementor-top-section elementor-element elementor-element-dc5ad6d elementor-section-boxed elementor-section-height-default elementor-section-height-default\" data-id=\"dc5ad6d\" data-element_type=\"section\" data-e-type=\"section\">\n\t\t\t\t\t\t<div class=\"elementor-container elementor-column-gap-default\">\n\t\t\t\t\t<div class=\"elementor-column elementor-col-100 elementor-top-column elementor-element elementor-element-55b3d24\" data-id=\"55b3d24\" data-element_type=\"column\" data-e-type=\"column\">\n\t\t\t<div class=\"elementor-widget-wrap elementor-element-populated\">\n\t\t\t\t\t\t<div class=\"elementor-element elementor-element-df216cf elementor-align-center elementor-widget elementor-widget-button\" data-id=\"df216cf\" data-element_type=\"widget\" data-e-type=\"widget\" data-widget_type=\"button.default\">\n\t\t\t\t<div class=\"elementor-widget-container\">\n\t\t\t\t\t\t\t\t\t<div class=\"elementor-button-wrapper\">\n\t\t\t\t\t<a class=\"elementor-button elementor-button-link elementor-size-md\" href=\"https:\/\/nomadacademy.org\/es\/introduction-for-students\/\">\n\t\t\t\t\t\t<span class=\"elementor-button-content-wrapper\">\n\t\t\t\t\t\t\t\t\t<span class=\"elementor-button-text\">Contin\u00fae con la Introducci\u00f3n...<\/span>\n\t\t\t\t\t<\/span>\n\t\t\t\t\t<\/a>\n\t\t\t\t<\/div>\n\t\t\t\t\t\t\t\t<\/div>\n\t\t\t\t<\/div>\n\t\t\t\t\t<\/div>\n\t\t<\/div>\n\t\t\t\t\t<\/div>\n\t\t<\/section>\n\t\t\t\t<\/div>","protected":false},"excerpt":{"rendered":"<p>Gracias por enviar su solicitud para inscribirse en el curso de medios en l\u00ednea de Nomad Academy. Su solicitud ser\u00e1 revisada pronto y uno de nuestros...<\/p>","protected":false},"author":1,"featured_media":0,"parent":0,"menu_order":0,"comment_status":"closed","ping_status":"closed","template":"","meta":{"_uf_show_specific_survey":0,"_uf_disable_surveys":false,"footnotes":""},"class_list":["post-3850","page","type-page","status-publish","hentry"],"app_access":{"can_access":true,"restrict_message":null},"_links":{"self":[{"href":"https:\/\/nomadacademy.org\/es\/wp-json\/wp\/v2\/pages\/3850","targetHints":{"allow":["GET"]}}],"collection":[{"href":"https:\/\/nomadacademy.org\/es\/wp-json\/wp\/v2\/pages"}],"about":[{"href":"https:\/\/nomadacademy.org\/es\/wp-json\/wp\/v2\/types\/page"}],"author":[{"embeddable":true,"href":"https:\/\/nomadacademy.org\/es\/wp-json\/wp\/v2\/users\/1"}],"replies":[{"embeddable":true,"href":"https:\/\/nomadacademy.org\/es\/wp-json\/wp\/v2\/comments?post=3850"}],"version-history":[{"count":0,"href":"https:\/\/nomadacademy.org\/es\/wp-json\/wp\/v2\/pages\/3850\/revisions"}],"wp:attachment":[{"href":"https:\/\/nomadacademy.org\/es\/wp-json\/wp\/v2\/media?parent=3850"}],"curies":[{"name":"wp","href":"https:\/\/api.w.org\/{rel}","templated":true}]}}