{"id":3839,"date":"2022-09-26T19:20:49","date_gmt":"2022-09-26T19:20:49","guid":{"rendered":"https:\/\/nomadacademy.org\/?page_id=3839"},"modified":"2023-01-02T19:40:56","modified_gmt":"2023-01-02T19:40:56","slug":"introduction-for-students","status":"publish","type":"page","link":"https:\/\/nomadacademy.org\/es\/introduction-for-students\/","title":{"rendered":"Una introducci\u00f3n para estudiantes"},"content":{"rendered":"<div data-elementor-type=\"wp-page\" data-elementor-id=\"3839\" class=\"elementor elementor-3839\" data-elementor-post-type=\"page\">\n\t\t\t\t\t\t<section class=\"elementor-section elementor-top-section elementor-element elementor-element-dc4df6b elementor-section-boxed elementor-section-height-default elementor-section-height-default\" data-id=\"dc4df6b\" data-element_type=\"section\" data-e-type=\"section\">\n\t\t\t\t\t\t<div class=\"elementor-container elementor-column-gap-default\">\n\t\t\t\t\t<div class=\"elementor-column elementor-col-100 elementor-top-column elementor-element elementor-element-4af4b8c\" data-id=\"4af4b8c\" data-element_type=\"column\" data-e-type=\"column\">\n\t\t\t<div class=\"elementor-widget-wrap elementor-element-populated\">\n\t\t\t\t\t\t<div class=\"elementor-element elementor-element-2edc1a4 elementor-widget elementor-widget-text-editor\" data-id=\"2edc1a4\" data-element_type=\"widget\" data-e-type=\"widget\" data-widget_type=\"text-editor.default\">\n\t\t\t\t<div class=\"elementor-widget-container\">\n\t\t\t\t\t\t\t\t\t<p style=\"font-weight: 400;\">\u00a1Bienvenidos a Academia N\u00f3mada! Nos alegra ver que tiene inter\u00e9s en aprender a utilizar los medios como herramienta para hacer disc\u00edpulos. \u00a1Nuestra esperanza es que estos cursos le ayuden a empezar a crear medios que llamen la atenci\u00f3n de los buscadores y les ayuden a tomar la decisi\u00f3n de convertirse en seguidores de Cristo que les cambiar\u00e1 la vida!<\/p><p style=\"font-weight: 400;\">Ahora que est\u00e1s inscrito, t\u00f3mate unos minutos para ver este v\u00eddeo. Incluye cosas \u00fatiles que debe saber sobre este sitio y lo que puede hacer para que esta experiencia de aprendizaje sea lo mejor posible.<\/p><p style=\"font-weight: 400;\">(Haga clic a continuaci\u00f3n para descargar una \u00fatil versi\u00f3n .PDF del contenido de este video introductorio).<\/p>\t\t\t\t\t\t\t\t<\/div>\n\t\t\t\t<\/div>\n\t\t\t\t\t<\/div>\n\t\t<\/div>\n\t\t\t\t\t<\/div>\n\t\t<\/section>\n\t\t\t\t<section class=\"elementor-section elementor-top-section elementor-element elementor-element-a978616 elementor-section-boxed elementor-section-height-default elementor-section-height-default\" data-id=\"a978616\" data-element_type=\"section\" data-e-type=\"section\">\n\t\t\t\t\t\t<div class=\"elementor-container elementor-column-gap-default\">\n\t\t\t\t\t<div class=\"elementor-column elementor-col-100 elementor-top-column elementor-element elementor-element-fd3eff4\" data-id=\"fd3eff4\" data-element_type=\"column\" data-e-type=\"column\">\n\t\t\t<div class=\"elementor-widget-wrap elementor-element-populated\">\n\t\t\t\t\t\t<div class=\"elementor-element elementor-element-77cc1b8 elementor-widget elementor-widget-video\" data-id=\"77cc1b8\" data-element_type=\"widget\" data-e-type=\"widget\" data-settings=\"{\"youtube_url\":\"https:\\\\youtu.be\\4nz7x_g9_l4\",\"video_type\":\"youtube\",\"controls\":\"yes\"}\" data-widget_type=\"video.default\">\n\t\t\t\t<div class=\"elementor-widget-container\">\n\t\t\t\t\t\t\t<div class=\"elementor-wrapper elementor-open-inline\">\n\t\t\t<div class=\"elementor-video\"><\/div>\t\t<\/div>\n\t\t\t\t\t\t<\/div>\n\t\t\t\t<\/div>\n\t\t\t\t\t<\/div>\n\t\t<\/div>\n\t\t\t\t\t<\/div>\n\t\t<\/section>\n\t\t\t\t<section class=\"elementor-section elementor-top-section elementor-element elementor-element-aee67ef elementor-section-boxed elementor-section-height-default elementor-section-height-default\" data-id=\"aee67ef\" data-element_type=\"section\" data-e-type=\"section\">\n\t\t\t\t\t\t<div class=\"elementor-container elementor-column-gap-default\">\n\t\t\t\t\t<div class=\"elementor-column elementor-col-100 elementor-top-column elementor-element elementor-element-0cc6eab\" data-id=\"0cc6eab\" data-element_type=\"column\" data-e-type=\"column\">\n\t\t\t<div class=\"elementor-widget-wrap elementor-element-populated\">\n\t\t\t\t\t\t<div class=\"elementor-element elementor-element-dc686cf elementor-widget elementor-widget-text-editor\" data-id=\"dc686cf\" data-element_type=\"widget\" data-e-type=\"widget\" data-widget_type=\"text-editor.default\">\n\t\t\t\t<div class=\"elementor-widget-container\">\n\t\t\t\t\t\t\t\t\t<p style=\"font-weight: 400;\">Nos alegra que se haya inscrito para aprender a utilizar los medios como herramienta para el ministerio. Los cursos le brindar\u00e1n consejos muy \u00fatiles del mundo real sobre c\u00f3mo planificar y completar una estrategia de divulgaci\u00f3n en los medios que encontrar\u00e1 e involucrar\u00e1 a los buscadores. Nuestra esperanza es que usted comience a orar por aquellos a quienes alcanzar\u00e1 gracias a sus esfuerzos. P\u00eddele a Dios que bendiga tu tiempo de estudio y te ayude a aprender lo m\u00e1s posible mientras tomas estos cursos.\u00a0<\/p><p style=\"font-weight: 400;\">\u00bfPreguntas? Contactanos en <a href=\"mailto:admin@nomadacademy.org\">admin@nomadacademy.org<\/a><\/p><p style=\"font-weight: 400;\"><em>\u00a0<\/em><em>Nomad Academy es una iniciativa ministerial de Good News Productions, International. \u00a9 2022, con licencia bajo\u00a0 <\/em><a href=\"http:\/\/creativecommons.org\/licenses\/by-nc-nd\/4.0\/?ref=chooser-v1\"><em>CC BY-NC-ND 4.0<\/em><\/a><em>\u00a0<\/em><\/p><p style=\"font-weight: 400;\">\u00a0<\/p>\t\t\t\t\t\t\t\t<\/div>\n\t\t\t\t<\/div>\n\t\t\t\t\t<\/div>\n\t\t<\/div>\n\t\t\t\t\t<\/div>\n\t\t<\/section>\n\t\t\t\t<section class=\"elementor-section elementor-top-section elementor-element elementor-element-958ac9d elementor-section-boxed elementor-section-height-default elementor-section-height-default\" data-id=\"958ac9d\" data-element_type=\"section\" data-e-type=\"section\">\n\t\t\t\t\t\t<div class=\"elementor-container elementor-column-gap-default\">\n\t\t\t\t\t<div class=\"elementor-column elementor-col-100 elementor-top-column elementor-element elementor-element-d65a1aa\" data-id=\"d65a1aa\" data-element_type=\"column\" data-e-type=\"column\">\n\t\t\t<div class=\"elementor-widget-wrap elementor-element-populated\">\n\t\t\t\t\t\t<div class=\"elementor-element elementor-element-c661662 elementor-align-center elementor-widget elementor-widget-button\" data-id=\"c661662\" data-element_type=\"widget\" data-e-type=\"widget\" data-widget_type=\"button.default\">\n\t\t\t\t<div class=\"elementor-widget-container\">\n\t\t\t\t\t\t\t\t\t<div class=\"elementor-button-wrapper\">\n\t\t\t\t\t<a class=\"elementor-button elementor-button-link elementor-size-md\" href=\"http:\/\/nomadacademy.org\/wp-content\/uploads\/2022\/09\/An-Introdction-for-Students.pdf\" target=\"_blank\">\n\t\t\t\t\t\t<span class=\"elementor-button-content-wrapper\">\n\t\t\t\t\t\t\t\t\t<span class=\"elementor-button-text\">Descargue la versi\u00f3n .pdf aqu\u00ed<\/span>\n\t\t\t\t\t<\/span>\n\t\t\t\t\t<\/a>\n\t\t\t\t<\/div>\n\t\t\t\t\t\t\t\t<\/div>\n\t\t\t\t<\/div>\n\t\t\t\t<div class=\"elementor-element elementor-element-cb4c371 elementor-align-center elementor-widget elementor-widget-button\" data-id=\"cb4c371\" data-element_type=\"widget\" data-e-type=\"widget\" data-widget_type=\"button.default\">\n\t\t\t\t<div class=\"elementor-widget-container\">\n\t\t\t\t\t\t\t\t\t<div class=\"elementor-button-wrapper\">\n\t\t\t\t\t<a class=\"elementor-button elementor-button-link elementor-size-md\" href=\"https:\/\/nomadacademy.org\/es\/courses\/\">\n\t\t\t\t\t\t<span class=\"elementor-button-content-wrapper\">\n\t\t\t\t\t\t\t\t\t<span class=\"elementor-button-text\">Cursos de la Academia N\u00f3mada<\/span>\n\t\t\t\t\t<\/span>\n\t\t\t\t\t<\/a>\n\t\t\t\t<\/div>\n\t\t\t\t\t\t\t\t<\/div>\n\t\t\t\t<\/div>\n\t\t\t\t\t<\/div>\n\t\t<\/div>\n\t\t\t\t\t<\/div>\n\t\t<\/section>\n\t\t\t\t<\/div>","protected":false},"excerpt":{"rendered":"<p>Welcome to Nomad Academy!\u00a0 We\u2019re glad to see you have an interest in learning how to use media as a tool for making disciples.\u00a0 Our\u2026<\/p>","protected":false},"author":1,"featured_media":0,"parent":0,"menu_order":0,"comment_status":"closed","ping_status":"closed","template":"","meta":{"_uf_show_specific_survey":0,"_uf_disable_surveys":false,"footnotes":""},"class_list":["post-3839","page","type-page","status-publish","hentry"],"bb_access":{"can_access":true,"restrict_message":null},"_links":{"self":[{"href":"https:\/\/nomadacademy.org\/es\/wp-json\/wp\/v2\/pages\/3839","targetHints":{"allow":["GET"]}}],"collection":[{"href":"https:\/\/nomadacademy.org\/es\/wp-json\/wp\/v2\/pages"}],"about":[{"href":"https:\/\/nomadacademy.org\/es\/wp-json\/wp\/v2\/types\/page"}],"author":[{"embeddable":true,"href":"https:\/\/nomadacademy.org\/es\/wp-json\/wp\/v2\/users\/1"}],"replies":[{"embeddable":true,"href":"https:\/\/nomadacademy.org\/es\/wp-json\/wp\/v2\/comments?post=3839"}],"version-history":[{"count":0,"href":"https:\/\/nomadacademy.org\/es\/wp-json\/wp\/v2\/pages\/3839\/revisions"}],"wp:attachment":[{"href":"https:\/\/nomadacademy.org\/es\/wp-json\/wp\/v2\/media?parent=3839"}],"curies":[{"name":"wp","href":"https:\/\/api.w.org\/{rel}","templated":true}]}}