{"id":3,"date":"2020-10-26T07:40:25","date_gmt":"2020-10-26T07:40:25","guid":{"rendered":"http:\/\/nomadacademy.org\/?page_id=3"},"modified":"2024-08-20T12:00:19","modified_gmt":"2024-08-20T12:00:19","slug":"privacy-policy","status":"publish","type":"page","link":"https:\/\/nomadacademy.org\/es\/privacy-policy\/","title":{"rendered":"Pol\u00edtica de privacidad"},"content":{"rendered":"<div data-elementor-type=\"wp-page\" data-elementor-id=\"3\" class=\"elementor elementor-3\" data-elementor-post-type=\"page\">\n\t\t\t\t\t\t<section class=\"elementor-section elementor-top-section elementor-element elementor-element-7fe1d0fa elementor-section-boxed elementor-section-height-default elementor-section-height-default\" data-id=\"7fe1d0fa\" data-element_type=\"section\" data-e-type=\"section\">\n\t\t\t\t\t\t<div class=\"elementor-container elementor-column-gap-default\">\n\t\t\t\t\t<div class=\"elementor-column elementor-col-100 elementor-top-column elementor-element elementor-element-5037f963\" data-id=\"5037f963\" data-element_type=\"column\" data-e-type=\"column\">\n\t\t\t<div class=\"elementor-widget-wrap elementor-element-populated\">\n\t\t\t\t\t\t<div class=\"elementor-element elementor-element-ac81947 elementor-widget elementor-widget-text-editor\" data-id=\"ac81947\" data-element_type=\"widget\" data-e-type=\"widget\" data-widget_type=\"text-editor.default\">\n\t\t\t\t<div class=\"elementor-widget-container\">\n\t\t\t\t\t\t\t\t\t<p><\/p>\n<h2 class=\"wp-block-heading\">Quienes somos<\/h2>\n<p><\/p>\n<p><\/p>\n<p>La direcci\u00f3n de nuestro sitio web es: https:\/\/nomadacademy.org.<\/p>\n<p><\/p>\n<p><\/p>\n<h2 class=\"wp-block-heading\">Qu\u00e9 datos personales recopilamos y por qu\u00e9 los recopilamos<\/h2>\n<p class=\"wp-block-heading\">Dependiendo de los Servicios que utilice, recopilamos diferentes tipos de informaci\u00f3n suya o sobre usted.<\/p>\n<h3 class=\"wp-block-heading\">Comentarios<\/h3>\n<p><\/p>\n<p><\/p>\n<p>Cuando los visitantes dejan comentarios en el sitio, recopilamos los datos que se muestran en el formulario de comentarios, y tambi\u00e9n la direcci\u00f3n IP del visitante y la cadena del agente de usuario del navegador para ayudar a la detecci\u00f3n de spam.<\/p>\n<p><\/p>\n<p><\/p>\n<p>Se puede proporcionar una cadena an\u00f3nima creada a partir de su direcci\u00f3n de correo electr\u00f3nico (tambi\u00e9n llamada hash) al servicio Gravatar para ver si la est\u00e1 utilizando. La pol\u00edtica de privacidad del servicio Gravatar est\u00e1 disponible aqu\u00ed: https:\/\/automattic.com\/privacy\/. Despu\u00e9s de la aprobaci\u00f3n de su comentario, su foto de perfil es visible para el p\u00fablico en el contexto de su comentario.<\/p>\n<p><\/p>\n<p><\/p>\n<h3 class=\"wp-block-heading\">Medios de comunicaci\u00f3n<\/h3>\n<p><\/p>\n<p><\/p>\n<p>Si carga im\u00e1genes en el sitio web, debe evitar cargar im\u00e1genes con datos de ubicaci\u00f3n incrustados (GPS EXIF) incluidos. Los visitantes del sitio web pueden descargar y extraer los datos de ubicaci\u00f3n de las im\u00e1genes del sitio web.<\/p>\n<p><\/p>\n<p><\/p>\n<h3 class=\"wp-block-heading\">Formularios de contacto<\/h3>\n<p><\/p>\n<p><\/p>\n<h3 class=\"wp-block-heading\">Galletas<\/h3>\n<p><\/p>\n<p><\/p>\n<p>Si deja un comentario en nuestro sitio, puede optar por guardar su nombre, direcci\u00f3n de correo electr\u00f3nico y sitio web en cookies. Estos son para su conveniencia para que no tenga que volver a completar sus datos cuando deje otro comentario. Estas cookies durar\u00e1n un a\u00f1o.<\/p>\n<p><\/p>\n<p><\/p>\n<p>Si visita nuestra p\u00e1gina de inicio de sesi\u00f3n, configuraremos una cookie temporal para determinar si su navegador acepta cookies. Esta cookie no contiene datos personales y se descarta cuando cierra su navegador.<\/p>\n<p><\/p>\n<p><\/p>\n<p>Cuando inicie sesi\u00f3n, tambi\u00e9n configuraremos varias cookies para guardar su informaci\u00f3n de inicio de sesi\u00f3n y sus opciones de visualizaci\u00f3n de pantalla. Las cookies de inicio de sesi\u00f3n duran dos d\u00edas y las cookies de opciones de pantalla duran un a\u00f1o. Si selecciona &quot;Recordarme&quot;, su inicio de sesi\u00f3n persistir\u00e1 durante dos semanas. Si cierra sesi\u00f3n en su cuenta, se eliminar\u00e1n las cookies de inicio de sesi\u00f3n.<\/p>\n<p><\/p>\n<p><\/p>\n<p>Si edita o publica un art\u00edculo, se guardar\u00e1 una cookie adicional en su navegador. Esta cookie no incluye datos personales y simplemente indica el ID de publicaci\u00f3n del art\u00edculo que acaba de editar. Caduca despu\u00e9s de 1 d\u00eda.<\/p>\n<p><\/p>\n<p><\/p>\n<h3 class=\"wp-block-heading\">Contenido incrustado de otros sitios web<\/h3>\n<p><\/p>\n<p><\/p>\n<p>Los art\u00edculos de este sitio pueden incluir contenido incrustado (por ejemplo, videos, im\u00e1genes, art\u00edculos, etc.). El contenido incrustado de otros sitios web se comporta exactamente de la misma manera que si el visitante hubiera visitado el otro sitio web.<\/p>\n<p><\/p>\n<p><\/p>\n<p>Estos sitios web pueden recopilar datos sobre usted, utilizar cookies, incrustar un seguimiento adicional de terceros y supervisar su interacci\u00f3n con ese contenido incrustado, incluido el seguimiento de su interacci\u00f3n con el contenido incrustado si tiene una cuenta y ha iniciado sesi\u00f3n en ese sitio web.<\/p>\n<p><\/p>\n<p><\/p>\n<h3 class=\"wp-block-heading\">Anal\u00edtica<\/h3>\n<p><\/p>\n<p><\/p>\n<h2 class=\"wp-block-heading\">Con qui\u00e9n compartimos sus datos<\/h2>\n<p><\/p>\n<p><\/p>\n<p>Podemos compartir ciertos datos con proveedores de servicios externos confiables que realizan funciones en nuestro nombre, como servicios de alojamiento, an\u00e1lisis, marketing y atenci\u00f3n al cliente. Examinamos cuidadosamente a estos proveedores y contamos con acuerdos contractuales estrictos que rigen c\u00f3mo pueden usar los datos y les exigen que sigan las leyes de privacidad aplicables.<\/p>\n<p><\/p>\n<p><\/p>\n<h2 class=\"wp-block-heading\">Cu\u00e1nto tiempo conservamos sus datos<\/h2>\n<p><\/p>\n<p><\/p>\n<p>Si deja un comentario, el comentario y sus metadatos se conservan indefinidamente. Esto es para que podamos reconocer y aprobar cualquier comentario de seguimiento autom\u00e1ticamente en lugar de mantenerlos en una cola de moderaci\u00f3n.<\/p>\n<p><\/p>\n<p><\/p>\n<p>Para los usuarios que se registran en nuestro sitio web (si corresponde), tambi\u00e9n almacenamos la informaci\u00f3n personal que proporcionan en su perfil de usuario. Todos los usuarios pueden ver, editar o eliminar su informaci\u00f3n personal en cualquier momento (excepto que no pueden cambiar su nombre de usuario). Los administradores del sitio web tambi\u00e9n pueden ver y editar esa informaci\u00f3n.<\/p>\n<p><\/p>\n<p><\/p>\n<h2 class=\"wp-block-heading\">Que derechos tienes sobre tus datos<\/h2>\n<p><\/p>\n<p><\/p>\n<p>Si tiene una cuenta en este sitio o ha dejado comentarios, puede solicitar recibir un archivo exportado de los datos personales que tenemos sobre usted, incluidos los datos que nos haya proporcionado. Tambi\u00e9n puede solicitar que borremos cualquier dato personal que tengamos sobre usted. Esto no incluye ning\u00fan dato que estemos obligados a conservar con fines administrativos, legales o de seguridad.<\/p>\n<p><\/p>\n<p><\/p>\n<h2 class=\"wp-block-heading\">A donde enviamos sus datos<\/h2>\n<p><\/p>\n<p><\/p>\n<p>Los comentarios de los visitantes pueden verificarse a trav\u00e9s de un servicio autom\u00e1tico de detecci\u00f3n de spam.<\/p>\n<p><\/p>\n<p><\/p>\n<p>En Nomad Academy, nos tomamos muy en serio la privacidad y la seguridad de los datos. Queremos ser totalmente transparentes sobre c\u00f3mo manejamos y protegemos su informaci\u00f3n personal.<\/p>\n<p><\/p>\n<p><\/p>\n<p>En ciertos pa\u00edses o regiones, es posible que debamos cumplir con leyes de localizaci\u00f3n de datos que exigen que los datos se almacenen dentro de ese territorio geogr\u00e1fico. En esos casos, utilizamos opciones de alojamiento en el pa\u00eds para localizar adecuadamente el almacenamiento de datos.<\/p>\n<p><\/p>\n<p><\/p>\n<p>No compartimos datos personales directamente con ninguna otra empresa, subsidiaria o afiliada fuera de Nomad Academy con fines de marketing. Sin embargo, podemos procesar y almacenar algunos datos de forma centralizada dentro de nuestro entorno de nube privada.<\/p>\n<p><\/p>\n<p><\/p>\n<p>Tienes derecho a solicitar que tus datos sean eliminados de nuestros servidores. Simplemente comun\u00edquese con nuestro equipo de privacidad en admin@nomadacademy.org y eliminaremos sus datos dentro de las 48 horas posteriores a la recepci\u00f3n de la solicitud.<\/p>\n<p><\/p>\n<p><\/p>\n<p>Tenga la seguridad de que empleamos las mejores pr\u00e1cticas de la industria para salvaguardar su informaci\u00f3n durante cualquier transferencia o almacenamiento, incluido cifrado s\u00f3lido, controles de acceso y auditor\u00eda. Proteger su privacidad es nuestra principal prioridad.<\/p>\n<p><\/p>\n<p><\/p>\n<h2 class=\"wp-block-heading\">Tu informaci\u00f3n de contacto<\/h2>\n<p><\/p>\n<p><\/p>\n<p>Su informaci\u00f3n de contacto se utiliza \u00fanicamente para la funcionalidad de la aplicaci\u00f3n. Adem\u00e1s, tu informaci\u00f3n podr\u00e1 ser utilizada para contactarte en caso de que necesitemos conocer el progreso de tu aprendizaje en la academia.<\/p>\n<p><\/p>\n<p><\/p>\n<h2 class=\"wp-block-heading\">Informaci\u00f3n adicional<\/h2>\n<p><\/p>\n<p><\/p>\n<h3 class=\"wp-block-heading\">C\u00f3mo protegemos sus datos<\/h3>\n<p><\/p>\n<p><\/p>\n<p>Sus datos pueden almacenarse en centros de datos seguros y servidores en la nube que sean examinados. Hemos implementado salvaguardas y mecanismos de transferencia de datos aprobados para proteger los datos que se mueven internacionalmente seg\u00fan lo exigen las regulaciones de privacidad como GDPR.<\/p>\n<p><\/p>\n<p><\/p>\n<h3 class=\"wp-block-heading\">Qu\u00e9 procedimientos de violaci\u00f3n de datos tenemos implementados<\/h3>\n<p><\/p>\n<p><\/p>\n<p>En Nomad Academy, esperamos nunca tener que lidiar con una violaci\u00f3n de datos. Sin embargo, tenemos planes de respuesta detallados listos en caso de que ocurra un incidente. Estos son los procedimientos clave:<\/p>\n<p><\/p>\n<p><\/p>\n<p>Mantenemos un equipo interno de respuesta a incidentes que est\u00e1 capacitado para investigar y mitigar r\u00e1pidamente cualquier posible situaci\u00f3n de violaci\u00f3n de datos. Este equipo multifuncional incluye miembros de nuestros departamentos de seguridad, TI, legal y comunicaciones.<\/p>\n<p><\/p>\n<p><\/p>\n<p>En caso de una infracci\u00f3n confirmada, este equipo inicia inmediatamente protocolos para limitar la exposici\u00f3n y recuperar o poner en cuarentena de forma segura los datos afectados. Se realizan an\u00e1lisis forenses para determinar la naturaleza, el origen y el alcance del incidente.<\/p>\n<p><\/p>\n<p><\/p>\n<p>Contamos con coberturas de seguro cibern\u00e9tico y socios listos para ayudar con una respuesta integral a incidentes, incluido el trabajo con las autoridades si la infracci\u00f3n involucra acciones criminales como pirater\u00eda inform\u00e1tica o robo.<\/p>\n<p><\/p>\n<p><\/p>\n<p>Nuestra principal prioridad es notificar a los clientes o empleados afectados sobre una violaci\u00f3n que involucre sus datos personales lo m\u00e1s r\u00e1pido posible, en pleno cumplimiento de las leyes de notificaci\u00f3n de violaciones de datos. Esta notificaci\u00f3n proporciona transparencia sobre a qu\u00e9 informaci\u00f3n se puede haber accedido y los pasos que pueden tomar para ayudar a protegerse.<\/p>\n<p><\/p>\n<p><\/p>\n<p>Para cualquier incidente importante, iniciamos nuestro plan de comunicaci\u00f3n de crisis para garantizar que el impacto se comunique con precisi\u00f3n a trav\u00e9s de los canales adecuados a los clientes, socios, reguladores y el p\u00fablico. Creemos en ser plenamente responsables.<\/p>\n<p><\/p>\n<p><\/p>\n<p>Despu\u00e9s de una infracci\u00f3n, llevamos a cabo revisiones exhaustivas para auditar nuestras defensas de seguridad, identificar cualquier brecha y mejorar las capacidades de prevenci\u00f3n y detecci\u00f3n para ayudar a prevenir incidentes futuros. La privacidad y seguridad de los datos es un proceso continuo.<\/p>\n<p><\/p>\n<p><\/p>\n<p>Esperamos nunca tener que enfrentarnos a una violaci\u00f3n de datos. Nomad Academy cuenta con planes de respuesta integrales para reaccionar con rapidez y responsabilidad si ocurre algo. Proteger su confianza es primordial.<\/p>\n<p><\/p>\n<p><\/p>\n<h3 class=\"wp-block-heading\">De qu\u00e9 terceros recibimos datos<\/h3>\n<p><\/p>\n<p><\/p>\n<p>En Nomad Academy, podemos recibir datos personales de varias fuentes de terceros diferentes como parte de nuestras operaciones y servicios. \u00c9stas incluyen:<\/p>\n<p><\/p>\n<p><\/p>\n<p>Socios de integraci\u00f3n Tenemos asociaciones de integraci\u00f3n con ciertas plataformas de software y servicios en la nube que comparten datos de clientes con nosotros cuando est\u00e1 expl\u00edcitamente permitido. Esto nos permite ofrecer experiencias m\u00e1s fluidas e integradas. Los ejemplos podr\u00edan incluir sistemas de gesti\u00f3n del aprendizaje, herramientas de videoconferencia, procesadores de pagos en l\u00ednea, etc.<\/p>\n<p><\/p>\n<p><\/p>\n<p>Fuentes de clientes potenciales Podemos recibir informaci\u00f3n de contacto y otros datos de clientes potenciales de fuentes confiables de marketing en l\u00ednea, eventos, patrocinios o acuerdos de marketing conjunto con otros proveedores educativos. Esto nos permite acercarnos a posibles estudiantes interesados en nuestra oferta de cursos.<\/p>\n<p><\/p>\n<p><\/p>\n<p>Redes sociales Si interact\u00faa con nosotros o inicia sesi\u00f3n en nuestras plataformas utilizando sus credenciales de redes sociales, podemos recibir datos de perfil b\u00e1sicos de esas redes sociales como parte del proceso de autenticaci\u00f3n. Estos datos permanecen protegidos en base a las pol\u00edticas de privacidad de dichas redes.<\/p>\n<p><\/p>\n<p><\/p>\n<p>Plataformas de datos de clientes<br \/>Utilizamos plataformas de datos de clientes y servicios de b\u00fasqueda inversa de IP que recopilan datos de registros p\u00fablicos, interacciones con sitios web y otras fuentes. Estos datos enriquecidos nos ayudan a comprender mejor nuestra base de clientes y brindar experiencias m\u00e1s personalizadas.<\/p>\n<p><\/p>\n<p><\/p>\n<p>Proveedores de verificaci\u00f3n de antecedentes Para ciertos programas de capacitaci\u00f3n de mayor sensibilidad, podemos utilizar servicios de verificaci\u00f3n de antecedentes de terceros para examinar y verificar las identidades de los estudiantes matriculados con respecto a fuentes disponibles p\u00fablicamente.<\/p>\n<p><\/p>\n<p><\/p>\n<p>En todos los casos, revelamos claramente qu\u00e9 datos recibimos de terceros y le permitimos controlar c\u00f3mo se pueden utilizar esos datos complementarios para nuestros servicios y comunicaciones. Exigimos contractualmente que estas fuentes tambi\u00e9n sigan todas las normas de protecci\u00f3n de datos aplicables.<\/p>\n<p><\/p>\n<p><\/p>\n<h3 class=\"wp-block-heading\">Qu\u00e9 toma de decisiones automatizada y \/ o elaboraci\u00f3n de perfiles hacemos con los datos del usuario<\/h3>\n<p><\/p>\n<p><\/p>\n<p>Nomad Academy es una plataforma cristiana dirigida a estudiantes que son cristianos y desean utilizar los medios para evangelizar. Por esta raz\u00f3n nuestro perfil se basa en valores cristianos, que defienden principios b\u00edblicos. Inscribimos a estudiantes que tienen experiencia en el ministerio de la Iglesia y han seleccionado un mentor que los ayudar\u00e1 a responder preguntas espirituales a medida que avanzan en su viaje como estudiantes de Nomad Academy.<\/p>\n<p><\/p>\n<p><\/p>\n<h3 class=\"wp-block-heading\">Requisitos de divulgaci\u00f3n reglamentarios de la industria<\/h3>\n<p><\/p>\n<p><\/p>\n<p>En Nomad Academy, operamos en una industria regulada con leyes federales, estatales y locales que rigen c\u00f3mo recopilamos, procesamos y compartimos los datos de los estudiantes. Nos comprometemos a ser totalmente transparentes sobre nuestras pr\u00e1cticas de datos para mantener su confianza. A continuaci\u00f3n se detallan algunos requisitos reglamentarios clave que seguimos:<\/p>\n<p><\/p>\n<p><\/p>\n<p>Cumplimiento de FERPA La Ley de Privacidad y Derechos Educativos de la Familia (FERPA) es una ley federal que protege la privacidad de los registros educativos de los estudiantes. Cumplimos estrictamente con las pautas de FERPA sobre c\u00f3mo recibir el consentimiento adecuado antes de revelar cualquier informaci\u00f3n de identificaci\u00f3n personal del estudiante a terceros, excepto en los casos permitidos de informaci\u00f3n del directorio.<\/p>\n<p><\/p>\n<p><\/p>\n<p>Leyes estatales de privacidad educativa Muchos estados tambi\u00e9n tienen leyes de privacidad que rigen c\u00f3mo las instituciones educativas deben manejar los datos de los estudiantes. Seguimos de cerca todas las regulaciones estatales aplicables en cada jurisdicci\u00f3n en la que operamos con respecto al intercambio de datos, notificaci\u00f3n de violaciones, limitaciones de marketing y m\u00e1s.<\/p>\n<p><\/p>\n<p><\/p>\n<p>Cumplimiento de COPPA Para cualquier servicio que involucre a ni\u00f1os menores de 13 a\u00f1os, seguimos estrictamente las reglas de la Ley de Protecci\u00f3n de la Privacidad Infantil en L\u00ednea (COPPA). Esto incluye obtener el consentimiento de los padres verificable antes de recopilar informaci\u00f3n personal de menores.<\/p>\n<p><\/p>\n<p><\/p>\n<p>GDPR y leyes de privacidad internacionales Cuando operamos en la UE o procesamos datos de residentes europeos, cumplimos plenamente con los requisitos del Reglamento general de protecci\u00f3n de datos (GDPR) sobre el manejo de datos, el consentimiento, los derechos individuales y las transferencias transfronterizas. Ampliamos protecciones similares a otros pa\u00edses con leyes integrales de protecci\u00f3n de datos.<\/p>\n<p><\/p>\n<p><\/p>\n<p>Mejores pr\u00e1cticas de la industria Incluso m\u00e1s all\u00e1 de las estrictas regulaciones legales, seguimos las mejores pr\u00e1cticas de privacidad y seguridad ampliamente aceptadas establecidas por asociaciones de tecnolog\u00eda educativa como ISTE (Sociedad Internacional de Tecnolog\u00eda en Educaci\u00f3n) y CoSN (Consorcio para redes escolares).<\/p>\n<p><\/p>\n<p><\/p>\n<p>Estamos comprometidos a ganarnos y mantener su confianza siendo administradores de datos responsables. Nuestros procesos de cumplimiento se auditan peri\u00f3dicamente y nos adaptamos r\u00e1pidamente a cualquier requisito regulatorio emergente que pueda aplicarse a nosotros.<\/p>\n<p><\/p>\t\t\t\t\t\t\t\t<\/div>\n\t\t\t\t<\/div>\n\t\t\t\t<div class=\"elementor-element elementor-element-f608304 elementor-widget__width-initial elementor-widget elementor-widget-text-editor\" data-id=\"f608304\" data-element_type=\"widget\" data-e-type=\"widget\" data-widget_type=\"text-editor.default\">\n\t\t\t\t<div class=\"elementor-widget-container\">\n\t\t\t\t\t\t\t\t\t<h2>Para alentar a nuestros estudiantes a progresar a trav\u00e9s de los cursos de Nomad Academy, \u00a1ofrecemos algunos incentivos! Por cada curso completado dentro de un n\u00famero espec\u00edfico de d\u00edas, le daremos un obsequio que lo ayudar\u00e1 en sus esfuerzos en el ministerio de medios.<\/h2><h2><img fetchpriority=\"high\" decoding=\"async\" class=\"alignright wp-image-6738 size-medium\" src=\"https:\/\/nomadacademy.org\/wp-content\/uploads\/2023\/11\/NA_2-300x300.png\" alt=\"\" width=\"300\" height=\"300\" \/><\/h2><h2>\u00a0<\/h2><h2>\u00a0<\/h2><h2>Si completa el Curso 1 en 30 d\u00edas, podr\u00e1 elegir entre aplicaciones de producci\u00f3n para tel\u00e9fonos inteligentes.<\/h2><h2><img decoding=\"async\" class=\"alignleft wp-image-6739 size-medium\" src=\"https:\/\/nomadacademy.org\/wp-content\/uploads\/2023\/11\/NA_3-300x300.png\" alt=\"\" width=\"300\" height=\"300\" \/><\/h2><h2>\u00a0<\/h2><h2>\u00a0<\/h2><h2>Si completa el Curso 2 en 20 d\u00edas, nos aseguraremos de que tenga la herramienta de edici\u00f3n de video que necesita, ya sea una aplicaci\u00f3n para tel\u00e9fono inteligente o un software para computadora.<\/h2><p><img decoding=\"async\" class=\"wp-image-6740 size-medium alignright\" src=\"https:\/\/nomadacademy.org\/wp-content\/uploads\/2023\/11\/NA_4-300x300.png\" alt=\"\" width=\"300\" height=\"300\" \/><\/p><h2>\u00a0<\/h2><h2>Si completas el Curso 3 en 30 d\u00edas, te regalaremos una suscripci\u00f3n digital de un a\u00f1o a <a href=\"https:\/\/www.videomaker.com\/magazine\/\">Revista Videomaker<\/a>. Recibir\u00e1 seis n\u00fameros de la revista en su direcci\u00f3n de correo electr\u00f3nico registrada.<\/h2><div>\u00a0<\/div><div><img loading=\"lazy\" decoding=\"async\" class=\"wp-image-6741 size-medium alignleft\" src=\"https:\/\/nomadacademy.org\/wp-content\/uploads\/2023\/11\/NA_5-300x300.png\" alt=\"\" width=\"300\" height=\"300\" \/><\/div><h2>\u00a0<\/h2><h2>\u00a0<\/h2><h2>Si completa el Curso 4 en 30 d\u00edas, le ofreceremos una subvenci\u00f3n de USD $200 por un proyecto aprobado.<\/h2><div>\u00a0<\/div><div>\u00a0<\/div>\t\t\t\t\t\t\t\t<\/div>\n\t\t\t\t<\/div>\n\t\t\t\t\t<\/div>\n\t\t<\/div>\n\t\t\t\t\t<\/div>\n\t\t<\/section>\n\t\t\t\t<\/div>","protected":false},"excerpt":{"rendered":"<p>Qui\u00e9nes somos La direcci\u00f3n de nuestro sitio web es: https:\/\/nomadacademy.org. Qu\u00e9 datos personales recopilamos y por qu\u00e9 los recopilamos Dependiendo de los Servicios que utilice, nosotros...<\/p>","protected":false},"author":1,"featured_media":0,"parent":0,"menu_order":0,"comment_status":"closed","ping_status":"open","template":"","meta":{"_uf_show_specific_survey":0,"_uf_disable_surveys":false,"footnotes":""},"class_list":["post-3","page","type-page","status-publish","hentry"],"app_access":{"can_access":true,"restrict_message":null},"_links":{"self":[{"href":"https:\/\/nomadacademy.org\/es\/wp-json\/wp\/v2\/pages\/3","targetHints":{"allow":["GET"]}}],"collection":[{"href":"https:\/\/nomadacademy.org\/es\/wp-json\/wp\/v2\/pages"}],"about":[{"href":"https:\/\/nomadacademy.org\/es\/wp-json\/wp\/v2\/types\/page"}],"author":[{"embeddable":true,"href":"https:\/\/nomadacademy.org\/es\/wp-json\/wp\/v2\/users\/1"}],"replies":[{"embeddable":true,"href":"https:\/\/nomadacademy.org\/es\/wp-json\/wp\/v2\/comments?post=3"}],"version-history":[{"count":4,"href":"https:\/\/nomadacademy.org\/es\/wp-json\/wp\/v2\/pages\/3\/revisions"}],"predecessor-version":[{"id":11199,"href":"https:\/\/nomadacademy.org\/es\/wp-json\/wp\/v2\/pages\/3\/revisions\/11199"}],"wp:attachment":[{"href":"https:\/\/nomadacademy.org\/es\/wp-json\/wp\/v2\/media?parent=3"}],"curies":[{"name":"wp","href":"https:\/\/api.w.org\/{rel}","templated":true}]}}