{"id":20139,"date":"2026-02-10T13:33:33","date_gmt":"2026-02-10T13:33:33","guid":{"rendered":"https:\/\/nomadacademy.org\/?page_id=20139"},"modified":"2026-02-17T14:19:19","modified_gmt":"2026-02-17T14:19:19","slug":"whats-next-after-nomad-academy","status":"publish","type":"page","link":"https:\/\/nomadacademy.org\/es\/whats-next-after-nomad-academy\/","title":{"rendered":"\u00bfQu\u00e9 sigue despu\u00e9s de Nomad Academy?"},"content":{"rendered":"<div data-elementor-type=\"wp-page\" data-elementor-id=\"20139\" class=\"elementor elementor-20139\" data-elementor-post-type=\"page\">\n\t\t\t\t<div class=\"elementor-element elementor-element-2017851 e-flex e-con-boxed e-con e-parent\" data-id=\"2017851\" data-element_type=\"container\" data-e-type=\"container\">\n\t\t\t\t\t<div class=\"e-con-inner\">\n\t\t\t\t<div class=\"elementor-element elementor-element-d011aa8 elementor-widget elementor-widget-heading\" data-id=\"d011aa8\" data-element_type=\"widget\" data-e-type=\"widget\" data-widget_type=\"heading.default\">\n\t\t\t\t<div class=\"elementor-widget-container\">\n\t\t\t\t\t<h2 class=\"elementor-heading-title elementor-size-default\">\u00a1Bien hecho! Has completado la Academia N\u00f3mada.<\/h2>\t\t\t\t<\/div>\n\t\t\t\t<\/div>\n\t\t\t\t\t<\/div>\n\t\t\t\t<\/div>\n\t\t<div class=\"elementor-element elementor-element-930603d e-flex e-con-boxed e-con e-parent\" data-id=\"930603d\" data-element_type=\"container\" data-e-type=\"container\">\n\t\t\t\t\t<div class=\"e-con-inner\">\n\t\t\t\t<div class=\"elementor-element elementor-element-e9904e7 elementor-widget elementor-widget-text-editor\" data-id=\"e9904e7\" data-element_type=\"widget\" data-e-type=\"widget\" data-widget_type=\"text-editor.default\">\n\t\t\t\t<div class=\"elementor-widget-container\">\n\t\t\t\t\t\t\t\t\t<p class=\"p1\"><span class=\"s1\">Has completado los cuatro cursos. Ahora est\u00e1s capacitado para usar los medios de comunicaci\u00f3n para compartir el evangelio. Para continuar, aseg\u00farate de hacer lo siguiente.<\/span><\/p>\t\t\t\t\t\t\t\t<\/div>\n\t\t\t\t<\/div>\n\t\t\t\t\t<\/div>\n\t\t\t\t<\/div>\n\t\t<div class=\"elementor-element elementor-element-eb08924 e-flex e-con-boxed e-con e-parent\" data-id=\"eb08924\" data-element_type=\"container\" data-e-type=\"container\">\n\t\t\t\t\t<div class=\"e-con-inner\">\n\t\t\t\t<div class=\"elementor-element elementor-element-05abd22 elementor-widget elementor-widget-text-editor\" data-id=\"05abd22\" data-element_type=\"widget\" data-e-type=\"widget\" data-widget_type=\"text-editor.default\">\n\t\t\t\t<div class=\"elementor-widget-container\">\n\t\t\t\t\t\t\t\t\t<p>1. Rellene el <a href=\"https:\/\/nomadacademy.org\/es\/lessons\/exitsurvey\/\">Formulario de encuesta de salida<\/a>. O bien, puedes volver al \u00faltimo tema que hayas completado en el curso 4, marcarlo como finalizado y te llevar\u00e1 a una p\u00e1gina donde rellenar\u00e1s el formulario de la encuesta de salida y conocer\u00e1s a tu tutor.<\/p>\t\t\t\t\t\t\t\t<\/div>\n\t\t\t\t<\/div>\n\t\t\t\t\t<\/div>\n\t\t\t\t<\/div>\n\t\t<div class=\"elementor-element elementor-element-0837b92 e-flex e-con-boxed e-con e-parent\" data-id=\"0837b92\" data-element_type=\"container\" data-e-type=\"container\">\n\t\t\t\t\t<div class=\"e-con-inner\">\n\t\t\t\t<div class=\"elementor-element elementor-element-9b4d3c2 elementor-widget elementor-widget-text-editor\" data-id=\"9b4d3c2\" data-element_type=\"widget\" data-e-type=\"widget\" data-widget_type=\"text-editor.default\">\n\t\t\t\t<div class=\"elementor-widget-container\">\n\t\t\t\t\t\t\t\t\t<p>2. Descarga el certificado y gu\u00e1rdalo en un lugar seguro. Incluso puedes imprimirlo y enmarcarlo si quieres.<\/p>\t\t\t\t\t\t\t\t<\/div>\n\t\t\t\t<\/div>\n\t\t\t\t\t<\/div>\n\t\t\t\t<\/div>\n\t\t<div class=\"elementor-element elementor-element-138e7d6 e-flex e-con-boxed e-con e-parent\" data-id=\"138e7d6\" data-element_type=\"container\" data-e-type=\"container\">\n\t\t\t\t\t<div class=\"e-con-inner\">\n\t\t\t\t<div class=\"elementor-element elementor-element-a834a48 elementor-widget elementor-widget-text-editor\" data-id=\"a834a48\" data-element_type=\"widget\" data-e-type=\"widget\" data-widget_type=\"text-editor.default\">\n\t\t\t\t<div class=\"elementor-widget-container\">\n\t\t\t\t\t\t\t\t\t<p>3. Env\u00eda tu primera propuesta de proyecto a trav\u00e9s de este <a href=\"https:\/\/docs.google.com\/forms\/d\/e\/1FAIpQLSf__WmpRc0HLODj6vSx51G7DR-gaOGhkxBhSYUJ-u_2AhZ1gw\/viewform?usp=dialog\">Enlace<\/a>.<\/p>\t\t\t\t\t\t\t\t<\/div>\n\t\t\t\t<\/div>\n\t\t\t\t\t<\/div>\n\t\t\t\t<\/div>\n\t\t<div class=\"elementor-element elementor-element-bc9e260 e-flex e-con-boxed e-con e-parent\" data-id=\"bc9e260\" data-element_type=\"container\" data-e-type=\"container\">\n\t\t\t\t\t<div class=\"e-con-inner\">\n\t\t\t\t<div class=\"elementor-element elementor-element-211cfc0 elementor-widget elementor-widget-text-editor\" data-id=\"211cfc0\" data-element_type=\"widget\" data-e-type=\"widget\" data-widget_type=\"text-editor.default\">\n\t\t\t\t<div class=\"elementor-widget-container\">\n\t\t\t\t\t\t\t\t\t<p>4. Una vez que hayas terminado tu proyecto, COMP\u00c1RTELO en l\u00ednea y luego env\u00eda el enlace de tu proyecto en este <a href=\"https:\/\/docs.google.com\/forms\/d\/e\/1FAIpQLSeAB2syWsKJSGW8Ty7JomUe3rNEMIQCNLQzjYTBhiXbdQkhjQ\/viewform\">formulario<\/a>.<\/p>\t\t\t\t\t\t\t\t<\/div>\n\t\t\t\t<\/div>\n\t\t\t\t\t<\/div>\n\t\t\t\t<\/div>\n\t\t<div class=\"elementor-element elementor-element-6839592 e-flex e-con-boxed e-con e-parent\" data-id=\"6839592\" data-element_type=\"container\" data-e-type=\"container\">\n\t\t\t\t\t<div class=\"e-con-inner\">\n\t\t\t\t<div class=\"elementor-element elementor-element-3959ce3 elementor-widget elementor-widget-text-editor\" data-id=\"3959ce3\" data-element_type=\"widget\" data-e-type=\"widget\" data-widget_type=\"text-editor.default\">\n\t\t\t\t<div class=\"elementor-widget-container\">\n\t\t\t\t\t\t\t\t\t<p>Para interactuar m\u00e1s con Nomad Academy, comun\u00edquese con su entrenador.<\/p>\t\t\t\t\t\t\t\t<\/div>\n\t\t\t\t<\/div>\n\t\t\t\t\t<\/div>\n\t\t\t\t<\/div>\n\t\t\t\t<\/div>","protected":false},"excerpt":{"rendered":"<p>\u00a1Bien hecho! Has completado la Academia N\u00f3mada. Has completado los cuatro cursos. Ahora cuentas con las habilidades necesarias para usar los medios de comunicaci\u00f3n para compartir el evangelio.<\/p>","protected":false},"author":20,"featured_media":0,"parent":0,"menu_order":0,"comment_status":"closed","ping_status":"closed","template":"","meta":{"_uf_show_specific_survey":0,"_uf_disable_surveys":false,"footnotes":""},"class_list":["post-20139","page","type-page","status-publish","hentry"],"bb_access":{"can_access":true,"restrict_message":null},"_links":{"self":[{"href":"https:\/\/nomadacademy.org\/es\/wp-json\/wp\/v2\/pages\/20139","targetHints":{"allow":["GET"]}}],"collection":[{"href":"https:\/\/nomadacademy.org\/es\/wp-json\/wp\/v2\/pages"}],"about":[{"href":"https:\/\/nomadacademy.org\/es\/wp-json\/wp\/v2\/types\/page"}],"author":[{"embeddable":true,"href":"https:\/\/nomadacademy.org\/es\/wp-json\/wp\/v2\/users\/20"}],"replies":[{"embeddable":true,"href":"https:\/\/nomadacademy.org\/es\/wp-json\/wp\/v2\/comments?post=20139"}],"version-history":[{"count":25,"href":"https:\/\/nomadacademy.org\/es\/wp-json\/wp\/v2\/pages\/20139\/revisions"}],"predecessor-version":[{"id":20385,"href":"https:\/\/nomadacademy.org\/es\/wp-json\/wp\/v2\/pages\/20139\/revisions\/20385"}],"wp:attachment":[{"href":"https:\/\/nomadacademy.org\/es\/wp-json\/wp\/v2\/media?parent=20139"}],"curies":[{"name":"wp","href":"https:\/\/api.w.org\/{rel}","templated":true}]}}