{"id":14704,"date":"2025-01-26T19:23:11","date_gmt":"2025-01-26T19:23:11","guid":{"rendered":"https:\/\/nomadacademy.org\/?page_id=14704"},"modified":"2025-01-26T19:27:54","modified_gmt":"2025-01-26T19:27:54","slug":"suspended-notice","status":"publish","type":"page","link":"https:\/\/nomadacademy.org\/es\/suspended-notice\/","title":{"rendered":"Aviso de suspensi\u00f3n"},"content":{"rendered":"<div class=\"wp-block-image\">\n<figure class=\"aligncenter size-full\"><img fetchpriority=\"high\" decoding=\"async\" width=\"702\" height=\"111\" src=\"https:\/\/nomadacademy.org\/wp-content\/uploads\/2024\/12\/Email-header-3-Email-Header-702_110.png\" alt=\"\" class=\"wp-image-14154\" srcset=\"https:\/\/nomadacademy.org\/wp-content\/uploads\/2024\/12\/Email-header-3-Email-Header-702_110.png 702w, https:\/\/nomadacademy.org\/wp-content\/uploads\/2024\/12\/Email-header-3-Email-Header-702_110-300x47.png 300w, https:\/\/nomadacademy.org\/wp-content\/uploads\/2024\/12\/Email-header-3-Email-Header-702_110-18x3.png 18w, https:\/\/nomadacademy.org\/wp-content\/uploads\/2024\/12\/Email-header-3-Email-Header-702_110-624x99.png 624w\" sizes=\"(max-width: 702px) 100vw, 702px\" \/><\/figure>\n<\/div>\n\n\n<p class=\"has-text-align-center\"><\/p>\n\n\n\n<p class=\"has-text-align-center\">Esto es para informarte de que tu cuenta ha sido suspendida ya que no te has conectado desde hace m\u00e1s de seis meses. Lamentamos tu marcha. Si vuelves a estar interesado en Nomad Academy, ojal\u00e1 en un futuro pr\u00f3ximo, no dudes en ponerte en contacto con nosotros a trav\u00e9s de admin@nomadacademy.org. Esperamos volver a verte pronto.<\/p>\n\n\n\n<p class=\"has-text-align-center\">El equipo de Nomad Academy<\/p>\n\n\n\n<p><\/p>","protected":false},"excerpt":{"rendered":"<p>Esto es para informarle de que su cuenta ha sido suspendida ya que no se ha conectado durante m\u00e1s de seis meses. Lamentamos ver...<\/p>","protected":false},"author":20,"featured_media":0,"parent":0,"menu_order":0,"comment_status":"closed","ping_status":"closed","template":"","meta":{"_uf_show_specific_survey":0,"_uf_disable_surveys":false,"footnotes":""},"class_list":["post-14704","page","type-page","status-publish","hentry"],"bb_access":{"can_access":true,"restrict_message":null},"_links":{"self":[{"href":"https:\/\/nomadacademy.org\/es\/wp-json\/wp\/v2\/pages\/14704","targetHints":{"allow":["GET"]}}],"collection":[{"href":"https:\/\/nomadacademy.org\/es\/wp-json\/wp\/v2\/pages"}],"about":[{"href":"https:\/\/nomadacademy.org\/es\/wp-json\/wp\/v2\/types\/page"}],"author":[{"embeddable":true,"href":"https:\/\/nomadacademy.org\/es\/wp-json\/wp\/v2\/users\/20"}],"replies":[{"embeddable":true,"href":"https:\/\/nomadacademy.org\/es\/wp-json\/wp\/v2\/comments?post=14704"}],"version-history":[{"count":4,"href":"https:\/\/nomadacademy.org\/es\/wp-json\/wp\/v2\/pages\/14704\/revisions"}],"predecessor-version":[{"id":14709,"href":"https:\/\/nomadacademy.org\/es\/wp-json\/wp\/v2\/pages\/14704\/revisions\/14709"}],"wp:attachment":[{"href":"https:\/\/nomadacademy.org\/es\/wp-json\/wp\/v2\/media?parent=14704"}],"curies":[{"name":"wp","href":"https:\/\/api.w.org\/{rel}","templated":true}]}}