{"id":14355,"date":"2025-01-08T21:30:55","date_gmt":"2025-01-08T21:30:55","guid":{"rendered":"https:\/\/nomadacademy.org\/?page_id=14355"},"modified":"2025-01-08T22:19:35","modified_gmt":"2025-01-08T22:19:35","slug":"is-this-course-for-you","status":"publish","type":"page","link":"https:\/\/nomadacademy.org\/es\/is-this-course-for-you\/","title":{"rendered":"\u00bfEs este curso para usted?"},"content":{"rendered":"<div data-elementor-type=\"wp-page\" data-elementor-id=\"14355\" class=\"elementor elementor-14355\" data-elementor-post-type=\"page\">\n\t\t\t\t\t\t<section class=\"elementor-section elementor-top-section elementor-element elementor-element-4dac6190 elementor-section-boxed elementor-section-height-default elementor-section-height-default\" data-id=\"4dac6190\" data-element_type=\"section\" data-e-type=\"section\">\n\t\t\t\t\t\t<div class=\"elementor-container elementor-column-gap-default\">\n\t\t\t\t\t<div class=\"elementor-column elementor-col-100 elementor-top-column elementor-element elementor-element-14107cda\" data-id=\"14107cda\" data-element_type=\"column\" data-e-type=\"column\">\n\t\t\t<div class=\"elementor-widget-wrap elementor-element-populated\">\n\t\t\t\t\t\t<div class=\"elementor-element elementor-element-52438895 elementor-widget elementor-widget-text-editor\" data-id=\"52438895\" data-element_type=\"widget\" data-e-type=\"widget\" data-widget_type=\"text-editor.default\">\n\t\t\t\t<div class=\"elementor-widget-container\">\n\t\t\t\t\t\t\t\t\t<p>Si te encanta hacer videos y verlos volverse virales en las redes sociales, queremos tu atenci\u00f3n. Si usted tambi\u00e9n tiene un coraz\u00f3n por los perdidos y quiere hacer algo importante para marcar la diferencia, esperamos que siga leyendo.<\/p>\n<p>Good News Productions, International ha estado utilizando los medios de comunicaci\u00f3n para la evangelizaci\u00f3n durante casi cinco d\u00e9cadas, ayudando a las iglesias y ministerios a crear poderosas estrategias de alcance.\u00a0<\/p>\n<p>El uso de los medios tiene una demanda tan alta en estos d\u00edas que decidimos ayudar a otros a aprender y dominar un proceso efectivo para hacer disc\u00edpulos digitales.\u00a0<\/p>\n<p>Nomad Academy es nuestra manera de compartir ese proceso. Nuestra esperanza es equipar a cientos de misioneros digitales que puedan aprender, crear y compartir la historia de Cristo en todo el mundo.<\/p>\n<h2><strong>El concepto Nomad:<\/strong><\/h2>\n<p>El plan de estudios Nomad se ha utilizado durante m\u00e1s de una d\u00e9cada como una forma de ense\u00f1ar sobre el uso de los medios como herramienta para hacer disc\u00edpulos. El acr\u00f3nimo de Nomad explica nuestra misi\u00f3n:<\/p>\n<p style=\"padding-left: 40px;\"><strong>norte<\/strong>acional<br><strong>O<\/strong>utreach usando<br><strong>METRO<\/strong>edia<br><strong>A<\/strong>Dakota del Norte<br><strong>D<\/strong>discipulado<\/p>\n<h2><strong>\u00bfQu\u00e9 es Nomad Academy?<\/strong><\/h2>\n<p>Nomad Academy es un programa de formaci\u00f3n en l\u00ednea centrado en estrategias de divulgaci\u00f3n de los &quot;nuevos medios&quot;. Los cursos se basan en cuatro objetivos principales impulsados por el ministerio y orientados a resultados.<\/p>\n<p style=\"padding-left: 40px;\"><strong>I. Desarrollar estrategias:<\/strong> Explique los componentes clave de un programa de alcance eficaz que guiar\u00e1 la creaci\u00f3n de contenido de medios utilizado para atraer e involucrar a los posibles disc\u00edpulos.<\/p>\n<p style=\"padding-left: 40px;\"><strong>II. Crear contenido:<\/strong> Presente y explique la importancia de la narraci\u00f3n como herramienta principal para un contenido eficaz.<\/p>\n<p style=\"padding-left: 40px;\"><strong>III. Explorar la tecnolog\u00eda:<\/strong>\u00a0 Presentar y demostrar las habilidades t\u00e9cnicas b\u00e1sicas necesarias para la producci\u00f3n de proyectos de medios simples.<\/p>\n<p style=\"padding-left: 40px;\"><strong>IV. Distribuir en l\u00ednea:<\/strong> Discuta el uso de las redes sociales como un mercado digital para el ministerio y c\u00f3mo empaquetar su mensaje para su audiencia objetivo.<\/p>\n<h2><strong>Sobre los cursos<\/strong><\/h2>\n<p style=\"padding-left: 40px;\"><strong>Secuencia de cuatro cursos:<\/strong>\u00a0 Cada curso est\u00e1 escrito para ser independiente, sin embargo, cuando se toman en secuencia, los estudiantes aprender\u00e1n e implementar\u00e1n las mejores pr\u00e1cticas estrat\u00e9gicas para un nuevo proceso de medios para el ministerio.<\/p>\n<p style=\"padding-left: 40px;\"><strong>Trabajo de curso pr\u00e1ctico:<\/strong>\u00a0 Las tareas proporcionar\u00e1n experiencia pr\u00e1ctica con ejercicios de tareas espec\u00edficas vinculados al contexto ministerial y la regi\u00f3n del estudiante.<\/p>\n<p style=\"padding-left: 40px;\"><strong>Accesible para estudiantes internacionales<\/strong>: Todos los cursos tienen contenido compatible con ESL, con el objetivo de tener varios idiomas en el futuro.<\/p>\n<p style=\"padding-left: 40px;\"><strong>Mentores y entrenadores:<\/strong>\u00a0 El progreso de los estudiantes ser\u00e1 supervisado por mentores y entrenadores de confianza que pueden proporcionar valiosos comentarios en un plazo de dos d\u00edas laborables y asesoramiento para los proyectos del curso. No se permite a los estudiantes utilizar ninguna forma de inteligencia artificial para responder directamente a las preguntas, a menos que la inteligencia artificial se utilice con fines de investigaci\u00f3n y otras formas constructivas similares. Los detectores de inteligencia artificial se utilizar\u00e1n a discreci\u00f3n de los tutores, que podr\u00e1n optar por descalificar las respuestas y el estudiante tendr\u00e1 que rehacer la tarea.\u00a0<\/p>\n<h2><strong>Enfoque del ministerio<\/strong><\/h2>\n<p>Nomad Academy es un conjunto de cursos pr\u00e1cticos que le ayudar\u00e1n a crear resultados efectivos para sus esfuerzos de alcance ministerial.  Las tareas pr\u00e1cticas involucradas en las lecciones y temas le ayudar\u00e1n a desarrollar un proyecto real donde los conceptos se ponen a trabajar.  Los mentores y entrenadores le ayudar\u00e1n a lo largo del camino, dando consejos y aliento basado en su experiencia en su \u00e1rea. Nomad Academy crea un entorno para crecer juntos espiritual y h\u00e1bilmente, y no se permitir\u00e1 ninguna forma de acoso o intimidaci\u00f3n.\u00a0<\/p>\n<h2><strong>Pr\u00f3ximos pasos<\/strong><\/h2>\n<p>Si este programa de capacitaci\u00f3n tiene su inter\u00e9s y desea inscribirse en los cursos en l\u00ednea, el siguiente paso es completar el <strong>Aplicaciones en linea<\/strong> que sigue a esta Introducci\u00f3n.  Una vez aprobado, puede empezar a trabajar en\u00a0<a href=\"https:\/\/nomadacademy.org\/es\/courses\/i-media-strategy\/\" target=\"_blank\">Curso I - Estrategia<\/a>.<\/p>\t\t\t\t\t\t\t\t<\/div>\n\t\t\t\t<\/div>\n\t\t\t\t<div class=\"elementor-element elementor-element-31236e0c elementor-align-center elementor-widget elementor-widget-button\" data-id=\"31236e0c\" data-element_type=\"widget\" data-e-type=\"widget\" data-widget_type=\"button.default\">\n\t\t\t\t<div class=\"elementor-widget-container\">\n\t\t\t\t\t\t\t\t\t<div class=\"elementor-button-wrapper\">\n\t\t\t\t\t<a class=\"elementor-button elementor-button-link elementor-size-sm\" href=\"https:\/\/nomadacademy.org\/es\/online-application\/\">\n\t\t\t\t\t\t<span class=\"elementor-button-content-wrapper\">\n\t\t\t\t\t\t<span class=\"elementor-button-icon\">\n\t\t\t\t<i aria-hidden=\"true\" class=\"fas fa-arrow-right\"><\/i>\t\t\t<\/span>\n\t\t\t\t\t\t\t\t\t<span class=\"elementor-button-text\">Continuar<\/span>\n\t\t\t\t\t<\/span>\n\t\t\t\t\t<\/a>\n\t\t\t\t<\/div>\n\t\t\t\t\t\t\t\t<\/div>\n\t\t\t\t<\/div>\n\t\t\t\t<div class=\"elementor-element elementor-element-1cc4143e elementor-widget elementor-widget-spacer\" data-id=\"1cc4143e\" data-element_type=\"widget\" data-e-type=\"widget\" data-widget_type=\"spacer.default\">\n\t\t\t\t<div class=\"elementor-widget-container\">\n\t\t\t\t\t\t\t<div class=\"elementor-spacer\">\n\t\t\t<div class=\"elementor-spacer-inner\"><\/div>\n\t\t<\/div>\n\t\t\t\t\t\t<\/div>\n\t\t\t\t<\/div>\n\t\t\t\t\t<\/div>\n\t\t<\/div>\n\t\t\t\t\t<\/div>\n\t\t<\/section>\n\t\t\t\t<section class=\"elementor-section elementor-top-section elementor-element elementor-element-9799c1c elementor-section-boxed elementor-section-height-default elementor-section-height-default\" data-id=\"9799c1c\" data-element_type=\"section\" data-e-type=\"section\" data-settings=\"{\"background_background\":\"classic\"}\">\n\t\t\t\t\t\t<div class=\"elementor-container elementor-column-gap-default\">\n\t\t\t\t\t<div class=\"elementor-column elementor-col-100 elementor-top-column elementor-element elementor-element-1399f0f4\" data-id=\"1399f0f4\" data-element_type=\"column\" data-e-type=\"column\">\n\t\t\t<div class=\"elementor-widget-wrap elementor-element-populated\">\n\t\t\t\t\t\t<div class=\"elementor-element elementor-element-73f6de68 elementor-position-top elementor-widget elementor-widget-image-box\" data-id=\"73f6de68\" data-element_type=\"widget\" data-e-type=\"widget\" data-widget_type=\"image-box.default\">\n\t\t\t\t<div class=\"elementor-widget-container\">\n\t\t\t\t\t<div class=\"elementor-image-box-wrapper\"><figure class=\"elementor-image-box-img\"><img decoding=\"async\" src=\"https:\/\/nomadacademy.org\/wp-content\/uploads\/2020\/12\/2021-10-04-150x150.png\" title=\"2021-10-04\" alt=\"2021-10-04\" loading=\"lazy\" \/><\/figure><div class=\"elementor-image-box-content\"><h3 class=\"elementor-image-box-title\">\u00bfQui\u00e9n es GNPI?<\/h3><p class=\"elementor-image-box-description\">Good News Productions, International se fund\u00f3 en 1975 como una forma de ayudar a las iglesias y organizaciones misioneras de todo el mundo a producir materiales medi\u00e1ticos culturalmente relevantes para el ministerio. Hoy, GNPI ha crecido hasta incluir 25 equipos. Hemos producido medios visuales y de audio en m\u00e1s de 100 idiomas y hemos compartido el evangelio con millones de personas en todo el mundo. Con el crecimiento de la tecnolog\u00eda de Internet y las redes sociales, tambi\u00e9n estamos desarrollando plataformas y estrategias para interactuar con diferentes culturas y visiones del mundo en l\u00ednea. Para obtener m\u00e1s informaci\u00f3n, consulte nuestro sitio web: gnpi.org<\/p><\/div><\/div>\t\t\t\t<\/div>\n\t\t\t\t<\/div>\n\t\t\t\t\t<\/div>\n\t\t<\/div>\n\t\t\t\t\t<\/div>\n\t\t<\/section>\n\t\t\t\t<\/div>","protected":false},"excerpt":{"rendered":"<p>Si te gusta hacer v\u00eddeos y ver c\u00f3mo se hacen virales en las redes sociales, queremos que nos prestes atenci\u00f3n.  Si adem\u00e1s tienes coraz\u00f3n para la...<\/p>","protected":false},"author":20,"featured_media":0,"parent":0,"menu_order":0,"comment_status":"closed","ping_status":"closed","template":"","meta":{"_uf_show_specific_survey":0,"_uf_disable_surveys":false,"footnotes":""},"class_list":["post-14355","page","type-page","status-publish","hentry"],"bb_access":{"can_access":true,"restrict_message":null},"_links":{"self":[{"href":"https:\/\/nomadacademy.org\/es\/wp-json\/wp\/v2\/pages\/14355","targetHints":{"allow":["GET"]}}],"collection":[{"href":"https:\/\/nomadacademy.org\/es\/wp-json\/wp\/v2\/pages"}],"about":[{"href":"https:\/\/nomadacademy.org\/es\/wp-json\/wp\/v2\/types\/page"}],"author":[{"embeddable":true,"href":"https:\/\/nomadacademy.org\/es\/wp-json\/wp\/v2\/users\/20"}],"replies":[{"embeddable":true,"href":"https:\/\/nomadacademy.org\/es\/wp-json\/wp\/v2\/comments?post=14355"}],"version-history":[{"count":10,"href":"https:\/\/nomadacademy.org\/es\/wp-json\/wp\/v2\/pages\/14355\/revisions"}],"predecessor-version":[{"id":14373,"href":"https:\/\/nomadacademy.org\/es\/wp-json\/wp\/v2\/pages\/14355\/revisions\/14373"}],"wp:attachment":[{"href":"https:\/\/nomadacademy.org\/es\/wp-json\/wp\/v2\/media?parent=14355"}],"curies":[{"name":"wp","href":"https:\/\/api.w.org\/{rel}","templated":true}]}}