{"id":13903,"date":"2024-12-08T21:50:06","date_gmt":"2024-12-08T21:50:06","guid":{"rendered":"https:\/\/nomadacademy.org\/?page_id=13903"},"modified":"2024-12-08T21:55:01","modified_gmt":"2024-12-08T21:55:01","slug":"welcome-to-nomad-academy","status":"publish","type":"page","link":"https:\/\/nomadacademy.org\/es\/welcome-to-nomad-academy\/","title":{"rendered":"Bienvenido a Nomad Academy"},"content":{"rendered":"<div data-elementor-type=\"wp-page\" data-elementor-id=\"13903\" class=\"elementor elementor-13903\" data-elementor-post-type=\"page\">\n\t\t\t\t\t\t<section class=\"elementor-section elementor-top-section elementor-element elementor-element-c06fdae elementor-section-boxed elementor-section-height-default elementor-section-height-default\" data-id=\"c06fdae\" data-element_type=\"section\" data-e-type=\"section\">\n\t\t\t\t\t\t<div class=\"elementor-container elementor-column-gap-default\">\n\t\t\t\t\t<div class=\"elementor-column elementor-col-100 elementor-top-column elementor-element elementor-element-a687367\" data-id=\"a687367\" data-element_type=\"column\" data-e-type=\"column\">\n\t\t\t<div class=\"elementor-widget-wrap elementor-element-populated\">\n\t\t\t\t\t\t<div class=\"elementor-element elementor-element-7ae3b76 elementor-widget elementor-widget-text-editor\" data-id=\"7ae3b76\" data-element_type=\"widget\" data-e-type=\"widget\" data-widget_type=\"text-editor.default\">\n\t\t\t\t<div class=\"elementor-widget-container\">\n\t\t\t\t\t\t\t\t\t<p>Nos alegramos de que est\u00e9s interesado en matricularte en Nomad Academy. Si quieres saber m\u00e1s sobre el contenido del curso y averiguar si es adecuado para ti, las siguientes p\u00e1ginas responder\u00e1n a tus preguntas y te permitir\u00e1n solicitar la admisi\u00f3n. \u00a1Esperamos que te unas a nosotros para aprender m\u00e1s sobre el uso de los medios de comunicaci\u00f3n para hacer disc\u00edpulos!<\/p>\t\t\t\t\t\t\t\t<\/div>\n\t\t\t\t<\/div>\n\t\t\t\t\t<\/div>\n\t\t<\/div>\n\t\t\t\t\t<\/div>\n\t\t<\/section>\n\t\t\t\t<section class=\"elementor-section elementor-top-section elementor-element elementor-element-4701c91 elementor-section-boxed elementor-section-height-default elementor-section-height-default\" data-id=\"4701c91\" data-element_type=\"section\" data-e-type=\"section\">\n\t\t\t\t\t\t<div class=\"elementor-container elementor-column-gap-default\">\n\t\t\t\t\t<div class=\"elementor-column elementor-col-100 elementor-top-column elementor-element elementor-element-16021e5\" data-id=\"16021e5\" data-element_type=\"column\" data-e-type=\"column\">\n\t\t\t<div class=\"elementor-widget-wrap elementor-element-populated\">\n\t\t\t\t\t\t<div class=\"elementor-element elementor-element-bddf5f0 elementor-align-center elementor-widget elementor-widget-button\" data-id=\"bddf5f0\" data-element_type=\"widget\" data-e-type=\"widget\" data-widget_type=\"button.default\">\n\t\t\t\t<div class=\"elementor-widget-container\">\n\t\t\t\t\t\t\t\t\t<div class=\"elementor-button-wrapper\">\n\t\t\t\t\t<a class=\"elementor-button elementor-button-link elementor-size-sm\" href=\"https:\/\/nomadacademy.org\/es\/lessons\/is-this-course-for-you\/\">\n\t\t\t\t\t\t<span class=\"elementor-button-content-wrapper\">\n\t\t\t\t\t\t<span class=\"elementor-button-icon\">\n\t\t\t\t<i aria-hidden=\"true\" class=\"fas fa-arrow-right\"><\/i>\t\t\t<\/span>\n\t\t\t\t\t\t\t\t\t<span class=\"elementor-button-text\">CONTIN\u00daE<\/span>\n\t\t\t\t\t<\/span>\n\t\t\t\t\t<\/a>\n\t\t\t\t<\/div>\n\t\t\t\t\t\t\t\t<\/div>\n\t\t\t\t<\/div>\n\t\t\t\t\t<\/div>\n\t\t<\/div>\n\t\t\t\t\t<\/div>\n\t\t<\/section>\n\t\t\t\t<\/div>","protected":false},"excerpt":{"rendered":"<p>Nos alegramos de que est\u00e9s interesado en matricularte en Nomad Academy. Si quieres saber m\u00e1s sobre el contenido del curso y conocer...<\/p>","protected":false},"author":20,"featured_media":0,"parent":0,"menu_order":0,"comment_status":"closed","ping_status":"closed","template":"","meta":{"_uf_show_specific_survey":0,"_uf_disable_surveys":false,"footnotes":""},"class_list":["post-13903","page","type-page","status-publish","hentry"],"bb_access":{"can_access":true,"restrict_message":null},"_links":{"self":[{"href":"https:\/\/nomadacademy.org\/es\/wp-json\/wp\/v2\/pages\/13903","targetHints":{"allow":["GET"]}}],"collection":[{"href":"https:\/\/nomadacademy.org\/es\/wp-json\/wp\/v2\/pages"}],"about":[{"href":"https:\/\/nomadacademy.org\/es\/wp-json\/wp\/v2\/types\/page"}],"author":[{"embeddable":true,"href":"https:\/\/nomadacademy.org\/es\/wp-json\/wp\/v2\/users\/20"}],"replies":[{"embeddable":true,"href":"https:\/\/nomadacademy.org\/es\/wp-json\/wp\/v2\/comments?post=13903"}],"version-history":[{"count":4,"href":"https:\/\/nomadacademy.org\/es\/wp-json\/wp\/v2\/pages\/13903\/revisions"}],"predecessor-version":[{"id":13907,"href":"https:\/\/nomadacademy.org\/es\/wp-json\/wp\/v2\/pages\/13903\/revisions\/13907"}],"wp:attachment":[{"href":"https:\/\/nomadacademy.org\/es\/wp-json\/wp\/v2\/media?parent=13903"}],"curies":[{"name":"wp","href":"https:\/\/api.w.org\/{rel}","templated":true}]}}